{"id":22467,"date":"2022-03-14T08:43:13","date_gmt":"2022-03-14T08:43:13","guid":{"rendered":"https:\/\/gocuisivin.com\/product\/cuisivin-man-can-mini-verre-paquet-de-6\/"},"modified":"2023-01-18T16:43:27","modified_gmt":"2023-01-18T16:43:27","slug":"cuisivin-man-can-mini-verre-paquet-de-6","status":"publish","type":"product","link":"https:\/\/gocuisivin.com\/fr\/product\/cuisivin-man-can-mini-verre-paquet-de-6\/","title":{"rendered":"Cuisivin Man Can Mini Verre &#8211; Paquet de 6"},"content":{"rendered":"<p>Le Man Can Mini est con\u00e7u pour une utilisation en ext\u00e9rieur \u2013 piscine, terrasse, camping, barbecue. Id\u00e9al pour la bi\u00e8re, les cidres, les sodas et de nombreuses autres boissons, ce plastique Tritan sans BPA est incassable, va au lave-vaisselle, r\u00e9utilisable, recyclable et fabriqu\u00e9 aux \u00c9tats-Unis. La mini taille mignonne de 5 oz est parfaite pour les d\u00e9gustations.<\/p>\n","protected":false},"excerpt":{"rendered":"<p>&nbsp;<\/p>\n<ul>\n<li>Des verres incassables con\u00e7us pour \u00eatre appr\u00e9ci\u00e9s en ext\u00e9rieur !<\/li>\n<li>La taille mignonne d&#8217;une mini-bo\u00eete est parfaite pour les d\u00e9gustations<\/li>\n<li>Parfait pour d\u00e9guster de la bi\u00e8re, de l&#8217;alcool et d&#8217;autres boissons<\/li>\n<li>Plastique Tritan sans BPA<\/li>\n<li>Capacit\u00e9 : 5 oz \/ 147 ml<\/li>\n<li>Coffret cadeau de 6 couleurs<\/li>\n<\/ul>\n<p><img decoding=\"async\" src=\"https:\/\/gocuisivin.com\/gleengag\/2022\/03\/Icon-w_-Text_Made-in-USA_1.jpg\" alt=\"\" width=\"100\" height=\"100\" \/><img decoding=\"async\" src=\"https:\/\/gocuisivin.com\/gleengag\/2022\/03\/Icon-w_-Text_Tritan-Plastic_1.jpg\" alt=\"\" width=\"100\" height=\"100\" \/><img decoding=\"async\" src=\"https:\/\/gocuisivin.com\/gleengag\/2022\/03\/Icon-w_-Text_BPA-Free_1.jpg\" alt=\"\" width=\"100\" height=\"100\" \/><img loading=\"lazy\" decoding=\"async\" src=\"https:\/\/gocuisivin.com\/gleengag\/2022\/03\/Icon-w_-Text_Shatterproof_1.jpg\" alt=\"\" width=\"100\" height=\"100\" \/><img loading=\"lazy\" decoding=\"async\" src=\"https:\/\/gocuisivin.com\/gleengag\/2022\/03\/Icon-w_-Text_-Reusable-_-Recyclable_1.jpg\" alt=\"\" width=\"100\" height=\"100\" \/><img loading=\"lazy\" decoding=\"async\" src=\"https:\/\/gocuisivin.com\/gleengag\/2022\/03\/Icon-w_-Text_Dishwasher-Safe_1-scaled-e1647696229552.jpg\" alt=\"\" width=\"100\" height=\"100\" \/><\/p>\n","protected":false},"featured_media":14319,"comment_status":"open","ping_status":"closed","template":"","meta":[],"pwb-brand":[1664],"product_brand":[],"product_cat":[1577,1578],"product_tag":[1416,288,278,1408,1410],"class_list":{"0":"post-22467","1":"product","2":"type-product","3":"status-publish","4":"has-post-thumbnail","6":"pwb-brand-cuisivin-fr","7":"product_cat-exterieur","8":"product_cat-lunettes","9":"product_tag-mini-verre","10":"product_tag-plastique-tritan","11":"product_tag-un-verre","12":"product_tag-verre-peut","13":"product_tag-verres-incassables","15":"first","16":"instock","17":"taxable","18":"shipping-taxable","19":"purchasable","20":"product-type-simple"},"brands":[{"id":1664,"name":"Cuisivin","slug":"cuisivin-fr"}],"_links":{"self":[{"href":"https:\/\/gocuisivin.com\/fr\/wp-json\/wp\/v2\/product\/22467","targetHints":{"allow":["GET"]}}],"collection":[{"href":"https:\/\/gocuisivin.com\/fr\/wp-json\/wp\/v2\/product"}],"about":[{"href":"https:\/\/gocuisivin.com\/fr\/wp-json\/wp\/v2\/types\/product"}],"replies":[{"embeddable":true,"href":"https:\/\/gocuisivin.com\/fr\/wp-json\/wp\/v2\/comments?post=22467"}],"version-history":[{"count":1,"href":"https:\/\/gocuisivin.com\/fr\/wp-json\/wp\/v2\/product\/22467\/revisions"}],"predecessor-version":[{"id":24180,"href":"https:\/\/gocuisivin.com\/fr\/wp-json\/wp\/v2\/product\/22467\/revisions\/24180"}],"wp:featuredmedia":[{"embeddable":true,"href":"https:\/\/gocuisivin.com\/fr\/wp-json\/wp\/v2\/media\/14319"}],"wp:attachment":[{"href":"https:\/\/gocuisivin.com\/fr\/wp-json\/wp\/v2\/media?parent=22467"}],"wp:term":[{"taxonomy":"pwb-brand","embeddable":true,"href":"https:\/\/gocuisivin.com\/fr\/wp-json\/wp\/v2\/pwb-brand?post=22467"},{"taxonomy":"product_brand","embeddable":true,"href":"https:\/\/gocuisivin.com\/fr\/wp-json\/wp\/v2\/product_brand?post=22467"},{"taxonomy":"product_cat","embeddable":true,"href":"https:\/\/gocuisivin.com\/fr\/wp-json\/wp\/v2\/product_cat?post=22467"},{"taxonomy":"product_tag","embeddable":true,"href":"https:\/\/gocuisivin.com\/fr\/wp-json\/wp\/v2\/product_tag?post=22467"}],"curies":[{"name":"wp","href":"https:\/\/api.w.org\/{rel}","templated":true}]}}