{"id":22465,"date":"2022-03-14T08:43:13","date_gmt":"2022-03-14T08:43:13","guid":{"rendered":"https:\/\/gocuisivin.com\/product\/recharge-easy-sushi-35-cm-14\/"},"modified":"2025-11-02T21:29:14","modified_gmt":"2025-11-03T02:29:14","slug":"recharge-easy-sushi-35-cm-14","status":"publish","type":"product","link":"https:\/\/gocuisivin.com\/fr\/product\/recharge-easy-sushi-35-cm-14\/","title":{"rendered":"Recharge Easy Sushi 3,5 cm \/ 1,4&#8243;"},"content":{"rendered":"<p>Rouler des sushis n&#8217;a jamais \u00e9t\u00e9 aussi simple ! Remplissez simplement vos ingr\u00e9dients pr\u00e9f\u00e9r\u00e9s dans le rouleau, fermez le couvercle, puis tirez sur la feuille de traction sp\u00e9cialement con\u00e7ue\u2026 et le tour est jou\u00e9 ! Easy Sushi vous transforme instantan\u00e9ment en Sushi-master ! Easy Sushi cr\u00e9e des rouleaux de maki serr\u00e9s et professionnels en quelques minutes. Easy Sushi est durable, hygi\u00e9nique, s\u00fbr et facile \u00e0 utiliser ! Le rouleau de 3,5 cm est la taille standard des rouleaux californiens. Fabriqu\u00e9 en France, Easy Sushi a \u00e9t\u00e9 d\u00e9velopp\u00e9 par des chefs soucieux de faciliter la d\u00e9gustation de Sushi \u00e0 la maison. Easy Sushi est livr\u00e9 avec un rouleau et une feuille de traction r\u00e9utilisable. Le rouleau va au lave-vaisselle, feuille de traction lavable \u00e0 la main. Les feuilles de traction de remplacement sont \u00e9galement vendues s\u00e9par\u00e9ment. Easy Sushi peut \u00e9galement \u00eatre utilis\u00e9 pour rouler une vari\u00e9t\u00e9 d&#8217;autres aliments, parfait pour tout ce qui roule&#8230; fonctionne avec du papier de riz, des cr\u00eapes, des tortillas et m\u00eame des enveloppes de feuilles\u00a0!<\/p>\n","protected":false},"excerpt":{"rendered":"<p>&nbsp;<\/p>\n<ul>\n<li>Un moyen rapide et facile de faire des sushis \u00e0 la maison!<\/li>\n<li>Cr\u00e9e des rouleaux de maki serr\u00e9s et professionnels en quelques minutes<\/li>\n<li>Hygi\u00e9nique \u2013 la feuille de traction et le rouleau sont faciles \u00e0 nettoyer. La feuille de traction est r\u00e9utilisable et rempla\u00e7able.<\/li>\n<li>Easy Sushi est polyvalent &#8211; fonctionne avec du papier de riz, des cr\u00eapes, des tortillas et m\u00eame des enveloppements de feuilles\u00a0!<\/li>\n<li>Taille : 3,5 cm \/ 1,4 pouce = rouleaux de sushi de taille normale<\/li>\n<li>Comprend 1 rouleau (lavable au lave-vaisselle) et 1 feuille de traction (lavage \u00e0 la main)<\/li>\n<\/ul>\n<p><img decoding=\"async\" src=\"https:\/\/gocuisivin.com\/gleengag\/2022\/03\/Icon-w_-Text_Made-in-France_1.jpg\" alt=\"\" width=\"100\" height=\"100\" \/><img decoding=\"async\" src=\"https:\/\/gocuisivin.com\/gleengag\/2022\/03\/Icon-w_-Text_Dishwasher-Safe_1-scaled-e1647696229552.jpg\" alt=\"\" width=\"100\" height=\"100\" \/><img decoding=\"async\" src=\"https:\/\/gocuisivin.com\/gleengag\/2022\/03\/Icon-w_-Text_Hygienic_1.jpg\" alt=\"\" width=\"100\" height=\"100\" \/><\/p>\n","protected":false},"featured_media":14355,"comment_status":"open","ping_status":"closed","template":"","meta":[],"pwb-brand":[1666],"product_brand":[],"product_cat":[1567,1582],"product_tag":[504,1536,1437],"class_list":{"0":"post-22465","1":"product","2":"type-product","3":"status-publish","4":"has-post-thumbnail","6":"pwb-brand-easy-sushi-fr","7":"product_cat-cuisine","8":"product_cat-outils-et-gadgets","9":"product_tag-cuisine","10":"product_tag-outils-et-gadgets","11":"product_tag-sushis-faciles","13":"first","14":"instock","15":"taxable","16":"shipping-taxable","17":"purchasable","18":"product-type-simple"},"brands":[{"id":1666,"name":"Easy Sushi","slug":"easy-sushi-fr"}],"_links":{"self":[{"href":"https:\/\/gocuisivin.com\/fr\/wp-json\/wp\/v2\/product\/22465","targetHints":{"allow":["GET"]}}],"collection":[{"href":"https:\/\/gocuisivin.com\/fr\/wp-json\/wp\/v2\/product"}],"about":[{"href":"https:\/\/gocuisivin.com\/fr\/wp-json\/wp\/v2\/types\/product"}],"replies":[{"embeddable":true,"href":"https:\/\/gocuisivin.com\/fr\/wp-json\/wp\/v2\/comments?post=22465"}],"version-history":[{"count":1,"href":"https:\/\/gocuisivin.com\/fr\/wp-json\/wp\/v2\/product\/22465\/revisions"}],"predecessor-version":[{"id":24178,"href":"https:\/\/gocuisivin.com\/fr\/wp-json\/wp\/v2\/product\/22465\/revisions\/24178"}],"wp:featuredmedia":[{"embeddable":true,"href":"https:\/\/gocuisivin.com\/fr\/wp-json\/wp\/v2\/media\/14355"}],"wp:attachment":[{"href":"https:\/\/gocuisivin.com\/fr\/wp-json\/wp\/v2\/media?parent=22465"}],"wp:term":[{"taxonomy":"pwb-brand","embeddable":true,"href":"https:\/\/gocuisivin.com\/fr\/wp-json\/wp\/v2\/pwb-brand?post=22465"},{"taxonomy":"product_brand","embeddable":true,"href":"https:\/\/gocuisivin.com\/fr\/wp-json\/wp\/v2\/product_brand?post=22465"},{"taxonomy":"product_cat","embeddable":true,"href":"https:\/\/gocuisivin.com\/fr\/wp-json\/wp\/v2\/product_cat?post=22465"},{"taxonomy":"product_tag","embeddable":true,"href":"https:\/\/gocuisivin.com\/fr\/wp-json\/wp\/v2\/product_tag?post=22465"}],"curies":[{"name":"wp","href":"https:\/\/api.w.org\/{rel}","templated":true}]}}