{"id":22464,"date":"2022-03-14T08:43:15","date_gmt":"2022-03-14T08:43:15","guid":{"rendered":"https:\/\/gocuisivin.com\/product\/cage-a-sandwich-pour-grille-pain-dualit-classic\/"},"modified":"2023-01-18T16:28:24","modified_gmt":"2023-01-18T16:28:24","slug":"cage-a-sandwich-pour-grille-pain-dualit-classic","status":"publish","type":"product","link":"https:\/\/gocuisivin.com\/fr\/product\/cage-a-sandwich-pour-grille-pain-dualit-classic\/","title":{"rendered":"Cage \u00e0 sandwich pour grille-pain Dualit Classic"},"content":{"rendered":"<p>La cage \u00e0 sandwich Dualit est un moyen unique d&#8217;\u00e9largir les capacit\u00e9s de votre grille-pain. La cage \u00e0 sandwich Dualit en acier inoxydable est con\u00e7ue pour s&#8217;ins\u00e9rer dans les fentes surdimensionn\u00e9es du grille-pain classique &#8211; maintenant le sandwich ensemble pendant qu&#8217;il chauffe et grille. Il est accompagn\u00e9 d&#8217;un livre de cuisine inspirant plein d&#8217;id\u00e9es grill\u00e9es pour faire toutes sortes de sandwichs !<\/p>\n","protected":false},"excerpt":{"rendered":"<p>&nbsp;<\/p>\n<ul>\n<li>Prolongez l&#8217;utilisation du grille-pain Dualit Classic en r\u00e9alisant des sandwichs grill\u00e9s<\/li>\n<li>Convient aux grille-pain Dualit Classic &#8211; 2, 3 ou 4 tranches UNIQUEMENT<\/li>\n<li>Cage \u00e0 charni\u00e8re en acier inoxydable avec poign\u00e9es r\u00e9sistantes \u00e0 la chaleur<\/li>\n<li>Con\u00e7u pour serrer doucement autour du pain et de la garniture<\/li>\n<li>Livre de cuisine inspirant inclus &#8211; plein d&#8217;id\u00e9es grill\u00e9es\u00a0!<\/li>\n<\/ul>\n","protected":false},"featured_media":14429,"comment_status":"open","ping_status":"closed","template":"","meta":[],"pwb-brand":[1665],"product_brand":[],"product_cat":[1584],"product_tag":[993,992],"class_list":{"0":"post-22464","1":"product","2":"type-product","3":"status-publish","4":"has-post-thumbnail","6":"pwb-brand-dualit-fr","7":"product_cat-grille-pain","8":"product_tag-dualit-fr","9":"product_tag-grille-pain","11":"first","12":"outofstock","13":"taxable","14":"shipping-taxable","15":"purchasable","16":"product-type-simple"},"brands":[{"id":1665,"name":"Dualit","slug":"dualit-fr"}],"_links":{"self":[{"href":"https:\/\/gocuisivin.com\/fr\/wp-json\/wp\/v2\/product\/22464","targetHints":{"allow":["GET"]}}],"collection":[{"href":"https:\/\/gocuisivin.com\/fr\/wp-json\/wp\/v2\/product"}],"about":[{"href":"https:\/\/gocuisivin.com\/fr\/wp-json\/wp\/v2\/types\/product"}],"replies":[{"embeddable":true,"href":"https:\/\/gocuisivin.com\/fr\/wp-json\/wp\/v2\/comments?post=22464"}],"version-history":[{"count":1,"href":"https:\/\/gocuisivin.com\/fr\/wp-json\/wp\/v2\/product\/22464\/revisions"}],"predecessor-version":[{"id":24172,"href":"https:\/\/gocuisivin.com\/fr\/wp-json\/wp\/v2\/product\/22464\/revisions\/24172"}],"wp:featuredmedia":[{"embeddable":true,"href":"https:\/\/gocuisivin.com\/fr\/wp-json\/wp\/v2\/media\/14429"}],"wp:attachment":[{"href":"https:\/\/gocuisivin.com\/fr\/wp-json\/wp\/v2\/media?parent=22464"}],"wp:term":[{"taxonomy":"pwb-brand","embeddable":true,"href":"https:\/\/gocuisivin.com\/fr\/wp-json\/wp\/v2\/pwb-brand?post=22464"},{"taxonomy":"product_brand","embeddable":true,"href":"https:\/\/gocuisivin.com\/fr\/wp-json\/wp\/v2\/product_brand?post=22464"},{"taxonomy":"product_cat","embeddable":true,"href":"https:\/\/gocuisivin.com\/fr\/wp-json\/wp\/v2\/product_cat?post=22464"},{"taxonomy":"product_tag","embeddable":true,"href":"https:\/\/gocuisivin.com\/fr\/wp-json\/wp\/v2\/product_tag?post=22464"}],"curies":[{"name":"wp","href":"https:\/\/api.w.org\/{rel}","templated":true}]}}