{"id":22463,"date":"2022-03-14T08:43:14","date_gmt":"2022-03-14T08:43:14","guid":{"rendered":"https:\/\/gocuisivin.com\/product\/grille-pain-2-tranches-dualit-design-noir\/"},"modified":"2025-11-09T10:08:49","modified_gmt":"2025-11-09T15:08:49","slug":"grille-pain-2-tranches-dualit-design-noir","status":"publish","type":"product","link":"https:\/\/gocuisivin.com\/fr\/product\/grille-pain-2-tranches-dualit-design-noir\/","title":{"rendered":"Grille-pain 2 tranches Dualit Design &#8211; Noir"},"content":{"rendered":"<p>Le grille-pain Dualit Design a un look contemporain d&#8217;inspiration industrielle, avec des courbes nettes et lisses et offre une fonctionnalit\u00e9 intuitive et fiable. Le grille-pain est dot\u00e9 de la technologie Perfect Toast qui calcule le temps de grillage optimal pour un toast toujours dor\u00e9. Unique \u00e0 Dualit, il dispose \u00e9galement d&#8217;une fonction Peek &amp; Pop\u00ae qui vous permet de v\u00e9rifier votre pain sans interrompre le cycle de chauffe. Le grille-pain Dualit Design \u00e9l\u00e9gant et sophistiqu\u00e9 est un ajout bienvenu \u00e0 n&#8217;importe quelle cuisine.<\/p>\n","protected":false},"excerpt":{"rendered":"<p>&nbsp;<\/p>\n<ul>\n<li>Style contemporain avec des accents en acier inoxydable<\/li>\n<li>Design \u00e9l\u00e9gant avec des d\u00e9tails de lignes g\u00e9om\u00e9triques<\/li>\n<li>Technologie brevet\u00e9e Perfect Toast : utilise la temp\u00e9rature ambiante pour calculer une temp\u00e9rature de grillage constante et optimale.<\/li>\n<li>Fonction Peek &amp; Pop : permet de contr\u00f4ler votre pain sans interrompre le cycle de chauffe<\/li>\n<li>Garantie limit\u00e9e de 1 an<\/li>\n<\/ul>\n","protected":false},"featured_media":14418,"comment_status":"open","ping_status":"closed","template":"","meta":[],"pwb-brand":[1665],"product_brand":[],"product_cat":[1584],"product_tag":[993,992],"class_list":{"0":"post-22463","1":"product","2":"type-product","3":"status-publish","4":"has-post-thumbnail","6":"pwb-brand-dualit-fr","7":"product_cat-grille-pain","8":"product_tag-dualit-fr","9":"product_tag-grille-pain","11":"first","12":"outofstock","13":"taxable","14":"shipping-taxable","15":"purchasable","16":"product-type-simple"},"brands":[{"id":1665,"name":"Dualit","slug":"dualit-fr"}],"_links":{"self":[{"href":"https:\/\/gocuisivin.com\/fr\/wp-json\/wp\/v2\/product\/22463","targetHints":{"allow":["GET"]}}],"collection":[{"href":"https:\/\/gocuisivin.com\/fr\/wp-json\/wp\/v2\/product"}],"about":[{"href":"https:\/\/gocuisivin.com\/fr\/wp-json\/wp\/v2\/types\/product"}],"replies":[{"embeddable":true,"href":"https:\/\/gocuisivin.com\/fr\/wp-json\/wp\/v2\/comments?post=22463"}],"version-history":[{"count":1,"href":"https:\/\/gocuisivin.com\/fr\/wp-json\/wp\/v2\/product\/22463\/revisions"}],"predecessor-version":[{"id":24177,"href":"https:\/\/gocuisivin.com\/fr\/wp-json\/wp\/v2\/product\/22463\/revisions\/24177"}],"wp:featuredmedia":[{"embeddable":true,"href":"https:\/\/gocuisivin.com\/fr\/wp-json\/wp\/v2\/media\/14418"}],"wp:attachment":[{"href":"https:\/\/gocuisivin.com\/fr\/wp-json\/wp\/v2\/media?parent=22463"}],"wp:term":[{"taxonomy":"pwb-brand","embeddable":true,"href":"https:\/\/gocuisivin.com\/fr\/wp-json\/wp\/v2\/pwb-brand?post=22463"},{"taxonomy":"product_brand","embeddable":true,"href":"https:\/\/gocuisivin.com\/fr\/wp-json\/wp\/v2\/product_brand?post=22463"},{"taxonomy":"product_cat","embeddable":true,"href":"https:\/\/gocuisivin.com\/fr\/wp-json\/wp\/v2\/product_cat?post=22463"},{"taxonomy":"product_tag","embeddable":true,"href":"https:\/\/gocuisivin.com\/fr\/wp-json\/wp\/v2\/product_tag?post=22463"}],"curies":[{"name":"wp","href":"https:\/\/api.w.org\/{rel}","templated":true}]}}