{"id":22462,"date":"2022-03-14T10:12:28","date_gmt":"2022-03-14T10:12:28","guid":{"rendered":"https:\/\/gocuisivin.com\/product\/verre-a-rhum-cuisivin-paquet-de-2\/"},"modified":"2023-01-18T16:17:51","modified_gmt":"2023-01-18T16:17:51","slug":"verre-a-rhum-cuisivin-paquet-de-2","status":"publish","type":"product","link":"https:\/\/gocuisivin.com\/fr\/product\/verre-a-rhum-cuisivin-paquet-de-2\/","title":{"rendered":"Verre \u00e0 Rhum Cuisivin &#8211; Paquet de 2"},"content":{"rendered":"<p>Sp\u00e9cialement con\u00e7u avec un l\u00e9ger rebord en forme de tulipe et une base large pour rehausser la couleur, la saveur et les ar\u00f4mes. D\u00e9gustez votre rhum pr\u00e9f\u00e9r\u00e9 sur de la glace, pur ou m\u00e9lang\u00e9 \u00e0 un cocktail au rhum. Une base robuste le rend confortable \u00e0 tenir, ajoutant \u00e0 l&#8217;exp\u00e9rience et au plaisir de siroter un bon rhum.<\/p>\n","protected":false},"excerpt":{"rendered":"<p>&nbsp;<\/p>\n<ul>\n<li>Sp\u00e9cialement con\u00e7u pour le plaisir du rhum<\/li>\n<li>Bord l\u00e9g\u00e8rement en forme de tulipe et base large pour rehausser la couleur, la saveur et les ar\u00f4mes<\/li>\n<li>Cristal sans plomb allemand<\/li>\n<li>Jante fine<\/li>\n<li>Capacit\u00e9 : 13,5 onces \/ 400 ml<\/li>\n<li>Coffret cadeau de 2 couleurs<\/li>\n<\/ul>\n<p><img decoding=\"async\" src=\"https:\/\/gocuisivin.com\/gleengag\/2022\/03\/Icon-w_-Text_Made-in-Germany_1.jpg\" alt=\"\" width=\"100\" height=\"100\" \/><img decoding=\"async\" src=\"https:\/\/gocuisivin.com\/gleengag\/2022\/03\/Icon-w_-Text_Lead-Free-Crystal_1-scaled-e1647696159460.jpg\" alt=\"\" width=\"100\" height=\"100\" \/><img decoding=\"async\" src=\"https:\/\/gocuisivin.com\/gleengag\/2022\/03\/Icon-w_-Text_Fine-Rim_1-scaled-e1647696201810.jpg\" alt=\"\" width=\"100\" height=\"100\" \/><img loading=\"lazy\" decoding=\"async\" src=\"https:\/\/gocuisivin.com\/gleengag\/2022\/03\/Icon-w_-Text_Dishwasher-Safe_1-scaled-e1647696229552.jpg\" alt=\"\" width=\"100\" height=\"100\" \/><\/p>\n","protected":false},"featured_media":13654,"comment_status":"open","ping_status":"closed","template":"","meta":[],"pwb-brand":[1664],"product_brand":[],"product_cat":[525,1557,1559],"product_tag":[291,281,307,278,308,299],"class_list":{"0":"post-22462","1":"product","2":"type-product","3":"status-publish","4":"has-post-thumbnail","6":"pwb-brand-cuisivin-fr","7":"product_cat-cocktail-fr","8":"product_cat-verrerie","9":"product_cat-whisky-spiritueux","10":"product_tag-cocktail-fr","11":"product_tag-cuisivin-fr","12":"product_tag-rhum","13":"product_tag-un-verre","14":"product_tag-verre-a-whisky-fr","15":"product_tag-whisky-spiritueux","17":"first","18":"instock","19":"taxable","20":"shipping-taxable","21":"purchasable","22":"product-type-simple"},"brands":[{"id":1664,"name":"Cuisivin","slug":"cuisivin-fr"}],"_links":{"self":[{"href":"https:\/\/gocuisivin.com\/fr\/wp-json\/wp\/v2\/product\/22462","targetHints":{"allow":["GET"]}}],"collection":[{"href":"https:\/\/gocuisivin.com\/fr\/wp-json\/wp\/v2\/product"}],"about":[{"href":"https:\/\/gocuisivin.com\/fr\/wp-json\/wp\/v2\/types\/product"}],"replies":[{"embeddable":true,"href":"https:\/\/gocuisivin.com\/fr\/wp-json\/wp\/v2\/comments?post=22462"}],"version-history":[{"count":2,"href":"https:\/\/gocuisivin.com\/fr\/wp-json\/wp\/v2\/product\/22462\/revisions"}],"predecessor-version":[{"id":24170,"href":"https:\/\/gocuisivin.com\/fr\/wp-json\/wp\/v2\/product\/22462\/revisions\/24170"}],"wp:featuredmedia":[{"embeddable":true,"href":"https:\/\/gocuisivin.com\/fr\/wp-json\/wp\/v2\/media\/13654"}],"wp:attachment":[{"href":"https:\/\/gocuisivin.com\/fr\/wp-json\/wp\/v2\/media?parent=22462"}],"wp:term":[{"taxonomy":"pwb-brand","embeddable":true,"href":"https:\/\/gocuisivin.com\/fr\/wp-json\/wp\/v2\/pwb-brand?post=22462"},{"taxonomy":"product_brand","embeddable":true,"href":"https:\/\/gocuisivin.com\/fr\/wp-json\/wp\/v2\/product_brand?post=22462"},{"taxonomy":"product_cat","embeddable":true,"href":"https:\/\/gocuisivin.com\/fr\/wp-json\/wp\/v2\/product_cat?post=22462"},{"taxonomy":"product_tag","embeddable":true,"href":"https:\/\/gocuisivin.com\/fr\/wp-json\/wp\/v2\/product_tag?post=22462"}],"curies":[{"name":"wp","href":"https:\/\/api.w.org\/{rel}","templated":true}]}}