{"id":22461,"date":"2022-03-14T08:43:14","date_gmt":"2022-03-14T08:43:14","guid":{"rendered":"https:\/\/gocuisivin.com\/product\/livre-de-recettes-de-sushis-faciles-cocktail-party\/"},"modified":"2023-01-18T16:32:58","modified_gmt":"2023-01-18T16:32:58","slug":"livre-de-recettes-de-sushis-faciles-cocktail-party","status":"publish","type":"product","link":"https:\/\/gocuisivin.com\/fr\/product\/livre-de-recettes-de-sushis-faciles-cocktail-party\/","title":{"rendered":"Livre de recettes de sushis faciles \u2013 Cocktail Party"},"content":{"rendered":"<p>Le compagnon id\u00e9al d&#8217;Easy Sushi, un livre de recettes gourmandes avec des recettes inspirantes.<\/p>\n","protected":false},"excerpt":{"rendered":"<p>&nbsp;<\/p>\n<ul>\n<li>Des recettes inspir\u00e9es \u00e0 r\u00e9aliser avec le Easy Sushi<\/li>\n<li>Recettes compil\u00e9es par des chefs fran\u00e7ais<\/li>\n<li>Comprend des recettes all\u00e9chantes comme\u00a0:\u00a0rouleaux de prosciutto et de mascarpone<\/li>\n<\/ul>\n<p><img decoding=\"async\" src=\"https:\/\/gocuisivin.com\/gleengag\/2022\/03\/Icon-w_-Text_Made-in-France_1.jpg\" alt=\"\" width=\"100\" height=\"100\" \/><\/p>\n","protected":false},"featured_media":14388,"comment_status":"open","ping_status":"closed","template":"","meta":[],"pwb-brand":[1666],"product_brand":[],"product_cat":[1567,1582],"product_tag":[1462,504,1452,1536,1461,1437],"class_list":{"0":"post-22461","1":"product","2":"type-product","3":"status-publish","4":"has-post-thumbnail","6":"pwb-brand-easy-sushi-fr","7":"product_cat-cuisine","8":"product_cat-outils-et-gadgets","9":"product_tag-cocktail-party-fr","10":"product_tag-cuisine","11":"product_tag-livre","12":"product_tag-outils-et-gadgets","13":"product_tag-recettes","14":"product_tag-sushis-faciles","16":"first","17":"instock","18":"taxable","19":"shipping-taxable","20":"purchasable","21":"product-type-simple"},"brands":[{"id":1666,"name":"Easy Sushi","slug":"easy-sushi-fr"}],"_links":{"self":[{"href":"https:\/\/gocuisivin.com\/fr\/wp-json\/wp\/v2\/product\/22461","targetHints":{"allow":["GET"]}}],"collection":[{"href":"https:\/\/gocuisivin.com\/fr\/wp-json\/wp\/v2\/product"}],"about":[{"href":"https:\/\/gocuisivin.com\/fr\/wp-json\/wp\/v2\/types\/product"}],"replies":[{"embeddable":true,"href":"https:\/\/gocuisivin.com\/fr\/wp-json\/wp\/v2\/comments?post=22461"}],"version-history":[{"count":1,"href":"https:\/\/gocuisivin.com\/fr\/wp-json\/wp\/v2\/product\/22461\/revisions"}],"predecessor-version":[{"id":24176,"href":"https:\/\/gocuisivin.com\/fr\/wp-json\/wp\/v2\/product\/22461\/revisions\/24176"}],"wp:featuredmedia":[{"embeddable":true,"href":"https:\/\/gocuisivin.com\/fr\/wp-json\/wp\/v2\/media\/14388"}],"wp:attachment":[{"href":"https:\/\/gocuisivin.com\/fr\/wp-json\/wp\/v2\/media?parent=22461"}],"wp:term":[{"taxonomy":"pwb-brand","embeddable":true,"href":"https:\/\/gocuisivin.com\/fr\/wp-json\/wp\/v2\/pwb-brand?post=22461"},{"taxonomy":"product_brand","embeddable":true,"href":"https:\/\/gocuisivin.com\/fr\/wp-json\/wp\/v2\/product_brand?post=22461"},{"taxonomy":"product_cat","embeddable":true,"href":"https:\/\/gocuisivin.com\/fr\/wp-json\/wp\/v2\/product_cat?post=22461"},{"taxonomy":"product_tag","embeddable":true,"href":"https:\/\/gocuisivin.com\/fr\/wp-json\/wp\/v2\/product_tag?post=22461"}],"curies":[{"name":"wp","href":"https:\/\/api.w.org\/{rel}","templated":true}]}}