{"id":22459,"date":"2022-03-14T10:12:27","date_gmt":"2022-03-14T10:12:27","guid":{"rendered":"https:\/\/gocuisivin.com\/product\/verre-a-vin-chianti-sans-soucis-vinolife-paquet-de-6\/"},"modified":"2023-01-18T16:20:04","modified_gmt":"2023-01-18T16:20:04","slug":"verre-a-vin-chianti-sans-soucis-vinolife-paquet-de-6","status":"publish","type":"product","link":"https:\/\/gocuisivin.com\/fr\/product\/verre-a-vin-chianti-sans-soucis-vinolife-paquet-de-6\/","title":{"rendered":"Verre \u00e0 vin Chianti sans soucis VinoLife &#8211; Paquet de 6"},"content":{"rendered":"<p>Le verre VinoLife Carefree Chianti n&#8217;est pas seulement d&#8217;une clart\u00e9 \u00e9clatante, il est \u00e9galement en cristal sans plomb, renforc\u00e9 de titane et incassable avec une tige tir\u00e9e en une seule pi\u00e8ce pour une durabilit\u00e9 et une r\u00e9sistance accrues. Le rebord est d\u00e9coup\u00e9 au laser pour plus de finesse et ils sont 100 % lavables au lave-vaisselle. La forme traditionnelle est con\u00e7ue pour la d\u00e9gustation d&#8217;une grande vari\u00e9t\u00e9 de vins rouges.<\/p>\n","protected":false},"excerpt":{"rendered":"<p>&nbsp;<\/p>\n<ul>\n<li>Parfaitement adapt\u00e9 comme verre \u00e0 vin rouge tout usage<\/li>\n<li>Cristal sans plomb incassable et enrichi en titane<\/li>\n<li>Tige tir\u00e9e d&#8217;une seule pi\u00e8ce pour une durabilit\u00e9 et une r\u00e9sistance accrues<\/li>\n<li>Capacit\u00e9 : 8,75 oz \/ 250 ml<\/li>\n<li>Lave-vaisselle<\/li>\n<li>bo\u00eete blanche<\/li>\n<\/ul>\n<p><img decoding=\"async\" src=\"https:\/\/gocuisivin.com\/gleengag\/2022\/03\/Icon-w_-Text_Made-in-Germany_1.jpg\" alt=\"\" width=\"100\" height=\"100\" \/><img decoding=\"async\" src=\"https:\/\/gocuisivin.com\/gleengag\/2022\/03\/Icon-w_-Text_Lead-Free-Crystal_1-scaled-e1647696159460.jpg\" alt=\"\" width=\"100\" height=\"100\" \/><img decoding=\"async\" src=\"https:\/\/gocuisivin.com\/gleengag\/2022\/03\/Icon-w_-Text_Break-Resistant_1.jpg\" alt=\"\" width=\"100\" height=\"100\" \/><img loading=\"lazy\" decoding=\"async\" src=\"https:\/\/gocuisivin.com\/gleengag\/2022\/03\/Icon-w_-Text_Pulled-Stem-for-Durability_1.jpg\" alt=\"\" width=\"100\" height=\"100\" \/><img loading=\"lazy\" decoding=\"async\" src=\"https:\/\/gocuisivin.com\/gleengag\/2022\/03\/Icon-w_-Text_Fine-Rim_1-scaled-e1647696201810.jpg\" alt=\"\" width=\"100\" height=\"100\" \/><img loading=\"lazy\" decoding=\"async\" src=\"https:\/\/gocuisivin.com\/gleengag\/2022\/03\/Icon-w_-Text_Dishwasher-Safe_1-scaled-e1647696229552.jpg\" alt=\"\" width=\"100\" height=\"100\" \/><\/p>\n","protected":false},"featured_media":13633,"comment_status":"open","ping_status":"closed","template":"","meta":[],"pwb-brand":[1680],"product_brand":[],"product_cat":[1557,1558],"product_tag":[1325,1323,278,131,115,116,1192],"class_list":{"0":"post-22459","1":"product","2":"type-product","3":"status-publish","4":"has-post-thumbnail","6":"pwb-brand-vinolife-fr","7":"product_cat-verrerie","8":"product_cat-vin","9":"product_tag-chianti-fr","10":"product_tag-insouciant","11":"product_tag-un-verre","12":"product_tag-verre-a-vin-rouge","13":"product_tag-verre-de-vin","14":"product_tag-vin","15":"product_tag-vinolife-fr","17":"first","18":"outofstock","19":"taxable","20":"shipping-taxable","21":"purchasable","22":"product-type-simple"},"brands":[{"id":1680,"name":"VinoLife","slug":"vinolife-fr"}],"_links":{"self":[{"href":"https:\/\/gocuisivin.com\/fr\/wp-json\/wp\/v2\/product\/22459","targetHints":{"allow":["GET"]}}],"collection":[{"href":"https:\/\/gocuisivin.com\/fr\/wp-json\/wp\/v2\/product"}],"about":[{"href":"https:\/\/gocuisivin.com\/fr\/wp-json\/wp\/v2\/types\/product"}],"replies":[{"embeddable":true,"href":"https:\/\/gocuisivin.com\/fr\/wp-json\/wp\/v2\/comments?post=22459"}],"version-history":[{"count":1,"href":"https:\/\/gocuisivin.com\/fr\/wp-json\/wp\/v2\/product\/22459\/revisions"}],"predecessor-version":[{"id":24171,"href":"https:\/\/gocuisivin.com\/fr\/wp-json\/wp\/v2\/product\/22459\/revisions\/24171"}],"wp:featuredmedia":[{"embeddable":true,"href":"https:\/\/gocuisivin.com\/fr\/wp-json\/wp\/v2\/media\/13633"}],"wp:attachment":[{"href":"https:\/\/gocuisivin.com\/fr\/wp-json\/wp\/v2\/media?parent=22459"}],"wp:term":[{"taxonomy":"pwb-brand","embeddable":true,"href":"https:\/\/gocuisivin.com\/fr\/wp-json\/wp\/v2\/pwb-brand?post=22459"},{"taxonomy":"product_brand","embeddable":true,"href":"https:\/\/gocuisivin.com\/fr\/wp-json\/wp\/v2\/product_brand?post=22459"},{"taxonomy":"product_cat","embeddable":true,"href":"https:\/\/gocuisivin.com\/fr\/wp-json\/wp\/v2\/product_cat?post=22459"},{"taxonomy":"product_tag","embeddable":true,"href":"https:\/\/gocuisivin.com\/fr\/wp-json\/wp\/v2\/product_tag?post=22459"}],"curies":[{"name":"wp","href":"https:\/\/api.w.org\/{rel}","templated":true}]}}