{"id":22458,"date":"2022-03-14T10:12:28","date_gmt":"2022-03-14T10:12:28","guid":{"rendered":"https:\/\/gocuisivin.com\/product\/verre-a-long-drink-decontracte-cuisivin-paquet-de-6\/"},"modified":"2023-01-18T16:17:09","modified_gmt":"2023-01-18T16:17:09","slug":"verre-a-long-drink-decontracte-cuisivin-paquet-de-6","status":"publish","type":"product","link":"https:\/\/gocuisivin.com\/fr\/product\/verre-a-long-drink-decontracte-cuisivin-paquet-de-6\/","title":{"rendered":"Verre \u00e0 long drink d\u00e9contract\u00e9 Cuisivin &#8211; Paquet de 6"},"content":{"rendered":"<p>Le Cuisivin Casual Long drink est un highball traditionnel au design \u00e9pur\u00e9. Fabriqu\u00e9 \u00e0 partir de cristal sans plomb, la jante est \u00e9galement tr\u00e8s fine. Parfait pour tout, de l&#8217;eau p\u00e9tillante aux Mojitos.<\/p>\n","protected":false},"excerpt":{"rendered":"<p>&nbsp;<\/p>\n<ul>\n<li>Highball au design \u00e9pur\u00e9<\/li>\n<li>Id\u00e9al pour les cocktails<\/li>\n<li>Cristal europ\u00e9en sans plomb<\/li>\n<li>Jante fine<\/li>\n<li>Capacit\u00e9\u00a0: 11,8\u00a0oz\/350\u00a0ml<\/li>\n<li>Lave-vaisselle<\/li>\n<\/ul>\n<p><img decoding=\"async\" src=\"https:\/\/gocuisivin.com\/gleengag\/2022\/03\/Icon-w_-Text_Made-in-Europe_1-scaled-e1647696362269.jpg\" alt=\"\" width=\"100\" height=\"100\" \/><img decoding=\"async\" src=\"https:\/\/gocuisivin.com\/gleengag\/2022\/03\/Icon-w_-Text_Lead-Free-Crystal_1-scaled-e1647696159460.jpg\" alt=\"\" width=\"100\" height=\"100\" \/><img decoding=\"async\" src=\"https:\/\/gocuisivin.com\/gleengag\/2022\/03\/Icon-w_-Text_Fine-Rim_1-scaled-e1647696201810.jpg\" alt=\"\" width=\"100\" height=\"100\" \/><img loading=\"lazy\" decoding=\"async\" src=\"https:\/\/gocuisivin.com\/gleengag\/2022\/03\/Icon-w_-Text_Dishwasher-Safe_1-scaled-e1647696229552.jpg\" alt=\"\" width=\"100\" height=\"100\" \/><\/p>\n","protected":false},"featured_media":13647,"comment_status":"open","ping_status":"closed","template":"","meta":[],"pwb-brand":[1664],"product_brand":[],"product_cat":[525,1559],"product_tag":[1332,291,281,309,278,299],"class_list":{"0":"post-22458","1":"product","2":"type-product","3":"status-publish","4":"has-post-thumbnail","6":"pwb-brand-cuisivin-fr","7":"product_cat-cocktail-fr","8":"product_cat-whisky-spiritueux","9":"product_tag-boisson-longue","10":"product_tag-cocktail-fr","11":"product_tag-cuisivin-fr","12":"product_tag-decontractee","13":"product_tag-un-verre","14":"product_tag-whisky-spiritueux","16":"first","17":"instock","18":"taxable","19":"shipping-taxable","20":"purchasable","21":"product-type-simple"},"brands":[{"id":1664,"name":"Cuisivin","slug":"cuisivin-fr"}],"_links":{"self":[{"href":"https:\/\/gocuisivin.com\/fr\/wp-json\/wp\/v2\/product\/22458","targetHints":{"allow":["GET"]}}],"collection":[{"href":"https:\/\/gocuisivin.com\/fr\/wp-json\/wp\/v2\/product"}],"about":[{"href":"https:\/\/gocuisivin.com\/fr\/wp-json\/wp\/v2\/types\/product"}],"replies":[{"embeddable":true,"href":"https:\/\/gocuisivin.com\/fr\/wp-json\/wp\/v2\/comments?post=22458"}],"version-history":[{"count":1,"href":"https:\/\/gocuisivin.com\/fr\/wp-json\/wp\/v2\/product\/22458\/revisions"}],"predecessor-version":[{"id":24168,"href":"https:\/\/gocuisivin.com\/fr\/wp-json\/wp\/v2\/product\/22458\/revisions\/24168"}],"wp:featuredmedia":[{"embeddable":true,"href":"https:\/\/gocuisivin.com\/fr\/wp-json\/wp\/v2\/media\/13647"}],"wp:attachment":[{"href":"https:\/\/gocuisivin.com\/fr\/wp-json\/wp\/v2\/media?parent=22458"}],"wp:term":[{"taxonomy":"pwb-brand","embeddable":true,"href":"https:\/\/gocuisivin.com\/fr\/wp-json\/wp\/v2\/pwb-brand?post=22458"},{"taxonomy":"product_brand","embeddable":true,"href":"https:\/\/gocuisivin.com\/fr\/wp-json\/wp\/v2\/product_brand?post=22458"},{"taxonomy":"product_cat","embeddable":true,"href":"https:\/\/gocuisivin.com\/fr\/wp-json\/wp\/v2\/product_cat?post=22458"},{"taxonomy":"product_tag","embeddable":true,"href":"https:\/\/gocuisivin.com\/fr\/wp-json\/wp\/v2\/product_tag?post=22458"}],"curies":[{"name":"wp","href":"https:\/\/api.w.org\/{rel}","templated":true}]}}