{"id":22457,"date":"2022-03-14T08:43:14","date_gmt":"2022-03-14T08:43:14","guid":{"rendered":"https:\/\/gocuisivin.com\/product\/livre-de-recettes-de-sushi-facile-vegetarien-et-vegetalien\/"},"modified":"2023-01-18T16:31:31","modified_gmt":"2023-01-18T16:31:31","slug":"livre-de-recettes-de-sushi-facile-vegetarien-et-vegetalien","status":"publish","type":"product","link":"https:\/\/gocuisivin.com\/fr\/product\/livre-de-recettes-de-sushi-facile-vegetarien-et-vegetalien\/","title":{"rendered":"Livre de recettes de sushi facile \u2013 V\u00e9g\u00e9tarien et v\u00e9g\u00e9talien"},"content":{"rendered":"<p>Le compagnon id\u00e9al d&#8217;Easy Sushi, un livre de recettes gourmandes avec des recettes inspirantes.<\/p>\n","protected":false},"excerpt":{"rendered":"<p>&nbsp;<\/p>\n<ul>\n<li>Des recettes inspir\u00e9es \u00e0 r\u00e9aliser avec le Easy Sushi<\/li>\n<li>Recettes compil\u00e9es par des chefs fran\u00e7ais<\/li>\n<li>Comprend des recettes all\u00e9chantes comme\u00a0:\u00a0rouleaux de tofu \u00e0 l&#8217;\u00e9peautre et au curry<\/li>\n<\/ul>\n<p><img decoding=\"async\" src=\"https:\/\/gocuisivin.com\/gleengag\/2022\/03\/Icon-w_-Text_Made-in-France_1.jpg\" alt=\"\" width=\"100\" height=\"100\" \/><\/p>\n","protected":false},"featured_media":14382,"comment_status":"open","ping_status":"closed","template":"","meta":[],"pwb-brand":[1666],"product_brand":[],"product_cat":[1567,1582],"product_tag":[504,1536,1437],"class_list":{"0":"post-22457","1":"product","2":"type-product","3":"status-publish","4":"has-post-thumbnail","6":"pwb-brand-easy-sushi-fr","7":"product_cat-cuisine","8":"product_cat-outils-et-gadgets","9":"product_tag-cuisine","10":"product_tag-outils-et-gadgets","11":"product_tag-sushis-faciles","13":"first","14":"instock","15":"taxable","16":"shipping-taxable","17":"purchasable","18":"product-type-simple"},"brands":[{"id":1666,"name":"Easy Sushi","slug":"easy-sushi-fr"}],"_links":{"self":[{"href":"https:\/\/gocuisivin.com\/fr\/wp-json\/wp\/v2\/product\/22457","targetHints":{"allow":["GET"]}}],"collection":[{"href":"https:\/\/gocuisivin.com\/fr\/wp-json\/wp\/v2\/product"}],"about":[{"href":"https:\/\/gocuisivin.com\/fr\/wp-json\/wp\/v2\/types\/product"}],"replies":[{"embeddable":true,"href":"https:\/\/gocuisivin.com\/fr\/wp-json\/wp\/v2\/comments?post=22457"}],"version-history":[{"count":1,"href":"https:\/\/gocuisivin.com\/fr\/wp-json\/wp\/v2\/product\/22457\/revisions"}],"predecessor-version":[{"id":24174,"href":"https:\/\/gocuisivin.com\/fr\/wp-json\/wp\/v2\/product\/22457\/revisions\/24174"}],"wp:featuredmedia":[{"embeddable":true,"href":"https:\/\/gocuisivin.com\/fr\/wp-json\/wp\/v2\/media\/14382"}],"wp:attachment":[{"href":"https:\/\/gocuisivin.com\/fr\/wp-json\/wp\/v2\/media?parent=22457"}],"wp:term":[{"taxonomy":"pwb-brand","embeddable":true,"href":"https:\/\/gocuisivin.com\/fr\/wp-json\/wp\/v2\/pwb-brand?post=22457"},{"taxonomy":"product_brand","embeddable":true,"href":"https:\/\/gocuisivin.com\/fr\/wp-json\/wp\/v2\/product_brand?post=22457"},{"taxonomy":"product_cat","embeddable":true,"href":"https:\/\/gocuisivin.com\/fr\/wp-json\/wp\/v2\/product_cat?post=22457"},{"taxonomy":"product_tag","embeddable":true,"href":"https:\/\/gocuisivin.com\/fr\/wp-json\/wp\/v2\/product_tag?post=22457"}],"curies":[{"name":"wp","href":"https:\/\/api.w.org\/{rel}","templated":true}]}}