{"id":22455,"date":"2022-03-14T10:12:28","date_gmt":"2022-03-14T10:12:28","guid":{"rendered":"https:\/\/gocuisivin.com\/product\/verre-a-vin-de-degustation-universel-vinolife-paquet-de-6\/"},"modified":"2023-01-18T16:15:02","modified_gmt":"2023-01-18T16:15:02","slug":"verre-a-vin-de-degustation-universel-vinolife-paquet-de-6","status":"publish","type":"product","link":"https:\/\/gocuisivin.com\/fr\/product\/verre-a-vin-de-degustation-universel-vinolife-paquet-de-6\/","title":{"rendered":"Verre \u00e0 vin de d\u00e9gustation universel VinoLife &#8211; Paquet de 6"},"content":{"rendered":"<p>Le verre de d\u00e9gustation universel VinoLife n&#8217;est pas seulement d&#8217;une clart\u00e9 \u00e9clatante, il est \u00e9galement en cristal sans plomb, renforc\u00e9 de titane et r\u00e9sistant \u00e0 la rupture, avec une tige tir\u00e9e d&#8217;une seule pi\u00e8ce pour une durabilit\u00e9 et une r\u00e9sistance accrues. Le rebord est d\u00e9coup\u00e9 au laser pour plus de finesse et ils sont 100 % lavables au lave-vaisselle. La taille et la forme sont parfaites comme d\u00e9gustateur universel ; les ar\u00f4mes sont parfaitement tenus pour le nez, tandis que la bouche est dimensionn\u00e9e pour livrer efficacement les go\u00fbts \u00e0 la palette.<\/p>\n","protected":false},"excerpt":{"rendered":"<p>&nbsp;<\/p>\n<ul>\n<li>Verre de d\u00e9gustation tout usage<\/li>\n<li>Id\u00e9al pour la d\u00e9gustation de vins et spiritueux<\/li>\n<li>Cristal sans plomb allemand<\/li>\n<li>Tige tir\u00e9e d&#8217;une seule pi\u00e8ce pour une durabilit\u00e9 et une r\u00e9sistance accrues<\/li>\n<li>Capacit\u00e9 : 10,25 oz \/ 300 ml<\/li>\n<li>bo\u00eete blanche<\/li>\n<\/ul>\n<p><img decoding=\"async\" src=\"https:\/\/gocuisivin.com\/gleengag\/2022\/03\/Icon-w_-Text_Made-in-Germany_1.jpg\" alt=\"\" width=\"100\" height=\"100\" \/><img decoding=\"async\" src=\"https:\/\/gocuisivin.com\/gleengag\/2022\/03\/Icon-w_-Text_Lead-Free-Crystal_1-scaled-e1647696159460.jpg\" alt=\"\" width=\"100\" height=\"100\" \/><img decoding=\"async\" src=\"https:\/\/gocuisivin.com\/gleengag\/2022\/03\/Icon-w_-Text_Fine-Rim_1-scaled-e1647696201810.jpg\" alt=\"\" width=\"100\" height=\"100\" \/><img loading=\"lazy\" decoding=\"async\" src=\"https:\/\/gocuisivin.com\/gleengag\/2022\/03\/Icon-w_-Text_Dishwasher-Safe_1-scaled-e1647696229552.jpg\" alt=\"\" width=\"100\" height=\"100\" \/><\/p>\n","protected":false},"featured_media":29519,"comment_status":"open","ping_status":"closed","template":"","meta":[],"pwb-brand":[],"product_brand":[],"product_cat":[1557,1558],"product_tag":[278,300,1083,131,115,116,298,1192],"class_list":{"0":"post-22455","1":"product","2":"type-product","3":"status-publish","4":"has-post-thumbnail","6":"product_cat-verrerie","7":"product_cat-vin","8":"product_tag-un-verre","9":"product_tag-universel","10":"product_tag-verre-a-degustation","11":"product_tag-verre-a-vin-rouge","12":"product_tag-verre-de-vin","13":"product_tag-vin","14":"product_tag-vin-rouge","15":"product_tag-vinolife-fr","17":"first","18":"instock","19":"taxable","20":"shipping-taxable","21":"purchasable","22":"product-type-simple"},"brands":[],"_links":{"self":[{"href":"https:\/\/gocuisivin.com\/fr\/wp-json\/wp\/v2\/product\/22455","targetHints":{"allow":["GET"]}}],"collection":[{"href":"https:\/\/gocuisivin.com\/fr\/wp-json\/wp\/v2\/product"}],"about":[{"href":"https:\/\/gocuisivin.com\/fr\/wp-json\/wp\/v2\/types\/product"}],"replies":[{"embeddable":true,"href":"https:\/\/gocuisivin.com\/fr\/wp-json\/wp\/v2\/comments?post=22455"}],"version-history":[{"count":1,"href":"https:\/\/gocuisivin.com\/fr\/wp-json\/wp\/v2\/product\/22455\/revisions"}],"predecessor-version":[{"id":24167,"href":"https:\/\/gocuisivin.com\/fr\/wp-json\/wp\/v2\/product\/22455\/revisions\/24167"}],"wp:featuredmedia":[{"embeddable":true,"href":"https:\/\/gocuisivin.com\/fr\/wp-json\/wp\/v2\/media\/29519"}],"wp:attachment":[{"href":"https:\/\/gocuisivin.com\/fr\/wp-json\/wp\/v2\/media?parent=22455"}],"wp:term":[{"taxonomy":"pwb-brand","embeddable":true,"href":"https:\/\/gocuisivin.com\/fr\/wp-json\/wp\/v2\/pwb-brand?post=22455"},{"taxonomy":"product_brand","embeddable":true,"href":"https:\/\/gocuisivin.com\/fr\/wp-json\/wp\/v2\/product_brand?post=22455"},{"taxonomy":"product_cat","embeddable":true,"href":"https:\/\/gocuisivin.com\/fr\/wp-json\/wp\/v2\/product_cat?post=22455"},{"taxonomy":"product_tag","embeddable":true,"href":"https:\/\/gocuisivin.com\/fr\/wp-json\/wp\/v2\/product_tag?post=22455"}],"curies":[{"name":"wp","href":"https:\/\/api.w.org\/{rel}","templated":true}]}}