{"id":22443,"date":"2022-03-14T10:12:32","date_gmt":"2022-03-14T10:12:32","guid":{"rendered":"https:\/\/gocuisivin.com\/product\/govino-verre-a-vin-blanc-cocktail-lavable-au-lave-vaisselle-paquet-de-4\/"},"modified":"2023-01-18T16:02:56","modified_gmt":"2023-01-18T16:02:56","slug":"govino-verre-a-vin-blanc-cocktail-lavable-au-lave-vaisselle-paquet-de-4","status":"publish","type":"product","link":"https:\/\/gocuisivin.com\/fr\/product\/govino-verre-a-vin-blanc-cocktail-lavable-au-lave-vaisselle-paquet-de-4\/","title":{"rendered":"Govino Verre \u00e0 vin blanc\/cocktail lavable au lave-vaisselle &#8211; Paquet de 4"},"content":{"rendered":"<p>Govino est le gobelet incassable prim\u00e9 d&#8217;origine qui &#8220;va n&#8217;importe o\u00f9&#8221;. Emportez-le \u00e0 un pique-nique, \u00e0 la plage, sur la terrasse, dans le bain \u00e0 remous, \u00e0 la piscine ou m\u00eame jetez-le dans vos bagages ou votre \u00e9quipement de camping\u00a0! Govino est con\u00e7u pour refl\u00e9ter la couleur et l&#8217;ar\u00f4me des vins un peu comme un vrai verre de cristal.<\/p>\n<p>Le verre sans pied en forme de tulipe \u00e0 bords fins est fabriqu\u00e9 \u00e0 partir de plastique Tritan de haute qualit\u00e9 &#8211; il va au lave-vaisselle dans le panier sup\u00e9rieur, est r\u00e9utilisable, recyclable, sans BPA, durable et transparent. Con\u00e7u de mani\u00e8re ergonomique avec une encoche pour le pouce pratique et distinctive, il a la prise parfaite pour toute activit\u00e9 de plein air. Ce verre Govino de 12 oz est tr\u00e8s appr\u00e9ci\u00e9 pour le vin et les cocktails. La plus petite taille peut \u00eatre utilis\u00e9e pour les vins blancs ou simplement pour les personnes qui pr\u00e9f\u00e8rent une prise un peu plus petite. Govino est fabriqu\u00e9 aux \u00c9tats-Unis.<\/p>\n","protected":false},"excerpt":{"rendered":"<p>&nbsp;<\/p>\n<ul>\n<li>Allez n&#8217;importe o\u00f9 avec Govino ! Des verres incassables con\u00e7us pour \u00eatre appr\u00e9ci\u00e9s en ext\u00e9rieur !<\/li>\n<li>L&#8217;encoche ergonomique brevet\u00e9e pour le pouce offre une prise en main s\u00fbre<\/li>\n<li>L\u00e8vre fine et cristalline<\/li>\n<li>Cristallin &#8211; pr\u00e9sentant correctement les profils aromatiques et gustatifs du vin et d&#8217;autres boissons<\/li>\n<li>Capacit\u00e9 : 12 oz \/ 355 ml ; Hauteur : 3,7&#8243; \/ 111,76 mm<\/li>\n<li>Bo\u00eete cadeau de 4 couleurs<\/li>\n<\/ul>\n<p><img decoding=\"async\" src=\"https:\/\/gocuisivin.com\/gleengag\/2022\/03\/Icon-w_-Text_Made-in-USA_1.jpg\" alt=\"\" width=\"100\" height=\"100\" \/><img decoding=\"async\" src=\"https:\/\/gocuisivin.com\/gleengag\/2022\/03\/Icon-w_-Text_Tritan-Plastic_1.jpg\" alt=\"\" width=\"100\" height=\"100\" \/><img decoding=\"async\" src=\"https:\/\/gocuisivin.com\/gleengag\/2022\/03\/Icon-w_-Text_BPA-Free_1.jpg\" alt=\"\" width=\"100\" height=\"100\" \/><img loading=\"lazy\" decoding=\"async\" src=\"https:\/\/gocuisivin.com\/gleengag\/2022\/03\/Icon-w_-Text_Shatterproof_1.jpg\" alt=\"\" width=\"100\" height=\"100\" \/><img loading=\"lazy\" decoding=\"async\" src=\"https:\/\/gocuisivin.com\/gleengag\/2022\/03\/Icon-w_-Text_-Reusable-_-Recyclable_1.jpg\" alt=\"\" width=\"100\" height=\"100\" \/><img loading=\"lazy\" decoding=\"async\" src=\"https:\/\/gocuisivin.com\/gleengag\/2022\/03\/Icon-w_-Text_Dishwasher-Safe_1-scaled-e1647696229552.jpg\" alt=\"\" width=\"100\" height=\"100\" \/><\/p>\n","protected":false},"featured_media":13811,"comment_status":"open","ping_status":"closed","template":"","meta":[],"pwb-brand":[],"product_brand":[],"product_cat":[1577,1578],"product_tag":[125,291,286,287,289,278,115,116],"class_list":{"0":"post-22443","1":"product","2":"type-product","3":"status-publish","4":"has-post-thumbnail","6":"product_cat-exterieur","7":"product_cat-lunettes","8":"product_tag-blanc","9":"product_tag-cocktail-fr","10":"product_tag-govino-fr","11":"product_tag-incassable","12":"product_tag-lave-vaisselle","13":"product_tag-un-verre","14":"product_tag-verre-de-vin","15":"product_tag-vin","17":"first","18":"instock","19":"taxable","20":"shipping-taxable","21":"purchasable","22":"product-type-simple"},"brands":[],"_links":{"self":[{"href":"https:\/\/gocuisivin.com\/fr\/wp-json\/wp\/v2\/product\/22443","targetHints":{"allow":["GET"]}}],"collection":[{"href":"https:\/\/gocuisivin.com\/fr\/wp-json\/wp\/v2\/product"}],"about":[{"href":"https:\/\/gocuisivin.com\/fr\/wp-json\/wp\/v2\/types\/product"}],"replies":[{"embeddable":true,"href":"https:\/\/gocuisivin.com\/fr\/wp-json\/wp\/v2\/comments?post=22443"}],"version-history":[{"count":2,"href":"https:\/\/gocuisivin.com\/fr\/wp-json\/wp\/v2\/product\/22443\/revisions"}],"predecessor-version":[{"id":24155,"href":"https:\/\/gocuisivin.com\/fr\/wp-json\/wp\/v2\/product\/22443\/revisions\/24155"}],"wp:featuredmedia":[{"embeddable":true,"href":"https:\/\/gocuisivin.com\/fr\/wp-json\/wp\/v2\/media\/13811"}],"wp:attachment":[{"href":"https:\/\/gocuisivin.com\/fr\/wp-json\/wp\/v2\/media?parent=22443"}],"wp:term":[{"taxonomy":"pwb-brand","embeddable":true,"href":"https:\/\/gocuisivin.com\/fr\/wp-json\/wp\/v2\/pwb-brand?post=22443"},{"taxonomy":"product_brand","embeddable":true,"href":"https:\/\/gocuisivin.com\/fr\/wp-json\/wp\/v2\/product_brand?post=22443"},{"taxonomy":"product_cat","embeddable":true,"href":"https:\/\/gocuisivin.com\/fr\/wp-json\/wp\/v2\/product_cat?post=22443"},{"taxonomy":"product_tag","embeddable":true,"href":"https:\/\/gocuisivin.com\/fr\/wp-json\/wp\/v2\/product_tag?post=22443"}],"curies":[{"name":"wp","href":"https:\/\/api.w.org\/{rel}","templated":true}]}}