{"id":22440,"date":"2022-03-14T10:12:30","date_gmt":"2022-03-14T10:12:30","guid":{"rendered":"https:\/\/gocuisivin.com\/product\/verre-a-biere-ambree-masterbrew-cuisivin-paquet-de-2\/"},"modified":"2023-01-18T16:10:33","modified_gmt":"2023-01-18T16:10:33","slug":"verre-a-biere-ambree-masterbrew-cuisivin-paquet-de-2","status":"publish","type":"product","link":"https:\/\/gocuisivin.com\/fr\/product\/verre-a-biere-ambree-masterbrew-cuisivin-paquet-de-2\/","title":{"rendered":"Verre \u00e0 bi\u00e8re ambr\u00e9e Masterbrew Cuisivin &#8211; Paquet de 2"},"content":{"rendered":"<p>Le verre Masterbrew Amber aide \u00e0 pr\u00e9server l&#8217;ar\u00f4me de la bi\u00e8re, tout en conservant la t\u00eate plus longtemps dans la conicit\u00e9 du bol. Le verre \u00e0 pied en cristal sans plomb a une l\u00e8vre fine, mais il est tr\u00e8s durable et reste brillamment clair &#8211; m\u00eame apr\u00e8s une utilisation quotidienne. Elle est recommand\u00e9e pour servir des bi\u00e8res \u00e9cossaises et belges ainsi que d&#8217;autres bi\u00e8res aromatiques.<\/p>\n","protected":false},"excerpt":{"rendered":"<p>&nbsp;<\/p>\n<ul>\n<li>Con\u00e7u pour sublimer les bi\u00e8res et cidres aromatiques<\/li>\n<li>Recommand\u00e9 pour les bi\u00e8res \u00e9cossaises et belges et autres bi\u00e8res aromatiques<\/li>\n<li>Cristal sans plomb allemand<\/li>\n<li>Construction durable \u00e0 tige tir\u00e9e<\/li>\n<li>Capacit\u00e9\u00a0: 14\u00a0oz\/410\u00a0ml\u00a0; Hauteur : 6&#8243;\/152 mm<\/li>\n<li>Coffret cadeau de 2 couleurs<\/li>\n<\/ul>\n<p><img decoding=\"async\" src=\"https:\/\/gocuisivin.com\/gleengag\/2022\/03\/Icon-w_-Text_Made-in-Germany_1.jpg\" alt=\"\" width=\"100\" height=\"100\" \/><img decoding=\"async\" src=\"https:\/\/gocuisivin.com\/gleengag\/2022\/03\/Icon-w_-Text_Pulled-Stem-for-Durability_1.jpg\" alt=\"\" width=\"100\" height=\"100\" \/><img decoding=\"async\" src=\"https:\/\/gocuisivin.com\/gleengag\/2022\/03\/Icon-w_-Text_Lead-Free-Crystal_1-scaled-e1647696159460.jpg\" alt=\"\" width=\"100\" height=\"100\" \/><img loading=\"lazy\" decoding=\"async\" src=\"https:\/\/gocuisivin.com\/gleengag\/2022\/03\/Icon-w_-Text_Fine-Rim_1-scaled-e1647696201810.jpg\" alt=\"\" width=\"100\" height=\"100\" \/><img loading=\"lazy\" decoding=\"async\" src=\"https:\/\/gocuisivin.com\/gleengag\/2022\/03\/Icon-w_-Text_Dishwasher-Safe_1-scaled-e1647696229552.jpg\" alt=\"\" width=\"100\" height=\"100\" \/><\/p>\n","protected":false},"featured_media":13747,"comment_status":"open","ping_status":"closed","template":"","meta":[],"pwb-brand":[1664,1672],"product_brand":[],"product_cat":[1574,1557],"product_tag":[311,279,281,282,278,118],"class_list":{"0":"post-22440","1":"product","2":"type-product","3":"status-publish","4":"has-post-thumbnail","6":"pwb-brand-cuisivin-fr","7":"pwb-brand-masterbrew-fr","8":"product_cat-biere","9":"product_cat-verrerie","10":"product_tag-ambre","11":"product_tag-biere","12":"product_tag-cuisivin-fr","13":"product_tag-masterbrew-fr","14":"product_tag-un-verre","15":"product_tag-verrerie","17":"first","18":"instock","19":"taxable","20":"shipping-taxable","21":"purchasable","22":"product-type-simple"},"brands":[{"id":1664,"name":"Cuisivin","slug":"cuisivin-fr"},{"id":1672,"name":"Masterbrew","slug":"masterbrew-fr"}],"_links":{"self":[{"href":"https:\/\/gocuisivin.com\/fr\/wp-json\/wp\/v2\/product\/22440","targetHints":{"allow":["GET"]}}],"collection":[{"href":"https:\/\/gocuisivin.com\/fr\/wp-json\/wp\/v2\/product"}],"about":[{"href":"https:\/\/gocuisivin.com\/fr\/wp-json\/wp\/v2\/types\/product"}],"replies":[{"embeddable":true,"href":"https:\/\/gocuisivin.com\/fr\/wp-json\/wp\/v2\/comments?post=22440"}],"version-history":[{"count":2,"href":"https:\/\/gocuisivin.com\/fr\/wp-json\/wp\/v2\/product\/22440\/revisions"}],"predecessor-version":[{"id":24163,"href":"https:\/\/gocuisivin.com\/fr\/wp-json\/wp\/v2\/product\/22440\/revisions\/24163"}],"wp:featuredmedia":[{"embeddable":true,"href":"https:\/\/gocuisivin.com\/fr\/wp-json\/wp\/v2\/media\/13747"}],"wp:attachment":[{"href":"https:\/\/gocuisivin.com\/fr\/wp-json\/wp\/v2\/media?parent=22440"}],"wp:term":[{"taxonomy":"pwb-brand","embeddable":true,"href":"https:\/\/gocuisivin.com\/fr\/wp-json\/wp\/v2\/pwb-brand?post=22440"},{"taxonomy":"product_brand","embeddable":true,"href":"https:\/\/gocuisivin.com\/fr\/wp-json\/wp\/v2\/product_brand?post=22440"},{"taxonomy":"product_cat","embeddable":true,"href":"https:\/\/gocuisivin.com\/fr\/wp-json\/wp\/v2\/product_cat?post=22440"},{"taxonomy":"product_tag","embeddable":true,"href":"https:\/\/gocuisivin.com\/fr\/wp-json\/wp\/v2\/product_tag?post=22440"}],"curies":[{"name":"wp","href":"https:\/\/api.w.org\/{rel}","templated":true}]}}