{"id":22439,"date":"2022-03-14T10:12:31","date_gmt":"2022-03-14T10:12:31","guid":{"rendered":"https:\/\/gocuisivin.com\/product\/verre-a-biere-cuisivin-masterbrew-pilsner-paquet-de-6\/"},"modified":"2023-01-18T16:06:24","modified_gmt":"2023-01-18T16:06:24","slug":"verre-a-biere-cuisivin-masterbrew-pilsner-paquet-de-6","status":"publish","type":"product","link":"https:\/\/gocuisivin.com\/fr\/product\/verre-a-biere-cuisivin-masterbrew-pilsner-paquet-de-6\/","title":{"rendered":"Verre \u00e0 bi\u00e8re Cuisivin Masterbrew Pilsner &#8211; Paquet de 6"},"content":{"rendered":"<p>Le c\u00f4ne allong\u00e9 et mince du verre Masterbrew Pilsner est con\u00e7u pour mettre en valeur les styles rafra\u00eechissants et croquants des bi\u00e8res plus l\u00e9g\u00e8res. Le pi\u00e9destal \u00e0 tige tir\u00e9e conf\u00e8re une durabilit\u00e9 surprenante \u00e0 ce verre de cristal sans plomb, mais le bord d\u00e9coup\u00e9 au laser donne une sensation tactile raffin\u00e9e. Brillamment clair, va au lave-vaisselle<\/p>\n","protected":false},"excerpt":{"rendered":"<p>&nbsp;<\/p>\n<ul>\n<li>Sp\u00e9cialement con\u00e7u pour la bi\u00e8re et le cidre<\/li>\n<li>Design contemporain avec mur l\u00e9g\u00e8rement profil\u00e9<\/li>\n<li>Met en valeur le croquant de la bi\u00e8re Pilsner<\/li>\n<li>Cristal sans plomb allemand<\/li>\n<li>Capacit\u00e9 : 14 oz \/ 410 ml<\/li>\n<\/ul>\n<p><img decoding=\"async\" src=\"https:\/\/gocuisivin.com\/gleengag\/2022\/03\/Icon-w_-Text_Made-in-Germany_1.jpg\" alt=\"\" width=\"100\" height=\"100\" \/><img decoding=\"async\" src=\"https:\/\/gocuisivin.com\/gleengag\/2022\/03\/Icon-w_-Text_Lead-Free-Crystal_1-scaled-e1647696159460.jpg\" alt=\"\" width=\"100\" height=\"100\" \/><img decoding=\"async\" src=\"https:\/\/gocuisivin.com\/gleengag\/2022\/03\/Icon-w_-Text_Fine-Rim_1-scaled-e1647696201810.jpg\" alt=\"\" width=\"100\" height=\"100\" \/><img loading=\"lazy\" decoding=\"async\" src=\"https:\/\/gocuisivin.com\/gleengag\/2022\/03\/Icon-w_-Text_Dishwasher-Safe_1-scaled-e1647696229552.jpg\" alt=\"\" width=\"100\" height=\"100\" \/><\/p>\n","protected":false},"featured_media":13765,"comment_status":"open","ping_status":"closed","template":"","meta":[],"pwb-brand":[1664,1672],"product_brand":[],"product_cat":[1574,1557],"product_tag":[279,281,282,118],"class_list":{"0":"post-22439","1":"product","2":"type-product","3":"status-publish","4":"has-post-thumbnail","6":"pwb-brand-cuisivin-fr","7":"pwb-brand-masterbrew-fr","8":"product_cat-biere","9":"product_cat-verrerie","10":"product_tag-biere","11":"product_tag-cuisivin-fr","12":"product_tag-masterbrew-fr","13":"product_tag-verrerie","15":"first","16":"instock","17":"taxable","18":"shipping-taxable","19":"purchasable","20":"product-type-simple"},"brands":[{"id":1664,"name":"Cuisivin","slug":"cuisivin-fr"},{"id":1672,"name":"Masterbrew","slug":"masterbrew-fr"}],"_links":{"self":[{"href":"https:\/\/gocuisivin.com\/fr\/wp-json\/wp\/v2\/product\/22439","targetHints":{"allow":["GET"]}}],"collection":[{"href":"https:\/\/gocuisivin.com\/fr\/wp-json\/wp\/v2\/product"}],"about":[{"href":"https:\/\/gocuisivin.com\/fr\/wp-json\/wp\/v2\/types\/product"}],"replies":[{"embeddable":true,"href":"https:\/\/gocuisivin.com\/fr\/wp-json\/wp\/v2\/comments?post=22439"}],"version-history":[{"count":2,"href":"https:\/\/gocuisivin.com\/fr\/wp-json\/wp\/v2\/product\/22439\/revisions"}],"predecessor-version":[{"id":24159,"href":"https:\/\/gocuisivin.com\/fr\/wp-json\/wp\/v2\/product\/22439\/revisions\/24159"}],"wp:featuredmedia":[{"embeddable":true,"href":"https:\/\/gocuisivin.com\/fr\/wp-json\/wp\/v2\/media\/13765"}],"wp:attachment":[{"href":"https:\/\/gocuisivin.com\/fr\/wp-json\/wp\/v2\/media?parent=22439"}],"wp:term":[{"taxonomy":"pwb-brand","embeddable":true,"href":"https:\/\/gocuisivin.com\/fr\/wp-json\/wp\/v2\/pwb-brand?post=22439"},{"taxonomy":"product_brand","embeddable":true,"href":"https:\/\/gocuisivin.com\/fr\/wp-json\/wp\/v2\/product_brand?post=22439"},{"taxonomy":"product_cat","embeddable":true,"href":"https:\/\/gocuisivin.com\/fr\/wp-json\/wp\/v2\/product_cat?post=22439"},{"taxonomy":"product_tag","embeddable":true,"href":"https:\/\/gocuisivin.com\/fr\/wp-json\/wp\/v2\/product_tag?post=22439"}],"curies":[{"name":"wp","href":"https:\/\/api.w.org\/{rel}","templated":true}]}}