{"id":22438,"date":"2022-03-14T10:12:31","date_gmt":"2022-03-14T10:12:31","guid":{"rendered":"https:\/\/gocuisivin.com\/product\/vol-de-degustation-de-bieres-masterbrew-cuisivin-coffret-cadeau\/"},"modified":"2023-01-18T16:05:29","modified_gmt":"2023-01-18T16:05:29","slug":"vol-de-degustation-de-bieres-masterbrew-cuisivin-coffret-cadeau","status":"publish","type":"product","link":"https:\/\/gocuisivin.com\/fr\/product\/vol-de-degustation-de-bieres-masterbrew-cuisivin-coffret-cadeau\/","title":{"rendered":"Vol de d\u00e9gustation de bi\u00e8res Masterbrew Cuisivin &#8211; Coffret cadeau"},"content":{"rendered":"<p>Appr\u00e9ciez les profils aromatiques complexes de vos bi\u00e8res et cidres artisanaux pr\u00e9f\u00e9r\u00e9s avec le Masterbrew Tasting Flight. La courbure de ces verres aux bords fins aide \u00e0 capturer et \u00e0 lib\u00e9rer les ar\u00f4mes pendant que vous buvez. Le contour du verre leur permet \u00e9galement d&#8217;\u00eatre transport\u00e9s en toute s\u00e9curit\u00e9 sur le pont d&#8217;envol en raison de la conception de la pagaie drop-through. Plus de d\u00e9versements ! L&#8217;ensemble contient quatre d\u00e9gustateurs de bi\u00e8re + un poste de pilotage en bois.<\/p>\n","protected":false},"excerpt":{"rendered":"<p>&nbsp;<\/p>\n<ul>\n<li>Compl\u00e9tez les d\u00e9gustations de bi\u00e8re et de cidre avec style<\/li>\n<li>Verres sp\u00e9cialement con\u00e7us pour sublimer les aromatiques<\/li>\n<li>La conception de la pagaie drop-through emp\u00eache les d\u00e9versements pendant le transport<\/li>\n<li>Verrerie allemande avec palette en bambou<\/li>\n<li>Capacit\u00e9 : 6,6 oz \/ 190 ml<\/li>\n<li>Le coffret cadeau couleur comprend 4 verres et 1 pagaie<\/li>\n<\/ul>\n<p><img decoding=\"async\" src=\"https:\/\/gocuisivin.com\/gleengag\/2022\/03\/Icon-w_-Text_Made-in-Germany_1.jpg\" alt=\"\" width=\"100\" height=\"100\" \/><img decoding=\"async\" src=\"https:\/\/gocuisivin.com\/gleengag\/2022\/03\/Icon-w_-Text_Fine-Rim_1-scaled-e1647696201810.jpg\" alt=\"\" width=\"100\" height=\"100\" \/><img decoding=\"async\" src=\"https:\/\/gocuisivin.com\/gleengag\/2022\/03\/Icon-w_-Text_Dishwasher-Safe_1-scaled-e1647696229552.jpg\" alt=\"\" width=\"100\" height=\"100\" \/><\/p>\n","protected":false},"featured_media":28659,"comment_status":"open","ping_status":"closed","template":"","meta":[],"pwb-brand":[1664,1672],"product_brand":[],"product_cat":[1574,1557],"product_tag":[279,281,282,118],"class_list":{"0":"post-22438","1":"product","2":"type-product","3":"status-publish","4":"has-post-thumbnail","6":"pwb-brand-cuisivin-fr","7":"pwb-brand-masterbrew-fr","8":"product_cat-biere","9":"product_cat-verrerie","10":"product_tag-biere","11":"product_tag-cuisivin-fr","12":"product_tag-masterbrew-fr","13":"product_tag-verrerie","15":"first","16":"instock","17":"taxable","18":"shipping-taxable","19":"purchasable","20":"product-type-simple"},"brands":[{"id":1664,"name":"Cuisivin","slug":"cuisivin-fr"},{"id":1672,"name":"Masterbrew","slug":"masterbrew-fr"}],"_links":{"self":[{"href":"https:\/\/gocuisivin.com\/fr\/wp-json\/wp\/v2\/product\/22438","targetHints":{"allow":["GET"]}}],"collection":[{"href":"https:\/\/gocuisivin.com\/fr\/wp-json\/wp\/v2\/product"}],"about":[{"href":"https:\/\/gocuisivin.com\/fr\/wp-json\/wp\/v2\/types\/product"}],"replies":[{"embeddable":true,"href":"https:\/\/gocuisivin.com\/fr\/wp-json\/wp\/v2\/comments?post=22438"}],"version-history":[{"count":2,"href":"https:\/\/gocuisivin.com\/fr\/wp-json\/wp\/v2\/product\/22438\/revisions"}],"predecessor-version":[{"id":24158,"href":"https:\/\/gocuisivin.com\/fr\/wp-json\/wp\/v2\/product\/22438\/revisions\/24158"}],"wp:featuredmedia":[{"embeddable":true,"href":"https:\/\/gocuisivin.com\/fr\/wp-json\/wp\/v2\/media\/28659"}],"wp:attachment":[{"href":"https:\/\/gocuisivin.com\/fr\/wp-json\/wp\/v2\/media?parent=22438"}],"wp:term":[{"taxonomy":"pwb-brand","embeddable":true,"href":"https:\/\/gocuisivin.com\/fr\/wp-json\/wp\/v2\/pwb-brand?post=22438"},{"taxonomy":"product_brand","embeddable":true,"href":"https:\/\/gocuisivin.com\/fr\/wp-json\/wp\/v2\/product_brand?post=22438"},{"taxonomy":"product_cat","embeddable":true,"href":"https:\/\/gocuisivin.com\/fr\/wp-json\/wp\/v2\/product_cat?post=22438"},{"taxonomy":"product_tag","embeddable":true,"href":"https:\/\/gocuisivin.com\/fr\/wp-json\/wp\/v2\/product_tag?post=22438"}],"curies":[{"name":"wp","href":"https:\/\/api.w.org\/{rel}","templated":true}]}}