{"id":22437,"date":"2022-03-14T10:12:32","date_gmt":"2022-03-14T10:12:32","guid":{"rendered":"https:\/\/gocuisivin.com\/product\/verre-a-biere-cuisivin-masterbrew-nonic-paquet-de-6\/"},"modified":"2023-01-18T16:02:18","modified_gmt":"2023-01-18T16:02:18","slug":"verre-a-biere-cuisivin-masterbrew-nonic-paquet-de-6","status":"publish","type":"product","link":"https:\/\/gocuisivin.com\/fr\/product\/verre-a-biere-cuisivin-masterbrew-nonic-paquet-de-6\/","title":{"rendered":"Verre \u00e0 bi\u00e8re Cuisivin Masterbrew Nonic &#8211; Paquet de 6"},"content":{"rendered":"<p>Le verre \u00e0 bi\u00e8re Masterbrew Nonic est le verre tout usage parfait. La courbure du verre est con\u00e7ue pour mettre en valeur la saveur et les ar\u00f4mes d&#8217;une grande vari\u00e9t\u00e9 de bi\u00e8res et de cidres. Cristal europ\u00e9en sans plomb.<\/p>\n","protected":false},"excerpt":{"rendered":"<p>&nbsp;<\/p>\n<ul>\n<li>Design nonic embl\u00e9matique parfait pour la bi\u00e8re et le cidre<\/li>\n<li>Courbure du verre con\u00e7ue pour mettre en valeur les saveurs et les ar\u00f4mes<\/li>\n<li>Cristal europ\u00e9en sans plomb<\/li>\n<li>Capacit\u00e9 : 13,5 oz\/400 ml<\/li>\n<li>Lave-vaisselle<\/li>\n<li>Bo\u00eete marron 6pk<\/li>\n<\/ul>\n<p><img decoding=\"async\" src=\"https:\/\/gocuisivin.com\/gleengag\/2022\/03\/Icon-w_-Text_Made-in-Europe_1-scaled-e1647696362269.jpg\" alt=\"\" width=\"100\" height=\"100\" \/><img decoding=\"async\" src=\"https:\/\/gocuisivin.com\/gleengag\/2022\/03\/Icon-w_-Text_Lead-Free-Crystal_1-scaled-e1647696159460.jpg\" alt=\"\" width=\"100\" height=\"100\" \/><img decoding=\"async\" src=\"https:\/\/gocuisivin.com\/gleengag\/2022\/03\/Icon-w_-Text_Dishwasher-Safe_1-scaled-e1647696229552.jpg\" alt=\"\" width=\"100\" height=\"100\" \/><\/p>\n","protected":false},"featured_media":13781,"comment_status":"open","ping_status":"closed","template":"","meta":[],"pwb-brand":[1664,1672],"product_brand":[],"product_cat":[1574,1557],"product_tag":[279,281,282,118],"class_list":{"0":"post-22437","1":"product","2":"type-product","3":"status-publish","4":"has-post-thumbnail","6":"pwb-brand-cuisivin-fr","7":"pwb-brand-masterbrew-fr","8":"product_cat-biere","9":"product_cat-verrerie","10":"product_tag-biere","11":"product_tag-cuisivin-fr","12":"product_tag-masterbrew-fr","13":"product_tag-verrerie","15":"first","16":"instock","17":"taxable","18":"shipping-taxable","19":"purchasable","20":"product-type-simple"},"brands":[{"id":1664,"name":"Cuisivin","slug":"cuisivin-fr"},{"id":1672,"name":"Masterbrew","slug":"masterbrew-fr"}],"_links":{"self":[{"href":"https:\/\/gocuisivin.com\/fr\/wp-json\/wp\/v2\/product\/22437","targetHints":{"allow":["GET"]}}],"collection":[{"href":"https:\/\/gocuisivin.com\/fr\/wp-json\/wp\/v2\/product"}],"about":[{"href":"https:\/\/gocuisivin.com\/fr\/wp-json\/wp\/v2\/types\/product"}],"replies":[{"embeddable":true,"href":"https:\/\/gocuisivin.com\/fr\/wp-json\/wp\/v2\/comments?post=22437"}],"version-history":[{"count":2,"href":"https:\/\/gocuisivin.com\/fr\/wp-json\/wp\/v2\/product\/22437\/revisions"}],"predecessor-version":[{"id":24154,"href":"https:\/\/gocuisivin.com\/fr\/wp-json\/wp\/v2\/product\/22437\/revisions\/24154"}],"wp:featuredmedia":[{"embeddable":true,"href":"https:\/\/gocuisivin.com\/fr\/wp-json\/wp\/v2\/media\/13781"}],"wp:attachment":[{"href":"https:\/\/gocuisivin.com\/fr\/wp-json\/wp\/v2\/media?parent=22437"}],"wp:term":[{"taxonomy":"pwb-brand","embeddable":true,"href":"https:\/\/gocuisivin.com\/fr\/wp-json\/wp\/v2\/pwb-brand?post=22437"},{"taxonomy":"product_brand","embeddable":true,"href":"https:\/\/gocuisivin.com\/fr\/wp-json\/wp\/v2\/product_brand?post=22437"},{"taxonomy":"product_cat","embeddable":true,"href":"https:\/\/gocuisivin.com\/fr\/wp-json\/wp\/v2\/product_cat?post=22437"},{"taxonomy":"product_tag","embeddable":true,"href":"https:\/\/gocuisivin.com\/fr\/wp-json\/wp\/v2\/product_tag?post=22437"}],"curies":[{"name":"wp","href":"https:\/\/api.w.org\/{rel}","templated":true}]}}