{"id":22435,"date":"2022-03-14T10:12:29","date_gmt":"2022-03-14T10:12:29","guid":{"rendered":"https:\/\/gocuisivin.com\/product\/degustateur-universel-teku-de-cuisivin-paquet-de-6\/"},"modified":"2023-01-18T16:14:06","modified_gmt":"2023-01-18T16:14:06","slug":"degustateur-universel-teku-de-cuisivin-paquet-de-6","status":"publish","type":"product","link":"https:\/\/gocuisivin.com\/fr\/product\/degustateur-universel-teku-de-cuisivin-paquet-de-6\/","title":{"rendered":"D\u00e9gustateur universel Teku de Cuisivin &#8211; Paquet de 6"},"content":{"rendered":"<p>L&#8217;Universal Teku Taster permet une exp\u00e9rience de consommation sensorielle compl\u00e8te en capturant et en lib\u00e9rant les ar\u00f4mes dans la courbe vers l&#8217;ext\u00e9rieur du verre. Ce d\u00e9gustateur universel est parfait pour d\u00e9guster de la bi\u00e8re artisanale, des spiritueux, du vin, du cidre et plus encore. Avec la capacit\u00e9 de contenir 6,5 onces lorsqu&#8217;il est rempli \u00e0 pleine capacit\u00e9, la surface la plus large du verre est d&#8217;environ 1,3 once, ce qui permet une lib\u00e9ration maximale des ar\u00f4mes et un d\u00e9veloppement de la saveur.<\/p>\n","protected":false},"excerpt":{"rendered":"<h3>Fonctionnalit\u00e9s<\/h3>\n<ul>\n<li>Verre de d\u00e9gustation sans pied pour d\u00e9guster de la bi\u00e8re, des spiritueux, du vin et plus encore\u00a0!<\/li>\n<li>Sp\u00e9cialement con\u00e7u pour sublimer les ar\u00f4mes<\/li>\n<li>Cristal sans plomb allemand<\/li>\n<li>Jante fine<\/li>\n<li>Capacit\u00e9 : 6,5 oz \/ 194 ml<\/li>\n<li>bo\u00eete-cadeau 6pk<\/li>\n<\/ul>\n<p><img decoding=\"async\" src=\"https:\/\/gocuisivin.com\/gleengag\/2022\/03\/Icon-w_-Text_Made-in-Germany_1.jpg\" alt=\"\" width=\"100\" height=\"100\" \/><img decoding=\"async\" src=\"https:\/\/gocuisivin.com\/gleengag\/2022\/03\/Icon-w_-Text_Lead-Free-Crystal_1-scaled-e1647696159460.jpg\" alt=\"\" width=\"100\" height=\"100\" \/><img decoding=\"async\" src=\"https:\/\/gocuisivin.com\/gleengag\/2022\/03\/Icon-w_-Text_Fine-Rim_1-scaled-e1647696201810.jpg\" alt=\"\" width=\"100\" height=\"100\" \/><img loading=\"lazy\" decoding=\"async\" src=\"https:\/\/gocuisivin.com\/gleengag\/2022\/03\/Icon-w_-Text_Dishwasher-Safe_1-scaled-e1647696229552.jpg\" alt=\"\" width=\"100\" height=\"100\" \/><\/p>\n","protected":false},"featured_media":29156,"comment_status":"open","ping_status":"closed","template":"","meta":[],"pwb-brand":[],"product_brand":[],"product_cat":[1574,525,1573,1557,1559],"product_tag":[279,291,281,127,118,527],"class_list":{"0":"post-22435","1":"product","2":"type-product","3":"status-publish","4":"has-post-thumbnail","6":"product_cat-biere","7":"product_cat-cocktail-fr","8":"product_cat-sans-tige","9":"product_cat-verrerie","10":"product_cat-whisky-spiritueux","11":"product_tag-biere","12":"product_tag-cocktail-fr","13":"product_tag-cuisivin-fr","14":"product_tag-sans-tige","15":"product_tag-verrerie","16":"product_tag-whisky-spiritueux-fr","18":"first","19":"instock","20":"taxable","21":"shipping-taxable","22":"purchasable","23":"product-type-simple"},"brands":[],"_links":{"self":[{"href":"https:\/\/gocuisivin.com\/fr\/wp-json\/wp\/v2\/product\/22435","targetHints":{"allow":["GET"]}}],"collection":[{"href":"https:\/\/gocuisivin.com\/fr\/wp-json\/wp\/v2\/product"}],"about":[{"href":"https:\/\/gocuisivin.com\/fr\/wp-json\/wp\/v2\/types\/product"}],"replies":[{"embeddable":true,"href":"https:\/\/gocuisivin.com\/fr\/wp-json\/wp\/v2\/comments?post=22435"}],"version-history":[{"count":1,"href":"https:\/\/gocuisivin.com\/fr\/wp-json\/wp\/v2\/product\/22435\/revisions"}],"predecessor-version":[{"id":24166,"href":"https:\/\/gocuisivin.com\/fr\/wp-json\/wp\/v2\/product\/22435\/revisions\/24166"}],"wp:featuredmedia":[{"embeddable":true,"href":"https:\/\/gocuisivin.com\/fr\/wp-json\/wp\/v2\/media\/29156"}],"wp:attachment":[{"href":"https:\/\/gocuisivin.com\/fr\/wp-json\/wp\/v2\/media?parent=22435"}],"wp:term":[{"taxonomy":"pwb-brand","embeddable":true,"href":"https:\/\/gocuisivin.com\/fr\/wp-json\/wp\/v2\/pwb-brand?post=22435"},{"taxonomy":"product_brand","embeddable":true,"href":"https:\/\/gocuisivin.com\/fr\/wp-json\/wp\/v2\/product_brand?post=22435"},{"taxonomy":"product_cat","embeddable":true,"href":"https:\/\/gocuisivin.com\/fr\/wp-json\/wp\/v2\/product_cat?post=22435"},{"taxonomy":"product_tag","embeddable":true,"href":"https:\/\/gocuisivin.com\/fr\/wp-json\/wp\/v2\/product_tag?post=22435"}],"curies":[{"name":"wp","href":"https:\/\/api.w.org\/{rel}","templated":true}]}}