{"id":22434,"date":"2022-03-14T10:12:30","date_gmt":"2022-03-14T10:12:30","guid":{"rendered":"https:\/\/gocuisivin.com\/product\/gobelet-a-vin-decontracte-sans-pied-cuisivin-paquet-de-6\/"},"modified":"2023-01-18T16:09:31","modified_gmt":"2023-01-18T16:09:31","slug":"gobelet-a-vin-decontracte-sans-pied-cuisivin-paquet-de-6","status":"publish","type":"product","link":"https:\/\/gocuisivin.com\/fr\/product\/gobelet-a-vin-decontracte-sans-pied-cuisivin-paquet-de-6\/","title":{"rendered":"Gobelet \u00e0 vin d\u00e9contract\u00e9 sans pied Cuisivin &#8211; Paquet de 6"},"content":{"rendered":"<p>Le gobelet \u00e0 vin d\u00e9contract\u00e9 Cuisivin est un design classique sans pied avec un poids agr\u00e9able et une capacit\u00e9 id\u00e9ale. Fabriqu\u00e9 en Europe, avec du cristal sans plomb, c&#8217;est une capacit\u00e9 id\u00e9ale pour une grande vari\u00e9t\u00e9 de boissons.<\/p>\n","protected":false},"excerpt":{"rendered":"<p>&nbsp;<\/p>\n<ul>\n<li>Conception classique sans tige<\/li>\n<li>Id\u00e9al pour le vin et les cocktails<\/li>\n<li>Cristal europ\u00e9en sans plomb<\/li>\n<li>Capacit\u00e9: 16oz\/460ml<\/li>\n<li>Lave-vaisselle<\/li>\n<li>Bo\u00eete marron 6pk<\/li>\n<\/ul>\n<p><img decoding=\"async\" src=\"https:\/\/gocuisivin.com\/gleengag\/2022\/03\/Icon-w_-Text_Made-in-Europe_1-scaled-e1647696362269.jpg\" alt=\"\" width=\"100\" height=\"100\" \/><img decoding=\"async\" src=\"https:\/\/gocuisivin.com\/gleengag\/2022\/03\/Icon-w_-Text_Lead-Free-Crystal_1-scaled-e1647696159460.jpg\" alt=\"\" width=\"100\" height=\"100\" \/><img decoding=\"async\" src=\"https:\/\/gocuisivin.com\/gleengag\/2022\/03\/Icon-w_-Text_Fine-Rim_1-scaled-e1647696201810.jpg\" alt=\"\" width=\"100\" height=\"100\" \/><img loading=\"lazy\" decoding=\"async\" src=\"https:\/\/gocuisivin.com\/gleengag\/2022\/03\/Icon-w_-Text_Dishwasher-Safe_1-scaled-e1647696229552.jpg\" alt=\"\" width=\"100\" height=\"100\" \/><\/p>\n","protected":false},"featured_media":13705,"comment_status":"open","ping_status":"closed","template":"","meta":[],"pwb-brand":[1664],"product_brand":[],"product_cat":[1573,1557],"product_tag":[281,127,118],"class_list":{"0":"post-22434","1":"product","2":"type-product","3":"status-publish","4":"has-post-thumbnail","6":"pwb-brand-cuisivin-fr","7":"product_cat-sans-tige","8":"product_cat-verrerie","9":"product_tag-cuisivin-fr","10":"product_tag-sans-tige","11":"product_tag-verrerie","13":"first","14":"instock","15":"taxable","16":"shipping-taxable","17":"purchasable","18":"product-type-simple"},"brands":[{"id":1664,"name":"Cuisivin","slug":"cuisivin-fr"}],"_links":{"self":[{"href":"https:\/\/gocuisivin.com\/fr\/wp-json\/wp\/v2\/product\/22434","targetHints":{"allow":["GET"]}}],"collection":[{"href":"https:\/\/gocuisivin.com\/fr\/wp-json\/wp\/v2\/product"}],"about":[{"href":"https:\/\/gocuisivin.com\/fr\/wp-json\/wp\/v2\/types\/product"}],"replies":[{"embeddable":true,"href":"https:\/\/gocuisivin.com\/fr\/wp-json\/wp\/v2\/comments?post=22434"}],"version-history":[{"count":1,"href":"https:\/\/gocuisivin.com\/fr\/wp-json\/wp\/v2\/product\/22434\/revisions"}],"predecessor-version":[{"id":24162,"href":"https:\/\/gocuisivin.com\/fr\/wp-json\/wp\/v2\/product\/22434\/revisions\/24162"}],"wp:featuredmedia":[{"embeddable":true,"href":"https:\/\/gocuisivin.com\/fr\/wp-json\/wp\/v2\/media\/13705"}],"wp:attachment":[{"href":"https:\/\/gocuisivin.com\/fr\/wp-json\/wp\/v2\/media?parent=22434"}],"wp:term":[{"taxonomy":"pwb-brand","embeddable":true,"href":"https:\/\/gocuisivin.com\/fr\/wp-json\/wp\/v2\/pwb-brand?post=22434"},{"taxonomy":"product_brand","embeddable":true,"href":"https:\/\/gocuisivin.com\/fr\/wp-json\/wp\/v2\/product_brand?post=22434"},{"taxonomy":"product_cat","embeddable":true,"href":"https:\/\/gocuisivin.com\/fr\/wp-json\/wp\/v2\/product_cat?post=22434"},{"taxonomy":"product_tag","embeddable":true,"href":"https:\/\/gocuisivin.com\/fr\/wp-json\/wp\/v2\/product_tag?post=22434"}],"curies":[{"name":"wp","href":"https:\/\/api.w.org\/{rel}","templated":true}]}}