{"id":22433,"date":"2022-03-14T10:12:29","date_gmt":"2022-03-14T10:12:29","guid":{"rendered":"https:\/\/gocuisivin.com\/product\/verre-a-gin-copa-sans-pied-cuisivin-coffret-cadeau\/"},"modified":"2023-01-18T16:12:56","modified_gmt":"2023-01-18T16:12:56","slug":"verre-a-gin-copa-sans-pied-cuisivin-coffret-cadeau","status":"publish","type":"product","link":"https:\/\/gocuisivin.com\/fr\/product\/verre-a-gin-copa-sans-pied-cuisivin-coffret-cadeau\/","title":{"rendered":"Verre \u00e0 Gin Copa sans pied Cuisivin &#8211; Coffret Cadeau"},"content":{"rendered":"<p>Savourez vos cocktails Gin &amp; Tonic et Gin dans ces verres Copa Gin sans pied d&#8217;inspiration espagnole. Bol en forme de ballon \u00e0 corps large sp\u00e9cialement con\u00e7u pour contenir beaucoup de glace et garnir pour des styles de boissons Gin toujours plus nombreux. Cristal sans plomb, fabriqu\u00e9 en Europe. L&#8217;ensemble cadeau comprend 4 verres et 4 sous-verres \u00e0 recettes.<\/p>\n","protected":false},"excerpt":{"rendered":"<p>&nbsp;<\/p>\n<ul>\n<li>Verres sans pied Copa Gin d&#8217;inspiration espagnole &#8211; parfaits pour les cocktails au gin<\/li>\n<li>Bol large en forme de ballon<\/li>\n<li>Cristal europ\u00e9en sans plomb<\/li>\n<li>Comprend des sous-verres \u00e9pais en li\u00e8ge portugais &#8211; chacun avec une recette de cocktail Gin diff\u00e9rente<\/li>\n<li>Capacit\u00e9 : 14,9 oz \/ 440 ml<\/li>\n<li>L&#8217;ensemble cadeau comprend : 4 verres et 4 sous-verres en li\u00e8ge \u00e0 recettes<\/li>\n<\/ul>\n<p><img decoding=\"async\" src=\"https:\/\/gocuisivin.com\/gleengag\/2022\/03\/Icon-w_-Text_Made-in-Europe_1-scaled-e1647696362269.jpg\" alt=\"\" width=\"100\" height=\"100\" \/><img decoding=\"async\" src=\"https:\/\/gocuisivin.com\/gleengag\/2022\/03\/Icon-w_-Text_Lead-Free-Crystal_1-scaled-e1647696159460.jpg\" alt=\"\" width=\"100\" height=\"100\" \/><img decoding=\"async\" src=\"https:\/\/gocuisivin.com\/gleengag\/2022\/03\/Icon-w_-Text_Fine-Rim_1-scaled-e1647696201810.jpg\" alt=\"\" width=\"100\" height=\"100\" \/><img loading=\"lazy\" decoding=\"async\" src=\"https:\/\/gocuisivin.com\/gleengag\/2022\/03\/Icon-w_-Text_Dishwasher-Safe_1-scaled-e1647696229552.jpg\" alt=\"\" width=\"100\" height=\"100\" \/><\/p>\n","protected":false},"featured_media":29452,"comment_status":"open","ping_status":"closed","template":"","meta":[],"pwb-brand":[1664],"product_brand":[],"product_cat":[525,1573,1557],"product_tag":[291,315,281,316,314,127,278,115,116],"class_list":{"0":"post-22433","1":"product","2":"type-product","3":"status-publish","4":"has-post-thumbnail","6":"pwb-brand-cuisivin-fr","7":"product_cat-cocktail-fr","8":"product_cat-sans-tige","9":"product_cat-verrerie","10":"product_tag-cocktail-fr","11":"product_tag-coupe-du-monde","12":"product_tag-cuisivin-fr","13":"product_tag-ensemble-cadeau","14":"product_tag-gin-fr","15":"product_tag-sans-tige","16":"product_tag-un-verre","17":"product_tag-verre-de-vin","18":"product_tag-vin","20":"first","21":"instock","22":"taxable","23":"shipping-taxable","24":"purchasable","25":"product-type-simple"},"brands":[{"id":1664,"name":"Cuisivin","slug":"cuisivin-fr"}],"_links":{"self":[{"href":"https:\/\/gocuisivin.com\/fr\/wp-json\/wp\/v2\/product\/22433","targetHints":{"allow":["GET"]}}],"collection":[{"href":"https:\/\/gocuisivin.com\/fr\/wp-json\/wp\/v2\/product"}],"about":[{"href":"https:\/\/gocuisivin.com\/fr\/wp-json\/wp\/v2\/types\/product"}],"replies":[{"embeddable":true,"href":"https:\/\/gocuisivin.com\/fr\/wp-json\/wp\/v2\/comments?post=22433"}],"version-history":[{"count":1,"href":"https:\/\/gocuisivin.com\/fr\/wp-json\/wp\/v2\/product\/22433\/revisions"}],"predecessor-version":[{"id":24165,"href":"https:\/\/gocuisivin.com\/fr\/wp-json\/wp\/v2\/product\/22433\/revisions\/24165"}],"wp:featuredmedia":[{"embeddable":true,"href":"https:\/\/gocuisivin.com\/fr\/wp-json\/wp\/v2\/media\/29452"}],"wp:attachment":[{"href":"https:\/\/gocuisivin.com\/fr\/wp-json\/wp\/v2\/media?parent=22433"}],"wp:term":[{"taxonomy":"pwb-brand","embeddable":true,"href":"https:\/\/gocuisivin.com\/fr\/wp-json\/wp\/v2\/pwb-brand?post=22433"},{"taxonomy":"product_brand","embeddable":true,"href":"https:\/\/gocuisivin.com\/fr\/wp-json\/wp\/v2\/product_brand?post=22433"},{"taxonomy":"product_cat","embeddable":true,"href":"https:\/\/gocuisivin.com\/fr\/wp-json\/wp\/v2\/product_cat?post=22433"},{"taxonomy":"product_tag","embeddable":true,"href":"https:\/\/gocuisivin.com\/fr\/wp-json\/wp\/v2\/product_tag?post=22433"}],"curies":[{"name":"wp","href":"https:\/\/api.w.org\/{rel}","templated":true}]}}