{"id":22430,"date":"2022-03-14T10:12:30","date_gmt":"2022-03-14T10:12:30","guid":{"rendered":"https:\/\/gocuisivin.com\/product\/gobelet-dof-casual-cuisivin-ensemble-cadeau\/"},"modified":"2023-01-18T16:07:19","modified_gmt":"2023-01-18T16:07:19","slug":"gobelet-dof-casual-cuisivin-ensemble-cadeau","status":"publish","type":"product","link":"https:\/\/gocuisivin.com\/fr\/product\/gobelet-dof-casual-cuisivin-ensemble-cadeau\/","title":{"rendered":"Gobelet DOF Casual Cuisivin &#8211; Ensemble cadeau"},"content":{"rendered":"<p>L&#8217;ensemble de gobelets DOF comprend deux verres traditionnels en cristal sans plomb \u00e0 l&#8217;ancienne ainsi que deux \u00e9pais sous-verres en li\u00e8ge portugais. Fabriqu\u00e9 en Europe, l&#8217;ensemble est un cadeau parfait pour les amateurs de whisky<\/p>\n","protected":false},"excerpt":{"rendered":"<p>&nbsp;<\/p>\n<ul>\n<li>Verres \u00e0 whisky classiques doubles \u00e0 l&#8217;ancienne<\/li>\n<li>Grand avec base lourde<\/li>\n<li>Cristal europ\u00e9en sans plomb<\/li>\n<li>Comprend des sous-verres \u00e9pais en li\u00e8ge portugais<\/li>\n<li>Capacit\u00e9 : 6,5 oz \/ 190 ml<\/li>\n<li>Le coffret cadeau comprend : 2 verres et 2 sous-verres en li\u00e8ge<\/li>\n<\/ul>\n<p><img decoding=\"async\" src=\"https:\/\/gocuisivin.com\/gleengag\/2022\/03\/Icon-w_-Text_Made-in-Europe_1-scaled-e1647696362269.jpg\" alt=\"\" width=\"100\" height=\"100\" \/><img decoding=\"async\" src=\"https:\/\/gocuisivin.com\/gleengag\/2022\/03\/Icon-w_-Text_Lead-Free-Crystal_1-scaled-e1647696159460.jpg\" alt=\"\" width=\"100\" height=\"100\" \/><img decoding=\"async\" src=\"https:\/\/gocuisivin.com\/gleengag\/2022\/03\/Icon-w_-Text_Fine-Rim_1-scaled-e1647696201810.jpg\" alt=\"\" width=\"100\" height=\"100\" \/><img loading=\"lazy\" decoding=\"async\" src=\"https:\/\/gocuisivin.com\/gleengag\/2022\/03\/Icon-w_-Text_Dishwasher-Safe_1-scaled-e1647696229552.jpg\" alt=\"\" width=\"100\" height=\"100\" \/><\/p>\n","protected":false},"featured_media":13687,"comment_status":"open","ping_status":"closed","template":"","meta":[],"pwb-brand":[1664],"product_brand":[],"product_cat":[525,1557,1559],"product_tag":[291,281,118,527],"class_list":{"0":"post-22430","1":"product","2":"type-product","3":"status-publish","4":"has-post-thumbnail","6":"pwb-brand-cuisivin-fr","7":"product_cat-cocktail-fr","8":"product_cat-verrerie","9":"product_cat-whisky-spiritueux","10":"product_tag-cocktail-fr","11":"product_tag-cuisivin-fr","12":"product_tag-verrerie","13":"product_tag-whisky-spiritueux-fr","15":"first","16":"instock","17":"taxable","18":"shipping-taxable","19":"purchasable","20":"product-type-simple"},"brands":[{"id":1664,"name":"Cuisivin","slug":"cuisivin-fr"}],"_links":{"self":[{"href":"https:\/\/gocuisivin.com\/fr\/wp-json\/wp\/v2\/product\/22430","targetHints":{"allow":["GET"]}}],"collection":[{"href":"https:\/\/gocuisivin.com\/fr\/wp-json\/wp\/v2\/product"}],"about":[{"href":"https:\/\/gocuisivin.com\/fr\/wp-json\/wp\/v2\/types\/product"}],"replies":[{"embeddable":true,"href":"https:\/\/gocuisivin.com\/fr\/wp-json\/wp\/v2\/comments?post=22430"}],"version-history":[{"count":1,"href":"https:\/\/gocuisivin.com\/fr\/wp-json\/wp\/v2\/product\/22430\/revisions"}],"predecessor-version":[{"id":24160,"href":"https:\/\/gocuisivin.com\/fr\/wp-json\/wp\/v2\/product\/22430\/revisions\/24160"}],"wp:featuredmedia":[{"embeddable":true,"href":"https:\/\/gocuisivin.com\/fr\/wp-json\/wp\/v2\/media\/13687"}],"wp:attachment":[{"href":"https:\/\/gocuisivin.com\/fr\/wp-json\/wp\/v2\/media?parent=22430"}],"wp:term":[{"taxonomy":"pwb-brand","embeddable":true,"href":"https:\/\/gocuisivin.com\/fr\/wp-json\/wp\/v2\/pwb-brand?post=22430"},{"taxonomy":"product_brand","embeddable":true,"href":"https:\/\/gocuisivin.com\/fr\/wp-json\/wp\/v2\/product_brand?post=22430"},{"taxonomy":"product_cat","embeddable":true,"href":"https:\/\/gocuisivin.com\/fr\/wp-json\/wp\/v2\/product_cat?post=22430"},{"taxonomy":"product_tag","embeddable":true,"href":"https:\/\/gocuisivin.com\/fr\/wp-json\/wp\/v2\/product_tag?post=22430"}],"curies":[{"name":"wp","href":"https:\/\/api.w.org\/{rel}","templated":true}]}}