{"id":22425,"date":"2022-03-14T10:24:31","date_gmt":"2022-03-14T10:24:31","guid":{"rendered":"https:\/\/gocuisivin.com\/product\/verre-a-vin-riesling-temptation-cuisivin-paquet-de-6\/"},"modified":"2023-01-18T15:57:15","modified_gmt":"2023-01-18T15:57:15","slug":"verre-a-vin-riesling-temptation-cuisivin-paquet-de-6","status":"publish","type":"product","link":"https:\/\/gocuisivin.com\/fr\/product\/verre-a-vin-riesling-temptation-cuisivin-paquet-de-6\/","title":{"rendered":"Verre \u00e0 vin Riesling Temptation Cuisivin &#8211; Paquet de 6"},"content":{"rendered":"<p>Le Tokyo Temptation Riesling est un bol plus petit qui convient aux vins plus doux. Le verre est fait de cristal sans plomb incassable et renforc\u00e9 de titane &#8211; ceci combin\u00e9 \u00e0 la technologie de tige tir\u00e9e en une seule pi\u00e8ce permet une paroi et un rebord tr\u00e8s fins, tout en restant extr\u00eamement durable. Le composite brillant est r\u00e9sistant aux d\u00e9tergents et passe au lave-vaisselle, ce qui rend ce superbe verre parfait pour un usage quotidien.<\/p>\n","protected":false},"excerpt":{"rendered":"<p>&nbsp;<\/p>\n<ul>\n<li>Sp\u00e9cialement con\u00e7u pour les vins plus doux, le vin de glace, le porto et la liqueur<\/li>\n<li>Enrichi en titane pour une haute r\u00e9sistance \u00e0 la rupture<\/li>\n<li>R\u00e9sistant aux d\u00e9tergents pour maintenir la clart\u00e9<\/li>\n<li>Cristal sans plomb<\/li>\n<li>Capacit\u00e9 : 8,75 oz\/259 ml<\/li>\n<li>Bo\u00eete marron<\/li>\n<\/ul>\n<p><img decoding=\"async\" src=\"https:\/\/gocuisivin.com\/gleengag\/2022\/03\/Icon-w_-Text_Lead-Free-Crystal_1-scaled-e1647696159460.jpg\" alt=\"\" width=\"100\" height=\"100\" \/><img decoding=\"async\" src=\"https:\/\/gocuisivin.com\/gleengag\/2022\/03\/Icon-w_-Text_Titanium-Reinforced_1.jpg\" alt=\"\" width=\"100\" height=\"100\" \/><img decoding=\"async\" src=\"https:\/\/gocuisivin.com\/gleengag\/2022\/03\/Icon-w_-Text_Break-Resistant_1.jpg\" alt=\"\" width=\"100\" height=\"100\" \/><img loading=\"lazy\" decoding=\"async\" src=\"https:\/\/gocuisivin.com\/gleengag\/2022\/03\/Icon-w_-Text_Pulled-Stem-for-Durability_1.jpg\" alt=\"\" width=\"100\" height=\"100\" \/><img loading=\"lazy\" decoding=\"async\" src=\"https:\/\/gocuisivin.com\/gleengag\/2022\/03\/Icon-w_-Text_Fine-Rim_1.jpg\" alt=\"\" width=\"100\" height=\"100\" \/><img loading=\"lazy\" decoding=\"async\" src=\"https:\/\/gocuisivin.com\/gleengag\/2022\/03\/Icon-w_-Text_Dishwasher-Safe_1-scaled-e1647696229552.jpg\" alt=\"\" width=\"100\" height=\"100\" \/><\/p>\n","protected":false},"featured_media":13517,"comment_status":"open","ping_status":"closed","template":"","meta":[],"pwb-brand":[1664],"product_brand":[],"product_cat":[1557,1558],"product_tag":[281,115,118,116,299],"class_list":{"0":"post-22425","1":"product","2":"type-product","3":"status-publish","4":"has-post-thumbnail","6":"pwb-brand-cuisivin-fr","7":"product_cat-verrerie","8":"product_cat-vin","9":"product_tag-cuisivin-fr","10":"product_tag-verre-de-vin","11":"product_tag-verrerie","12":"product_tag-vin","13":"product_tag-whisky-spiritueux","15":"first","16":"instock","17":"taxable","18":"shipping-taxable","19":"purchasable","20":"product-type-simple"},"brands":[{"id":1664,"name":"Cuisivin","slug":"cuisivin-fr"}],"_links":{"self":[{"href":"https:\/\/gocuisivin.com\/fr\/wp-json\/wp\/v2\/product\/22425","targetHints":{"allow":["GET"]}}],"collection":[{"href":"https:\/\/gocuisivin.com\/fr\/wp-json\/wp\/v2\/product"}],"about":[{"href":"https:\/\/gocuisivin.com\/fr\/wp-json\/wp\/v2\/types\/product"}],"replies":[{"embeddable":true,"href":"https:\/\/gocuisivin.com\/fr\/wp-json\/wp\/v2\/comments?post=22425"}],"version-history":[{"count":1,"href":"https:\/\/gocuisivin.com\/fr\/wp-json\/wp\/v2\/product\/22425\/revisions"}],"predecessor-version":[{"id":24148,"href":"https:\/\/gocuisivin.com\/fr\/wp-json\/wp\/v2\/product\/22425\/revisions\/24148"}],"wp:featuredmedia":[{"embeddable":true,"href":"https:\/\/gocuisivin.com\/fr\/wp-json\/wp\/v2\/media\/13517"}],"wp:attachment":[{"href":"https:\/\/gocuisivin.com\/fr\/wp-json\/wp\/v2\/media?parent=22425"}],"wp:term":[{"taxonomy":"pwb-brand","embeddable":true,"href":"https:\/\/gocuisivin.com\/fr\/wp-json\/wp\/v2\/pwb-brand?post=22425"},{"taxonomy":"product_brand","embeddable":true,"href":"https:\/\/gocuisivin.com\/fr\/wp-json\/wp\/v2\/product_brand?post=22425"},{"taxonomy":"product_cat","embeddable":true,"href":"https:\/\/gocuisivin.com\/fr\/wp-json\/wp\/v2\/product_cat?post=22425"},{"taxonomy":"product_tag","embeddable":true,"href":"https:\/\/gocuisivin.com\/fr\/wp-json\/wp\/v2\/product_tag?post=22425"}],"curies":[{"name":"wp","href":"https:\/\/api.w.org\/{rel}","templated":true}]}}