{"id":22390,"date":"2022-03-15T06:06:12","date_gmt":"2022-03-15T06:06:12","guid":{"rendered":"https:\/\/gocuisivin.com\/product\/cuisivin-bel-air-elegant-refroidisseur-a-vin-a-double-paroi\/"},"modified":"2023-01-18T15:11:31","modified_gmt":"2023-01-18T15:11:31","slug":"cuisivin-bel-air-elegant-refroidisseur-a-vin-a-double-paroi","status":"publish","type":"product","link":"https:\/\/gocuisivin.com\/fr\/product\/cuisivin-bel-air-elegant-refroidisseur-a-vin-a-double-paroi\/","title":{"rendered":"Cuisivin Bel-Air \u00e9l\u00e9gant refroidisseur \u00e0 vin \u00e0 double paroi"},"content":{"rendered":"<p>Gardez votre bouteille de vin ou de champagne pr\u00e9f\u00e9r\u00e9e au frais et pr\u00eate \u00e0 servir dans cet \u00e9l\u00e9gant refroidisseur \u00e0 double paroi. Le design profil\u00e9 \u00e9l\u00e9gant s&#8217;adapte aux bouteilles de vin et de champagne standard. L&#8217;isolation \u00e0 double paroi offre une excellente r\u00e9tention de la temp\u00e9rature, maintient le vin ou le champagne au frais \u00e0 une temp\u00e9rature de service souhaitable et emp\u00eache la condensation sur la paroi ext\u00e9rieure. Capacit\u00e9 : 1,5 L. Lavage \u00e0 la main avec un nettoyant non abrasif. Essuyez avec un chiffon propre et sec. Coffret cadeau &#8211; parfait pour offrir en cadeau.<\/p>\n","protected":false},"excerpt":{"rendered":"<p>&nbsp;<\/p>\n<ul>\n<li>Glaci\u00e8re \u00e9l\u00e9gante \u00e0 double paroi en acier inoxydable<\/li>\n<li>L&#8217;isolation \u00e0 double paroi emp\u00eache la condensation sur le mur ext\u00e9rieur<\/li>\n<li>Conception contemporaine unique<\/li>\n<li>Construction en acier inoxydable massif avec finition satin\u00e9e bross\u00e9e<\/li>\n<li>Capacit\u00e9 : 1,5 L ; Hauteur : 7,5&#8243; \/ 18,8 cm<\/li>\n<li>Coffret cadeau &#8211; parfait pour offrir en cadeau !<\/li>\n<\/ul>\n<p><img decoding=\"async\" src=\"https:\/\/gocuisivin.com\/gleengag\/2022\/03\/Icon-w_-Text_Stainless-Steele_1.jpg\" alt=\"\" width=\"100\" height=\"100\" \/><img decoding=\"async\" src=\"https:\/\/gocuisivin.com\/gleengag\/2022\/03\/Icon-w_-Text_Handwash_1.jpg\" alt=\"\" width=\"100\" height=\"100\" \/><\/p>\n","protected":false},"featured_media":16723,"comment_status":"open","ping_status":"closed","template":"","meta":[],"pwb-brand":[1663,1664],"product_brand":[],"product_cat":[1565,968],"product_tag":[1002,1045,1004,281],"class_list":{"0":"post-22390","1":"product","2":"type-product","3":"status-publish","4":"has-post-thumbnail","6":"pwb-brand-bel-air-fr","7":"pwb-brand-cuisivin-fr","8":"product_cat-accessoires-pour-le-vin-et-le-bar","9":"product_cat-barware-fr","10":"product_tag-accessoires-pour-le-vin-et-le-bar","11":"product_tag-barware-fr","12":"product_tag-bel-air-fr","13":"product_tag-cuisivin-fr","15":"first","16":"instock","17":"taxable","18":"shipping-taxable","19":"purchasable","20":"product-type-simple"},"brands":[{"id":1663,"name":"Bel-Air","slug":"bel-air-fr"},{"id":1664,"name":"Cuisivin","slug":"cuisivin-fr"}],"_links":{"self":[{"href":"https:\/\/gocuisivin.com\/fr\/wp-json\/wp\/v2\/product\/22390","targetHints":{"allow":["GET"]}}],"collection":[{"href":"https:\/\/gocuisivin.com\/fr\/wp-json\/wp\/v2\/product"}],"about":[{"href":"https:\/\/gocuisivin.com\/fr\/wp-json\/wp\/v2\/types\/product"}],"replies":[{"embeddable":true,"href":"https:\/\/gocuisivin.com\/fr\/wp-json\/wp\/v2\/comments?post=22390"}],"version-history":[{"count":2,"href":"https:\/\/gocuisivin.com\/fr\/wp-json\/wp\/v2\/product\/22390\/revisions"}],"predecessor-version":[{"id":24117,"href":"https:\/\/gocuisivin.com\/fr\/wp-json\/wp\/v2\/product\/22390\/revisions\/24117"}],"wp:featuredmedia":[{"embeddable":true,"href":"https:\/\/gocuisivin.com\/fr\/wp-json\/wp\/v2\/media\/16723"}],"wp:attachment":[{"href":"https:\/\/gocuisivin.com\/fr\/wp-json\/wp\/v2\/media?parent=22390"}],"wp:term":[{"taxonomy":"pwb-brand","embeddable":true,"href":"https:\/\/gocuisivin.com\/fr\/wp-json\/wp\/v2\/pwb-brand?post=22390"},{"taxonomy":"product_brand","embeddable":true,"href":"https:\/\/gocuisivin.com\/fr\/wp-json\/wp\/v2\/product_brand?post=22390"},{"taxonomy":"product_cat","embeddable":true,"href":"https:\/\/gocuisivin.com\/fr\/wp-json\/wp\/v2\/product_cat?post=22390"},{"taxonomy":"product_tag","embeddable":true,"href":"https:\/\/gocuisivin.com\/fr\/wp-json\/wp\/v2\/product_tag?post=22390"}],"curies":[{"name":"wp","href":"https:\/\/api.w.org\/{rel}","templated":true}]}}