{"id":22346,"date":"2022-03-15T06:06:12","date_gmt":"2022-03-15T06:06:12","guid":{"rendered":"https:\/\/gocuisivin.com\/product\/cuisivin-wine-journal-rouge\/"},"modified":"2023-05-17T00:32:58","modified_gmt":"2023-05-17T04:32:58","slug":"cuisivin-wine-journal-rouge","status":"publish","type":"product","link":"https:\/\/gocuisivin.com\/fr\/product\/cuisivin-wine-journal-rouge\/","title":{"rendered":"Cuisivin Wine Journal Rouge"},"content":{"rendered":"<p>Journal des vins de qualit\u00e9 sup\u00e9rieure pour collecter et enregistrer des enregistrements de d\u00e9gustation personnels pour 52 vins. Comprend des d\u00e9capants d&#8217;\u00e9tiquettes pour afficher les \u00e9tiquettes de vin et enregistrer des notes de d\u00e9gustation personnelles. Comprend un glossaire int\u00e9ressant, des faits sur le vin et une roue d&#8217;appariement. Couverture en similicuir rouge, en anglais seulement. Le cadeau parfait pour un collectionneur de vins !<\/p>\n","protected":false},"excerpt":{"rendered":"<p>&nbsp;<\/p>\n<ul>\n<li>Wine Journal pouvant contenir 52 entr\u00e9es avec page de pr\u00e9sentation de l&#8217;\u00e9tiquette<\/li>\n<li>Chaque page d&#8217;entr\u00e9e a un espace pour apposer l&#8217;\u00e9tiquette du vin et enregistrer les notes de d\u00e9gustation<\/li>\n<li>Comprend 15 d\u00e9capants d&#8217;\u00e9tiquettes extra larges<\/li>\n<li>Le journal comprend des faits int\u00e9ressants sur le vin et une roue d&#8217;appariement<\/li>\n<li>Un must have pour tout collectionneur de vin<\/li>\n<li>D\u00e9capants d&#8217;\u00e9tiquettes de vin suppl\u00e9mentaires vendus s\u00e9par\u00e9ment<\/li>\n<\/ul>\n","protected":false},"featured_media":17029,"comment_status":"open","ping_status":"closed","template":"","meta":[],"pwb-brand":[1664],"product_brand":[],"product_cat":[102,1565],"product_tag":[1003,1002,281,1570,298],"class_list":{"0":"post-22346","1":"product","2":"type-product","3":"status-publish","4":"has-post-thumbnail","6":"pwb-brand-cuisivin-fr","7":"product_cat-accessoires","8":"product_cat-accessoires-pour-le-vin-et-le-bar","9":"product_tag-accessoires","10":"product_tag-accessoires-pour-le-vin-et-le-bar","11":"product_tag-cuisivin-fr","12":"product_tag-journal-des-vins-rouge","13":"product_tag-vin-rouge","15":"first","16":"instock","17":"taxable","18":"shipping-taxable","19":"purchasable","20":"product-type-simple"},"brands":[{"id":1664,"name":"Cuisivin","slug":"cuisivin-fr"}],"_links":{"self":[{"href":"https:\/\/gocuisivin.com\/fr\/wp-json\/wp\/v2\/product\/22346","targetHints":{"allow":["GET"]}}],"collection":[{"href":"https:\/\/gocuisivin.com\/fr\/wp-json\/wp\/v2\/product"}],"about":[{"href":"https:\/\/gocuisivin.com\/fr\/wp-json\/wp\/v2\/types\/product"}],"replies":[{"embeddable":true,"href":"https:\/\/gocuisivin.com\/fr\/wp-json\/wp\/v2\/comments?post=22346"}],"version-history":[{"count":1,"href":"https:\/\/gocuisivin.com\/fr\/wp-json\/wp\/v2\/product\/22346\/revisions"}],"predecessor-version":[{"id":22393,"href":"https:\/\/gocuisivin.com\/fr\/wp-json\/wp\/v2\/product\/22346\/revisions\/22393"}],"wp:featuredmedia":[{"embeddable":true,"href":"https:\/\/gocuisivin.com\/fr\/wp-json\/wp\/v2\/media\/17029"}],"wp:attachment":[{"href":"https:\/\/gocuisivin.com\/fr\/wp-json\/wp\/v2\/media?parent=22346"}],"wp:term":[{"taxonomy":"pwb-brand","embeddable":true,"href":"https:\/\/gocuisivin.com\/fr\/wp-json\/wp\/v2\/pwb-brand?post=22346"},{"taxonomy":"product_brand","embeddable":true,"href":"https:\/\/gocuisivin.com\/fr\/wp-json\/wp\/v2\/product_brand?post=22346"},{"taxonomy":"product_cat","embeddable":true,"href":"https:\/\/gocuisivin.com\/fr\/wp-json\/wp\/v2\/product_cat?post=22346"},{"taxonomy":"product_tag","embeddable":true,"href":"https:\/\/gocuisivin.com\/fr\/wp-json\/wp\/v2\/product_tag?post=22346"}],"curies":[{"name":"wp","href":"https:\/\/api.w.org\/{rel}","templated":true}]}}