{"id":22341,"date":"2022-03-15T06:06:12","date_gmt":"2022-03-15T06:06:12","guid":{"rendered":"https:\/\/gocuisivin.com\/product\/decapant-detiquettes-de-vin-cuisivin-paquet-de-10\/"},"modified":"2023-01-18T15:10:06","modified_gmt":"2023-01-18T15:10:06","slug":"decapant-detiquettes-de-vin-cuisivin-paquet-de-10","status":"publish","type":"product","link":"https:\/\/gocuisivin.com\/fr\/product\/decapant-detiquettes-de-vin-cuisivin-paquet-de-10\/","title":{"rendered":"D\u00e9capant d&#8217;\u00e9tiquettes de vin Cuisivin &#8211; paquet de 10"},"content":{"rendered":"<p>M\u00e9thode id\u00e9ale pour retirer et r\u00e9cup\u00e9rer les \u00e9tiquettes de vin. Des films plastiques sp\u00e9cialement d\u00e9velopp\u00e9s avec adh\u00e9sif enl\u00e8veront facilement les \u00e9tiquettes de vin. Extra large pour accueillir la plupart des \u00e9tiquettes, elles sont livr\u00e9es 10 unit\u00e9s \u00e0 emballer. Facile \u00e0 utiliser, fonctionne sur la plupart des \u00e9tiquettes de vin.<\/p>\n","protected":false},"excerpt":{"rendered":"<p>&nbsp;<\/p>\n<ul>\n<li>Un moyen rapide et facile de retirer et de collecter les \u00e9tiquettes de vin<\/li>\n<li>Film plastique sp\u00e9cialement d\u00e9velopp\u00e9 avec adh\u00e9sif<\/li>\n<li>Fonctionne sur la plupart des \u00e9tiquettes de vin<\/li>\n<li>Grande taille<\/li>\n<li>Facile \u00e0 appliquer<\/li>\n<li>Un must have pour tout collectionneur de vin<\/li>\n<\/ul>\n","protected":false},"featured_media":17036,"comment_status":"open","ping_status":"closed","template":"","meta":[],"pwb-brand":[1664],"product_brand":[],"product_cat":[102,1565],"product_tag":[1568,1003,1002,281,116],"class_list":{"0":"post-22341","1":"product","2":"type-product","3":"status-publish","4":"has-post-thumbnail","6":"pwb-brand-cuisivin-fr","7":"product_cat-accessoires","8":"product_cat-accessoires-pour-le-vin-et-le-bar","9":"product_tag-10pack-fr","10":"product_tag-accessoires","11":"product_tag-accessoires-pour-le-vin-et-le-bar","12":"product_tag-cuisivin-fr","13":"product_tag-vin","15":"first","16":"instock","17":"taxable","18":"shipping-taxable","19":"purchasable","20":"product-type-simple"},"brands":[{"id":1664,"name":"Cuisivin","slug":"cuisivin-fr"}],"_links":{"self":[{"href":"https:\/\/gocuisivin.com\/fr\/wp-json\/wp\/v2\/product\/22341","targetHints":{"allow":["GET"]}}],"collection":[{"href":"https:\/\/gocuisivin.com\/fr\/wp-json\/wp\/v2\/product"}],"about":[{"href":"https:\/\/gocuisivin.com\/fr\/wp-json\/wp\/v2\/types\/product"}],"replies":[{"embeddable":true,"href":"https:\/\/gocuisivin.com\/fr\/wp-json\/wp\/v2\/comments?post=22341"}],"version-history":[{"count":1,"href":"https:\/\/gocuisivin.com\/fr\/wp-json\/wp\/v2\/product\/22341\/revisions"}],"predecessor-version":[{"id":24116,"href":"https:\/\/gocuisivin.com\/fr\/wp-json\/wp\/v2\/product\/22341\/revisions\/24116"}],"wp:featuredmedia":[{"embeddable":true,"href":"https:\/\/gocuisivin.com\/fr\/wp-json\/wp\/v2\/media\/17036"}],"wp:attachment":[{"href":"https:\/\/gocuisivin.com\/fr\/wp-json\/wp\/v2\/media?parent=22341"}],"wp:term":[{"taxonomy":"pwb-brand","embeddable":true,"href":"https:\/\/gocuisivin.com\/fr\/wp-json\/wp\/v2\/pwb-brand?post=22341"},{"taxonomy":"product_brand","embeddable":true,"href":"https:\/\/gocuisivin.com\/fr\/wp-json\/wp\/v2\/product_brand?post=22341"},{"taxonomy":"product_cat","embeddable":true,"href":"https:\/\/gocuisivin.com\/fr\/wp-json\/wp\/v2\/product_cat?post=22341"},{"taxonomy":"product_tag","embeddable":true,"href":"https:\/\/gocuisivin.com\/fr\/wp-json\/wp\/v2\/product_tag?post=22341"}],"curies":[{"name":"wp","href":"https:\/\/api.w.org\/{rel}","templated":true}]}}