{"id":22340,"date":"2022-03-15T06:06:12","date_gmt":"2022-03-15T06:06:12","guid":{"rendered":"https:\/\/gocuisivin.com\/product\/presentoir-suspendu-corky-de-cuisivin\/"},"modified":"2023-01-18T15:09:05","modified_gmt":"2023-01-18T15:09:05","slug":"presentoir-suspendu-corky-de-cuisivin","status":"publish","type":"product","link":"https:\/\/gocuisivin.com\/fr\/product\/presentoir-suspendu-corky-de-cuisivin\/","title":{"rendered":"Pr\u00e9sentoir suspendu Corky de Cuisivin"},"content":{"rendered":"<p>Pr\u00e9sentez fi\u00e8rement des bouteilles de vin avec style gr\u00e2ce au pr\u00e9sentoir \u00e0 bouteilles suspendu Corky. Fabriqu\u00e9 en tissu de li\u00e8ge portugais robuste, le pr\u00e9sentoir \u00e9l\u00e9gant et \u00e9l\u00e9gant poss\u00e8de \u00e9galement des fen\u00eatres d&#8217;\u00e9tiquettes int\u00e9gr\u00e9es. Peut contenir jusqu&#8217;\u00e0 4 bouteilles. Suspendu<\/p>\n","protected":false},"excerpt":{"rendered":"<p>&nbsp;<\/p>\n<ul>\n<li>L&#8217;affichage \u00e9l\u00e9gant et \u00e9l\u00e9gant peut contenir quatre bouteilles<\/li>\n<li>Textile en v\u00e9ritable li\u00e8ge portugais<\/li>\n<li>L&#8217;\u00e9tiquette vintage est \u00e9galement affich\u00e9e \u00e0 travers la fen\u00eatre<\/li>\n<li>Appareil de suspension non inclus<\/li>\n<li>Tube cadeau &#8211; parfait pour offrir en cadeau !<\/li>\n<\/ul>\n","protected":false},"featured_media":22356,"comment_status":"open","ping_status":"closed","template":"","meta":[],"pwb-brand":[1664],"product_brand":[],"product_cat":[102,1565],"product_tag":[1003,1002,281],"class_list":{"0":"post-22340","1":"product","2":"type-product","3":"status-publish","4":"has-post-thumbnail","6":"pwb-brand-cuisivin-fr","7":"product_cat-accessoires","8":"product_cat-accessoires-pour-le-vin-et-le-bar","9":"product_tag-accessoires","10":"product_tag-accessoires-pour-le-vin-et-le-bar","11":"product_tag-cuisivin-fr","13":"first","14":"instock","15":"taxable","16":"shipping-taxable","17":"purchasable","18":"product-type-simple"},"brands":[{"id":1664,"name":"Cuisivin","slug":"cuisivin-fr"}],"_links":{"self":[{"href":"https:\/\/gocuisivin.com\/fr\/wp-json\/wp\/v2\/product\/22340","targetHints":{"allow":["GET"]}}],"collection":[{"href":"https:\/\/gocuisivin.com\/fr\/wp-json\/wp\/v2\/product"}],"about":[{"href":"https:\/\/gocuisivin.com\/fr\/wp-json\/wp\/v2\/types\/product"}],"replies":[{"embeddable":true,"href":"https:\/\/gocuisivin.com\/fr\/wp-json\/wp\/v2\/comments?post=22340"}],"version-history":[{"count":1,"href":"https:\/\/gocuisivin.com\/fr\/wp-json\/wp\/v2\/product\/22340\/revisions"}],"predecessor-version":[{"id":24115,"href":"https:\/\/gocuisivin.com\/fr\/wp-json\/wp\/v2\/product\/22340\/revisions\/24115"}],"wp:featuredmedia":[{"embeddable":true,"href":"https:\/\/gocuisivin.com\/fr\/wp-json\/wp\/v2\/media\/22356"}],"wp:attachment":[{"href":"https:\/\/gocuisivin.com\/fr\/wp-json\/wp\/v2\/media?parent=22340"}],"wp:term":[{"taxonomy":"pwb-brand","embeddable":true,"href":"https:\/\/gocuisivin.com\/fr\/wp-json\/wp\/v2\/pwb-brand?post=22340"},{"taxonomy":"product_brand","embeddable":true,"href":"https:\/\/gocuisivin.com\/fr\/wp-json\/wp\/v2\/product_brand?post=22340"},{"taxonomy":"product_cat","embeddable":true,"href":"https:\/\/gocuisivin.com\/fr\/wp-json\/wp\/v2\/product_cat?post=22340"},{"taxonomy":"product_tag","embeddable":true,"href":"https:\/\/gocuisivin.com\/fr\/wp-json\/wp\/v2\/product_tag?post=22340"}],"curies":[{"name":"wp","href":"https:\/\/api.w.org\/{rel}","templated":true}]}}