{"id":22339,"date":"2022-03-15T05:57:49","date_gmt":"2022-03-15T05:57:49","guid":{"rendered":"https:\/\/gocuisivin.com\/product\/carafe-flasche-eisch-10-carats\/"},"modified":"2023-01-18T15:30:15","modified_gmt":"2023-01-18T15:30:15","slug":"carafe-flasche-eisch-10-carats","status":"publish","type":"product","link":"https:\/\/gocuisivin.com\/fr\/product\/carafe-flasche-eisch-10-carats\/","title":{"rendered":"Carafe Flasche Eisch 10 Carats"},"content":{"rendered":"<p>Au cours des 100 derni\u00e8res ann\u00e9es, Eisch a cr\u00e9\u00e9 des conceptions et des techniques de fabrication innovantes pour devenir un producteur de verre prim\u00e9 \u00e0 plusieurs reprises en Allemagne. Cette carafe 10 carats faite \u00e0 la main et au design exquis est sp\u00e9cialement con\u00e7ue pour la grappa.<\/p>\n<p>Le bouchon de la carafe est dot\u00e9 de cristaux coup\u00e9s en vrac \u00e9tincelants pour une pr\u00e9sentation incroyablement \u00e9l\u00e9gante. Toutes les carafes Eisch sont \u00e9galement dot\u00e9es de l&#8217;exclusif No Drip Effect\u00a9 &#8211; un traitement exclusif du bord qui emp\u00eache les gouttes de vin de couler \u00e0 l&#8217;ext\u00e9rieur de la carafe &#8211; \u00e0 la place, la derni\u00e8re goutte perlera et retombera dans la carafe &#8211; \u00e9vitant ainsi les taches sur la nappe !<\/p>\n","protected":false},"excerpt":{"rendered":"<p>&nbsp;<\/p>\n<ul>\n<li>S\u00e9rie 10 carats : cristaux libres taill\u00e9s \u00e0 la main enferm\u00e9s dans le bouchon de la carafe<\/li>\n<li>Unique No Drip Effect\u00a9 : le rebord trait\u00e9 emp\u00eache les gouttes de vin de rouler sur l&#8217;ext\u00e9rieur de la carafe<\/li>\n<li>Cristal sans plomb souffl\u00e9 \u00e0 la bouche<\/li>\n<li>Cristal sans plomb allemand<\/li>\n<li>Capacit\u00e9 : 26,5 oz \/ 780 ml ; Hauteur\u00a0:\u00a017,2&#8243; \/ 436,88\u00a0mm<\/li>\n<\/ul>\n<p><img decoding=\"async\" src=\"https:\/\/gocuisivin.com\/gleengag\/2022\/03\/Icon-w_-Text_Made-in-Germany_1.jpg\" alt=\"\" width=\"100\" height=\"100\" \/><img decoding=\"async\" src=\"https:\/\/gocuisivin.com\/gleengag\/2022\/03\/Icon-w_-Text_Lead-Free-Crystal_1-scaled-e1647696159460.jpg\" alt=\"\" width=\"100\" height=\"100\" \/><img decoding=\"async\" src=\"https:\/\/gocuisivin.com\/gleengag\/2022\/03\/Icon-w_-Text_Handmade_1.jpg\" alt=\"\" width=\"100\" height=\"100\" \/><img loading=\"lazy\" decoding=\"async\" src=\"https:\/\/gocuisivin.com\/gleengag\/2022\/03\/Icon-w_-Text_Handwash_1.jpg\" alt=\"\" width=\"100\" height=\"100\" \/><img loading=\"lazy\" decoding=\"async\" src=\"https:\/\/gocuisivin.com\/gleengag\/2022\/03\/Icon-w_-Text_No-Drip-Effect_1-1.jpg\" alt=\"\" width=\"100\" height=\"100\" \/><\/p>\n","protected":false},"featured_media":13406,"comment_status":"open","ping_status":"closed","template":"","meta":[],"pwb-brand":[1667],"product_brand":[],"product_cat":[1562,1557],"product_tag":[1172,1171,1174,121,1218,118],"class_list":{"0":"post-22339","1":"product","2":"type-product","3":"status-publish","4":"has-post-thumbnail","6":"pwb-brand-eisch-fr","7":"product_cat-carafe","8":"product_cat-verrerie","9":"product_tag-10-carats","10":"product_tag-carafe-fr","11":"product_tag-cristal","12":"product_tag-eisch-fr","13":"product_tag-flasche-fr","14":"product_tag-verrerie","16":"first","17":"outofstock","18":"taxable","19":"shipping-taxable","20":"purchasable","21":"product-type-simple"},"brands":[{"id":1667,"name":"Eisch","slug":"eisch-fr"}],"_links":{"self":[{"href":"https:\/\/gocuisivin.com\/fr\/wp-json\/wp\/v2\/product\/22339","targetHints":{"allow":["GET"]}}],"collection":[{"href":"https:\/\/gocuisivin.com\/fr\/wp-json\/wp\/v2\/product"}],"about":[{"href":"https:\/\/gocuisivin.com\/fr\/wp-json\/wp\/v2\/types\/product"}],"replies":[{"embeddable":true,"href":"https:\/\/gocuisivin.com\/fr\/wp-json\/wp\/v2\/comments?post=22339"}],"version-history":[{"count":1,"href":"https:\/\/gocuisivin.com\/fr\/wp-json\/wp\/v2\/product\/22339\/revisions"}],"predecessor-version":[{"id":24128,"href":"https:\/\/gocuisivin.com\/fr\/wp-json\/wp\/v2\/product\/22339\/revisions\/24128"}],"wp:featuredmedia":[{"embeddable":true,"href":"https:\/\/gocuisivin.com\/fr\/wp-json\/wp\/v2\/media\/13406"}],"wp:attachment":[{"href":"https:\/\/gocuisivin.com\/fr\/wp-json\/wp\/v2\/media?parent=22339"}],"wp:term":[{"taxonomy":"pwb-brand","embeddable":true,"href":"https:\/\/gocuisivin.com\/fr\/wp-json\/wp\/v2\/pwb-brand?post=22339"},{"taxonomy":"product_brand","embeddable":true,"href":"https:\/\/gocuisivin.com\/fr\/wp-json\/wp\/v2\/product_brand?post=22339"},{"taxonomy":"product_cat","embeddable":true,"href":"https:\/\/gocuisivin.com\/fr\/wp-json\/wp\/v2\/product_cat?post=22339"},{"taxonomy":"product_tag","embeddable":true,"href":"https:\/\/gocuisivin.com\/fr\/wp-json\/wp\/v2\/product_tag?post=22339"}],"curies":[{"name":"wp","href":"https:\/\/api.w.org\/{rel}","templated":true}]}}