{"id":22335,"date":"2022-03-15T06:44:57","date_gmt":"2022-03-15T06:44:57","guid":{"rendered":"https:\/\/gocuisivin.com\/product\/ensemble-de-poeles-a-frire-campana-fashion\/"},"modified":"2023-01-18T15:07:56","modified_gmt":"2023-01-18T15:07:56","slug":"ensemble-de-poeles-a-frire-campana-fashion","status":"publish","type":"product","link":"https:\/\/gocuisivin.com\/fr\/product\/ensemble-de-poeles-a-frire-campana-fashion\/","title":{"rendered":"Ensemble de po\u00eales \u00e0 frire Campana Fashion"},"content":{"rendered":"<p>Campana apporte l&#8217;ing\u00e9niosit\u00e9 italienne \u00e0 l&#8217;industrie des ustensiles de cuisine avec son syst\u00e8me de poign\u00e9e amovible brevet\u00e9 Fast &amp; Simple\u2122. Avec une simple et rapide rotation d&#8217;un levier, les ustensiles de cuisine Campana permettent de retirer librement la poign\u00e9e de votre ustensiles de cuisine de mani\u00e8re rapide et facile, tout en \u00e9tant s\u00fbre et s\u00e9curis\u00e9e. Passez du r\u00e9frig\u00e9rateur \u00e0 la cuisini\u00e8re, du four \u00e0 la table dans une seule casserole ! Plus important encore, le syst\u00e8me ing\u00e9nieux sans poign\u00e9e permet un empilage facile &#8211; optimisant l&#8217;espace \u00e0 l&#8217;int\u00e9rieur des armoires, des tiroirs et des lave-vaisselle ! Les ustensiles de cuisine Campana sont de fabrication 100 % italienne et sans PFOA. Lave-vaisselle. L&#8217;ensemble comprend une po\u00eale \u00e0 frire Fashion de 8&#8243;\/20 cm, une po\u00eale \u00e0 frire Fashion de 12,6&#8243;\/32 cm et une poign\u00e9e.<\/p>\n","protected":false},"excerpt":{"rendered":"<p>&nbsp;<\/p>\n<ul>\n<li>L&#8217;ensemble comprend : 1 po\u00eale \u00e0 frire Fashion 8&#8243;\/20 cm, 1 po\u00eale \u00e0 frire Fashion 12.6&#8243;\/32 cm et 1 poign\u00e9e<\/li>\n<li>Conception unique avec syst\u00e8me de poign\u00e9e amovible Fast &amp; Simple\u2122<\/li>\n<li>Le syst\u00e8me ing\u00e9nieux sans poign\u00e9e permet un empilage facile &#8211; optimisant l&#8217;espace \u00e0 l&#8217;int\u00e9rieur des armoires, des tiroirs et des lave-vaisselle !<\/li>\n<li>Corps en aluminium pur forg\u00e9 \u2013 r\u00e9partition rapide et uniforme de la chaleur. Antiadh\u00e9sif sans PFOA avec 3 couches de rev\u00eatement Whitford QuanTanium.<\/li>\n<li>QuanTanium : rev\u00eatement antiadh\u00e9sif renforc\u00e9 \u00e0 l&#8217;int\u00e9rieur de particules de titane pour augmenter la durabilit\u00e9 &#8211; augmente la r\u00e9sistance aux rayures et la tol\u00e9rance \u00e0 la chaleur<\/li>\n<li>Convient pour : Gaz, \u00c9lectrique, C\u00e9ramique, Radiant, Four Lave-vaisselle, R\u00e9frig\u00e9rateur<\/li>\n<\/ul>\n<p><img decoding=\"async\" src=\"https:\/\/gocuisivin.com\/gleengag\/2022\/03\/Icon-w_-Text_Made-in-Italy_1.jpg\" \/><img decoding=\"async\" src=\"https:\/\/gocuisivin.com\/gleengag\/2022\/03\/Icon-w_-Text_PFOA-Freee_1.jpg\" \/><img decoding=\"async\" src=\"https:\/\/gocuisivin.com\/gleengag\/2022\/03\/Icon-w_-Text_Dishwasher-Safe_1-scaled-e1647696229552.jpg\" alt=\"\" width=\"100\" height=\"100\" \/><img decoding=\"async\" src=\"https:\/\/gocuisivin.com\/gleengag\/2022\/03\/Icon-w_-Text_Fridge-Safe_1.jpg\" \/><img decoding=\"async\" src=\"https:\/\/gocuisivin.com\/gleengag\/2022\/03\/Icon-w_-Text_Gas.jpg\" \/><img decoding=\"async\" src=\"https:\/\/gocuisivin.com\/gleengag\/2022\/03\/Icon-w_-Text_Oven-Safe_1.jpg\" \/><\/p>\n","protected":false},"featured_media":22386,"comment_status":"open","ping_status":"closed","template":"","meta":[],"pwb-brand":[1664],"product_brand":[],"product_cat":[1569,1567],"product_tag":[509,504,1532,1533,1534],"class_list":{"0":"post-22335","1":"product","2":"type-product","3":"status-publish","4":"has-post-thumbnail","6":"pwb-brand-cuisivin-fr","7":"product_cat-batterie-de-cuisine","8":"product_cat-cuisine","9":"product_tag-batterie-de-cuisine","10":"product_tag-cuisine","11":"product_tag-ensemble-de-poeles-a-frire","12":"product_tag-poele-a-frire-fr","13":"product_tag-poele-a-la-mode","15":"first","16":"instock","17":"taxable","18":"shipping-taxable","19":"purchasable","20":"product-type-variable"},"brands":[{"id":1664,"name":"Cuisivin","slug":"cuisivin-fr"}],"_links":{"self":[{"href":"https:\/\/gocuisivin.com\/fr\/wp-json\/wp\/v2\/product\/22335","targetHints":{"allow":["GET"]}}],"collection":[{"href":"https:\/\/gocuisivin.com\/fr\/wp-json\/wp\/v2\/product"}],"about":[{"href":"https:\/\/gocuisivin.com\/fr\/wp-json\/wp\/v2\/types\/product"}],"replies":[{"embeddable":true,"href":"https:\/\/gocuisivin.com\/fr\/wp-json\/wp\/v2\/comments?post=22335"}],"version-history":[{"count":2,"href":"https:\/\/gocuisivin.com\/fr\/wp-json\/wp\/v2\/product\/22335\/revisions"}],"predecessor-version":[{"id":24114,"href":"https:\/\/gocuisivin.com\/fr\/wp-json\/wp\/v2\/product\/22335\/revisions\/24114"}],"wp:featuredmedia":[{"embeddable":true,"href":"https:\/\/gocuisivin.com\/fr\/wp-json\/wp\/v2\/media\/22386"}],"wp:attachment":[{"href":"https:\/\/gocuisivin.com\/fr\/wp-json\/wp\/v2\/media?parent=22335"}],"wp:term":[{"taxonomy":"pwb-brand","embeddable":true,"href":"https:\/\/gocuisivin.com\/fr\/wp-json\/wp\/v2\/pwb-brand?post=22335"},{"taxonomy":"product_brand","embeddable":true,"href":"https:\/\/gocuisivin.com\/fr\/wp-json\/wp\/v2\/product_brand?post=22335"},{"taxonomy":"product_cat","embeddable":true,"href":"https:\/\/gocuisivin.com\/fr\/wp-json\/wp\/v2\/product_cat?post=22335"},{"taxonomy":"product_tag","embeddable":true,"href":"https:\/\/gocuisivin.com\/fr\/wp-json\/wp\/v2\/product_tag?post=22335"}],"curies":[{"name":"wp","href":"https:\/\/api.w.org\/{rel}","templated":true}]}}