{"id":22334,"date":"2022-03-15T05:57:49","date_gmt":"2022-03-15T05:57:49","guid":{"rendered":"https:\/\/gocuisivin.com\/product\/carafe-eisch-canard\/"},"modified":"2023-01-18T15:29:36","modified_gmt":"2023-01-18T15:29:36","slug":"carafe-eisch-canard","status":"publish","type":"product","link":"https:\/\/gocuisivin.com\/fr\/product\/carafe-eisch-canard\/","title":{"rendered":"Carafe Eisch Canard"},"content":{"rendered":"<p>Au cours des 100 derni\u00e8res ann\u00e9es, Eisch a cr\u00e9\u00e9 des conceptions et des techniques de fabrication innovantes pour devenir un producteur de verre prim\u00e9 \u00e0 plusieurs reprises en Allemagne. Cette carafe en cristal sans plomb souffl\u00e9 bouche est une \u0153uvre d&#8217;art. Les carafes Eisch ne sont pas seulement con\u00e7ues pour maximiser la surface de d\u00e9cantation, elles sont \u00e9galement dot\u00e9es de l&#8217;exclusif No Drip Effect\u00a9 &#8211; un traitement exclusif du bord qui emp\u00eache les gouttes de rouler \u00e0 l&#8217;ext\u00e9rieur de la carafe &#8211; au lieu de cela, elles perlent et retournent dans le carafe &#8211; \u00e9vitant ainsi les taches sur les nappes !<\/p>\n","protected":false},"excerpt":{"rendered":"<p>&nbsp;<\/p>\n<ul>\n<li>Carafe \u00e0 canard \u00e9l\u00e9gante pour a\u00e9rer le vin rouge<\/li>\n<li>Unique No Drip Effect\u00a9 : le rebord trait\u00e9 emp\u00eache les gouttes de vin de rouler sur l&#8217;ext\u00e9rieur de la carafe<\/li>\n<li>Cristal sans plomb souffl\u00e9 \u00e0 la bouche<\/li>\n<li>Cristal sans plomb allemand<\/li>\n<li>Capacit\u00e9 : 26,5 oz \/ 780 ml ; Hauteur\u00a0:\u00a08,5&#8243; \/ 215,9\u00a0mm<\/li>\n<\/ul>\n<p><img decoding=\"async\" src=\"https:\/\/gocuisivin.com\/gleengag\/2022\/03\/Icon-w_-Text_Made-in-Germany_1.jpg\" alt=\"\" width=\"100\" height=\"100\" \/><img decoding=\"async\" src=\"https:\/\/gocuisivin.com\/gleengag\/2022\/03\/Icon-w_-Text_Lead-Free-Crystal_1-scaled-e1647696159460.jpg\" alt=\"\" width=\"100\" height=\"100\" \/><img decoding=\"async\" src=\"https:\/\/gocuisivin.com\/gleengag\/2022\/03\/Icon-w_-Text_Handmade_1.jpg\" alt=\"\" width=\"100\" height=\"100\" \/><img loading=\"lazy\" decoding=\"async\" src=\"https:\/\/gocuisivin.com\/gleengag\/2022\/03\/Icon-w_-Text_Handwash_1.jpg\" alt=\"\" width=\"100\" height=\"100\" \/><img loading=\"lazy\" decoding=\"async\" src=\"https:\/\/gocuisivin.com\/gleengag\/2022\/03\/Icon-w_-Text_No-Drip-Effect_1-1.jpg\" alt=\"\" width=\"100\" height=\"100\" \/><\/p>\n","protected":false},"featured_media":13393,"comment_status":"open","ping_status":"closed","template":"","meta":[],"pwb-brand":[1667],"product_brand":[],"product_cat":[1562,1557],"product_tag":[1171,121,118,298],"class_list":{"0":"post-22334","1":"product","2":"type-product","3":"status-publish","4":"has-post-thumbnail","6":"pwb-brand-eisch-fr","7":"product_cat-carafe","8":"product_cat-verrerie","9":"product_tag-carafe-fr","10":"product_tag-eisch-fr","11":"product_tag-verrerie","12":"product_tag-vin-rouge","14":"first","15":"instock","16":"taxable","17":"shipping-taxable","18":"purchasable","19":"product-type-simple"},"brands":[{"id":1667,"name":"Eisch","slug":"eisch-fr"}],"_links":{"self":[{"href":"https:\/\/gocuisivin.com\/fr\/wp-json\/wp\/v2\/product\/22334","targetHints":{"allow":["GET"]}}],"collection":[{"href":"https:\/\/gocuisivin.com\/fr\/wp-json\/wp\/v2\/product"}],"about":[{"href":"https:\/\/gocuisivin.com\/fr\/wp-json\/wp\/v2\/types\/product"}],"replies":[{"embeddable":true,"href":"https:\/\/gocuisivin.com\/fr\/wp-json\/wp\/v2\/comments?post=22334"}],"version-history":[{"count":1,"href":"https:\/\/gocuisivin.com\/fr\/wp-json\/wp\/v2\/product\/22334\/revisions"}],"predecessor-version":[{"id":24127,"href":"https:\/\/gocuisivin.com\/fr\/wp-json\/wp\/v2\/product\/22334\/revisions\/24127"}],"wp:featuredmedia":[{"embeddable":true,"href":"https:\/\/gocuisivin.com\/fr\/wp-json\/wp\/v2\/media\/13393"}],"wp:attachment":[{"href":"https:\/\/gocuisivin.com\/fr\/wp-json\/wp\/v2\/media?parent=22334"}],"wp:term":[{"taxonomy":"pwb-brand","embeddable":true,"href":"https:\/\/gocuisivin.com\/fr\/wp-json\/wp\/v2\/pwb-brand?post=22334"},{"taxonomy":"product_brand","embeddable":true,"href":"https:\/\/gocuisivin.com\/fr\/wp-json\/wp\/v2\/product_brand?post=22334"},{"taxonomy":"product_cat","embeddable":true,"href":"https:\/\/gocuisivin.com\/fr\/wp-json\/wp\/v2\/product_cat?post=22334"},{"taxonomy":"product_tag","embeddable":true,"href":"https:\/\/gocuisivin.com\/fr\/wp-json\/wp\/v2\/product_tag?post=22334"}],"curies":[{"name":"wp","href":"https:\/\/api.w.org\/{rel}","templated":true}]}}