{"id":22330,"date":"2022-03-15T05:57:50","date_gmt":"2022-03-15T05:57:50","guid":{"rendered":"https:\/\/gocuisivin.com\/product\/carafe-vinolife-dolcetto\/"},"modified":"2023-01-18T15:27:10","modified_gmt":"2023-01-18T15:27:10","slug":"carafe-vinolife-dolcetto","status":"publish","type":"product","link":"https:\/\/gocuisivin.com\/fr\/product\/carafe-vinolife-dolcetto\/","title":{"rendered":"Carafe VinoLife Dolcetto"},"content":{"rendered":"<p>La carafe Dolcetto de VinoLife pr\u00e9sente un design de raisin unique qui culmine \u00e0 travers le vin en d\u00e9cantation par le bas. Le motif du raisin peut \u00e9galement aider \u00e0 faire tourbillonner et \u00e0 agiter doucement le vin lorsqu&#8217;il entre dans la carafe. La carafe est fabriqu\u00e9e en Europe avec du cristal sans plomb et la grande taille de 44 oz est parfaite pour d\u00e9canter des bouteilles pleines de votre vin rouge pr\u00e9f\u00e9r\u00e9.<\/p>\n","protected":false},"excerpt":{"rendered":"<p>&nbsp;<\/p>\n<ul>\n<li>Le motif de raisin int\u00e9gr\u00e9 culmine \u00e0 travers le vin<\/li>\n<li>Le motif de raisin unique aide \u00e0 a\u00e9rer le vin lorsqu&#8217;il est agit\u00e9<\/li>\n<li>Cristal europ\u00e9en sans plomb<\/li>\n<li>Capacit\u00e9\u00a0:\u00a044 oz\/1,3\u00a0L<\/li>\n<li>bo\u00eete blanche<\/li>\n<\/ul>\n<p><img decoding=\"async\" src=\"https:\/\/gocuisivin.com\/gleengag\/2022\/03\/Icon-w_-Text_Made-in-Europe_1-scaled-e1647696362269.jpg\" alt=\"\" width=\"100\" height=\"100\" \/><img decoding=\"async\" src=\"https:\/\/gocuisivin.com\/gleengag\/2022\/03\/Icon-w_-Text_Lead-Free-Crystal_1-scaled-e1647696159460.jpg\" alt=\"\" width=\"100\" height=\"100\" \/><img decoding=\"async\" src=\"https:\/\/gocuisivin.com\/gleengag\/2022\/03\/Icon-w_-Text_Handwash_1.jpg\" alt=\"\" width=\"100\" height=\"100\" \/><\/p>\n","protected":false},"featured_media":22352,"comment_status":"open","ping_status":"closed","template":"","meta":[],"pwb-brand":[1680],"product_brand":[],"product_cat":[1562,1557],"product_tag":[1171,118,298,1192],"class_list":{"0":"post-22330","1":"product","2":"type-product","3":"status-publish","4":"has-post-thumbnail","6":"pwb-brand-vinolife-fr","7":"product_cat-carafe","8":"product_cat-verrerie","9":"product_tag-carafe-fr","10":"product_tag-verrerie","11":"product_tag-vin-rouge","12":"product_tag-vinolife-fr","14":"first","15":"outofstock","16":"taxable","17":"shipping-taxable","18":"purchasable","19":"product-type-simple"},"brands":[{"id":1680,"name":"VinoLife","slug":"vinolife-fr"}],"_links":{"self":[{"href":"https:\/\/gocuisivin.com\/fr\/wp-json\/wp\/v2\/product\/22330","targetHints":{"allow":["GET"]}}],"collection":[{"href":"https:\/\/gocuisivin.com\/fr\/wp-json\/wp\/v2\/product"}],"about":[{"href":"https:\/\/gocuisivin.com\/fr\/wp-json\/wp\/v2\/types\/product"}],"replies":[{"embeddable":true,"href":"https:\/\/gocuisivin.com\/fr\/wp-json\/wp\/v2\/comments?post=22330"}],"version-history":[{"count":1,"href":"https:\/\/gocuisivin.com\/fr\/wp-json\/wp\/v2\/product\/22330\/revisions"}],"predecessor-version":[{"id":24124,"href":"https:\/\/gocuisivin.com\/fr\/wp-json\/wp\/v2\/product\/22330\/revisions\/24124"}],"wp:featuredmedia":[{"embeddable":true,"href":"https:\/\/gocuisivin.com\/fr\/wp-json\/wp\/v2\/media\/22352"}],"wp:attachment":[{"href":"https:\/\/gocuisivin.com\/fr\/wp-json\/wp\/v2\/media?parent=22330"}],"wp:term":[{"taxonomy":"pwb-brand","embeddable":true,"href":"https:\/\/gocuisivin.com\/fr\/wp-json\/wp\/v2\/pwb-brand?post=22330"},{"taxonomy":"product_brand","embeddable":true,"href":"https:\/\/gocuisivin.com\/fr\/wp-json\/wp\/v2\/product_brand?post=22330"},{"taxonomy":"product_cat","embeddable":true,"href":"https:\/\/gocuisivin.com\/fr\/wp-json\/wp\/v2\/product_cat?post=22330"},{"taxonomy":"product_tag","embeddable":true,"href":"https:\/\/gocuisivin.com\/fr\/wp-json\/wp\/v2\/product_tag?post=22330"}],"curies":[{"name":"wp","href":"https:\/\/api.w.org\/{rel}","templated":true}]}}