{"id":22322,"date":"2022-03-15T05:57:51","date_gmt":"2022-03-15T05:57:51","guid":{"rendered":"https:\/\/gocuisivin.com\/product\/decanteur-de-whisky-de-malt-vinolife\/"},"modified":"2023-01-18T15:22:46","modified_gmt":"2023-01-18T15:22:46","slug":"decanteur-de-whisky-de-malt-vinolife","status":"publish","type":"product","link":"https:\/\/gocuisivin.com\/fr\/product\/decanteur-de-whisky-de-malt-vinolife\/","title":{"rendered":"D\u00e9canteur de whisky de malt VinoLife"},"content":{"rendered":"<p>La carafe \u00e0 whisky de malt de 24 oz de VinoLife est en cristal sans plomb et fabriqu\u00e9e en Europe. Des lignes contemporaines et \u00e9pur\u00e9es vous permettent de d\u00e9canter et de servir avec style ! Ne comprend pas les lunettes.<\/p>\n","protected":false},"excerpt":{"rendered":"<p>&nbsp;<\/p>\n<ul>\n<li>Carafe \u00e0 whisky et liqueur \u00e9l\u00e9gante<\/li>\n<li>Comprend un bouchon pour retenir les ar\u00f4mes<\/li>\n<li>Des lignes \u00e9pur\u00e9es contemporaines avec un design intemporel<\/li>\n<li>Capacit\u00e9 : 24 oz\/0.70 L<\/li>\n<li>bo\u00eete blanche<\/li>\n<\/ul>\n<p><img decoding=\"async\" src=\"https:\/\/gocuisivin.com\/gleengag\/2022\/03\/Icon-w_-Text_Made-in-Europe_1-scaled-e1647696362269.jpg\" alt=\"\" width=\"100\" height=\"100\" \/><img decoding=\"async\" src=\"https:\/\/gocuisivin.com\/gleengag\/2022\/03\/Icon-w_-Text_Lead-Free-Crystal_1-scaled-e1647696159460.jpg\" alt=\"\" width=\"100\" height=\"100\" \/><img decoding=\"async\" src=\"https:\/\/gocuisivin.com\/gleengag\/2022\/03\/Icon-w_-Text_Handwash_1.jpg\" alt=\"\" width=\"100\" height=\"100\" \/><\/p>\n","protected":false},"featured_media":22337,"comment_status":"open","ping_status":"closed","template":"","meta":[],"pwb-brand":[1680],"product_brand":[],"product_cat":[1562,1557,1559],"product_tag":[1171,1174,1230,118,1192,120,527],"class_list":{"0":"post-22322","1":"product","2":"type-product","3":"status-publish","4":"has-post-thumbnail","6":"pwb-brand-vinolife-fr","7":"product_cat-carafe","8":"product_cat-verrerie","9":"product_cat-whisky-spiritueux","10":"product_tag-carafe-fr","11":"product_tag-cristal","12":"product_tag-malt-fr","13":"product_tag-verrerie","14":"product_tag-vinolife-fr","15":"product_tag-whisky-fr","16":"product_tag-whisky-spiritueux-fr","18":"first","19":"instock","20":"taxable","21":"shipping-taxable","22":"purchasable","23":"product-type-simple"},"brands":[{"id":1680,"name":"VinoLife","slug":"vinolife-fr"}],"_links":{"self":[{"href":"https:\/\/gocuisivin.com\/fr\/wp-json\/wp\/v2\/product\/22322","targetHints":{"allow":["GET"]}}],"collection":[{"href":"https:\/\/gocuisivin.com\/fr\/wp-json\/wp\/v2\/product"}],"about":[{"href":"https:\/\/gocuisivin.com\/fr\/wp-json\/wp\/v2\/types\/product"}],"replies":[{"embeddable":true,"href":"https:\/\/gocuisivin.com\/fr\/wp-json\/wp\/v2\/comments?post=22322"}],"version-history":[{"count":1,"href":"https:\/\/gocuisivin.com\/fr\/wp-json\/wp\/v2\/product\/22322\/revisions"}],"predecessor-version":[{"id":24120,"href":"https:\/\/gocuisivin.com\/fr\/wp-json\/wp\/v2\/product\/22322\/revisions\/24120"}],"wp:featuredmedia":[{"embeddable":true,"href":"https:\/\/gocuisivin.com\/fr\/wp-json\/wp\/v2\/media\/22337"}],"wp:attachment":[{"href":"https:\/\/gocuisivin.com\/fr\/wp-json\/wp\/v2\/media?parent=22322"}],"wp:term":[{"taxonomy":"pwb-brand","embeddable":true,"href":"https:\/\/gocuisivin.com\/fr\/wp-json\/wp\/v2\/pwb-brand?post=22322"},{"taxonomy":"product_brand","embeddable":true,"href":"https:\/\/gocuisivin.com\/fr\/wp-json\/wp\/v2\/product_brand?post=22322"},{"taxonomy":"product_cat","embeddable":true,"href":"https:\/\/gocuisivin.com\/fr\/wp-json\/wp\/v2\/product_cat?post=22322"},{"taxonomy":"product_tag","embeddable":true,"href":"https:\/\/gocuisivin.com\/fr\/wp-json\/wp\/v2\/product_tag?post=22322"}],"curies":[{"name":"wp","href":"https:\/\/api.w.org\/{rel}","templated":true}]}}