{"id":22320,"date":"2022-03-15T05:57:50","date_gmt":"2022-03-15T05:57:50","guid":{"rendered":"https:\/\/gocuisivin.com\/product\/decanteur-orbital-vinolife\/"},"modified":"2023-01-18T15:25:43","modified_gmt":"2023-01-18T15:25:43","slug":"decanteur-orbital-vinolife","status":"publish","type":"product","link":"https:\/\/gocuisivin.com\/fr\/product\/decanteur-orbital-vinolife\/","title":{"rendered":"D\u00e9canteur Orbital VinoLife"},"content":{"rendered":"<p>VinoLife Orbital Decanter est fabriqu\u00e9 en Europe avec du cristal fin sans plomb. La forme unique de la carafe lui permet de tourner dans son propre rayon ; a\u00e9rer rapidement le vin au fur et \u00e0 mesure qu&#8217;il tourne &#8211; un peu comme le tourbillon d&#8217;un verre \u00e0 vin. La carafe orbitale comprend \u00e9galement un bouchon givr\u00e9 \u00e9l\u00e9gant pour contenir l&#8217;ar\u00f4me lorsqu&#8217;il s&#8217;ouvre. L&#8217;unicit\u00e9 de cette carafe n&#8217;est surpass\u00e9e que par sa praticit\u00e9.<\/p>\n","protected":false},"excerpt":{"rendered":"<p>&nbsp;<\/p>\n<ul>\n<li>Sa forme unique lui permet de tourner dans son propre rayon<\/li>\n<li>Base pointue pour tourbillonner, a\u00e9rer le vin au fur et \u00e0 mesure qu&#8217;il tourne<\/li>\n<li>Comprend un bouchon givr\u00e9<\/li>\n<li>Capacit\u00e9 : 43,95 oz\/1,3 L<\/li>\n<li>bo\u00eete blanche<\/li>\n<\/ul>\n<p><img decoding=\"async\" src=\"https:\/\/gocuisivin.com\/gleengag\/2022\/03\/Icon-w_-Text_Made-in-Europe_1-scaled-e1647696362269.jpg\" alt=\"\" width=\"100\" height=\"100\" \/><img decoding=\"async\" src=\"https:\/\/gocuisivin.com\/gleengag\/2022\/03\/Icon-w_-Text_Lead-Free-Crystal_1-scaled-e1647696159460.jpg\" alt=\"\" width=\"100\" height=\"100\" \/><img decoding=\"async\" src=\"https:\/\/gocuisivin.com\/gleengag\/2022\/03\/Icon-w_-Text_Handwash_1.jpg\" alt=\"\" width=\"100\" height=\"100\" \/><\/p>\n","protected":false},"featured_media":22326,"comment_status":"open","ping_status":"closed","template":"","meta":[],"pwb-brand":[1680],"product_brand":[],"product_cat":[1562,1557],"product_tag":[1171,1223,118,116,298,1192],"class_list":{"0":"post-22320","1":"product","2":"type-product","3":"status-publish","4":"has-post-thumbnail","6":"pwb-brand-vinolife-fr","7":"product_cat-carafe","8":"product_cat-verrerie","9":"product_tag-carafe-fr","10":"product_tag-orbital-fr","11":"product_tag-verrerie","12":"product_tag-vin","13":"product_tag-vin-rouge","14":"product_tag-vinolife-fr","16":"first","17":"outofstock","18":"taxable","19":"shipping-taxable","20":"purchasable","21":"product-type-simple"},"brands":[{"id":1680,"name":"VinoLife","slug":"vinolife-fr"}],"_links":{"self":[{"href":"https:\/\/gocuisivin.com\/fr\/wp-json\/wp\/v2\/product\/22320","targetHints":{"allow":["GET"]}}],"collection":[{"href":"https:\/\/gocuisivin.com\/fr\/wp-json\/wp\/v2\/product"}],"about":[{"href":"https:\/\/gocuisivin.com\/fr\/wp-json\/wp\/v2\/types\/product"}],"replies":[{"embeddable":true,"href":"https:\/\/gocuisivin.com\/fr\/wp-json\/wp\/v2\/comments?post=22320"}],"version-history":[{"count":1,"href":"https:\/\/gocuisivin.com\/fr\/wp-json\/wp\/v2\/product\/22320\/revisions"}],"predecessor-version":[{"id":24123,"href":"https:\/\/gocuisivin.com\/fr\/wp-json\/wp\/v2\/product\/22320\/revisions\/24123"}],"wp:featuredmedia":[{"embeddable":true,"href":"https:\/\/gocuisivin.com\/fr\/wp-json\/wp\/v2\/media\/22326"}],"wp:attachment":[{"href":"https:\/\/gocuisivin.com\/fr\/wp-json\/wp\/v2\/media?parent=22320"}],"wp:term":[{"taxonomy":"pwb-brand","embeddable":true,"href":"https:\/\/gocuisivin.com\/fr\/wp-json\/wp\/v2\/pwb-brand?post=22320"},{"taxonomy":"product_brand","embeddable":true,"href":"https:\/\/gocuisivin.com\/fr\/wp-json\/wp\/v2\/product_brand?post=22320"},{"taxonomy":"product_cat","embeddable":true,"href":"https:\/\/gocuisivin.com\/fr\/wp-json\/wp\/v2\/product_cat?post=22320"},{"taxonomy":"product_tag","embeddable":true,"href":"https:\/\/gocuisivin.com\/fr\/wp-json\/wp\/v2\/product_tag?post=22320"}],"curies":[{"name":"wp","href":"https:\/\/api.w.org\/{rel}","templated":true}]}}