{"id":22299,"date":"2022-04-12T05:05:13","date_gmt":"2022-04-12T05:05:13","guid":{"rendered":"https:\/\/gocuisivin.com\/product\/oberglas-passion-degustation-verre-a-rhum-paquet-de-6\/"},"modified":"2023-08-31T12:44:10","modified_gmt":"2023-08-31T16:44:10","slug":"oberglas-passion-degustation-verre-a-rhum-paquet-de-6","status":"publish","type":"product","link":"https:\/\/gocuisivin.com\/fr\/product\/oberglas-passion-degustation-verre-a-rhum-paquet-de-6\/","title":{"rendered":"Oberglas Passion D\u00e9gustation\/Verre \u00e0 Rhum &#8211; Paquet de 6"},"content":{"rendered":"<p>Le verre \u00e0 d\u00e9gustation Oberglas Passion est fabriqu\u00e9 \u00e0 partir de cristal sans plomb de la plus haute qualit\u00e9. La durabilit\u00e9 du composite brillant est renforc\u00e9e par la structure de la tige monobloc. La qualit\u00e9 sup\u00e9rieure permet \u00e9galement un rebord et un mur plus fins, donnant une pr\u00e9sentation plus raffin\u00e9e. Le bol du verre de d\u00e9gustation qui est fait pour l&#8217;\u00e9valuation critique du vin. Le design contemporain comprend un bol effil\u00e9 pour concentrer l&#8217;ar\u00f4me\/bouquet tandis que la longue tige emp\u00eache votre main de r\u00e9chauffer le bol. Le bol du verre \u00e0 d\u00e9gustation est \u00e9galement bien adapt\u00e9 pour les petites coul\u00e9es ; c&#8217;est une taille et une forme parfaites pour d\u00e9guster des spiritueux comme le rhum. Fabriqu\u00e9 en Allemagne, le verre est \u00e9galement 100 % lavable au lave-vaisselle.<\/p>\n","protected":false},"excerpt":{"rendered":"<p>&nbsp;<\/p>\n<ul>\n<li>Sp\u00e9cialement con\u00e7u comme un verre de d\u00e9gustation tout usage pour le vin, le porto, le rhum et les spiritueux<\/li>\n<li>Le style contemporain rencontre la durabilit\u00e9 brillante<\/li>\n<li>Construction durable en une seule pi\u00e8ce avec rebord fin<\/li>\n<li>Cristal sans plomb allemand<\/li>\n<li>Capacit\u00e9 : 7,25 onces \/ 214 ml<\/li>\n<li>Bo\u00eete marron 6pk<\/li>\n<\/ul>\n<p><img decoding=\"async\" src=\"https:\/\/gocuisivin.com\/gleengag\/2022\/03\/Icon-w_-Text_Made-in-Germany_1.jpg\" alt=\"\" width=\"100\" height=\"100\" \/><img decoding=\"async\" src=\"https:\/\/gocuisivin.com\/gleengag\/2022\/03\/Icon-w_-Text_Lead-Free-Crystal_1-scaled-e1647696159460.jpg\" alt=\"\" width=\"100\" height=\"100\" \/><img decoding=\"async\" src=\"https:\/\/gocuisivin.com\/gleengag\/2022\/03\/Icon-w_-Text_Fine-Rim_1-scaled-e1647696201810.jpg\" alt=\"\" width=\"100\" height=\"100\" \/><img loading=\"lazy\" decoding=\"async\" src=\"https:\/\/gocuisivin.com\/gleengag\/2022\/03\/Icon-w_-Text_Dishwasher-Safe_1-scaled-e1647696229552.jpg\" alt=\"\" width=\"100\" height=\"100\" \/><img loading=\"lazy\" decoding=\"async\" src=\"https:\/\/gocuisivin.com\/gleengag\/2022\/03\/Icon-w_-Text_Pulled-Stem-for-Durability_1.jpg\" alt=\"\" width=\"100\" height=\"100\" \/><\/p>\n","protected":false},"featured_media":25715,"comment_status":"open","ping_status":"closed","template":"","meta":[],"pwb-brand":[1673],"product_brand":[],"product_cat":[1557,1558,1559],"product_tag":[1020,117,1560,118,116,527],"class_list":{"0":"post-22299","1":"product","2":"type-product","3":"status-publish","4":"has-post-thumbnail","6":"pwb-brand-oberglas-fr","7":"product_cat-verrerie","8":"product_cat-vin","9":"product_cat-whisky-spiritueux","10":"product_tag-6-paquets","11":"product_tag-oberglas-fr","12":"product_tag-verre-a-rhum","13":"product_tag-verrerie","14":"product_tag-vin","15":"product_tag-whisky-spiritueux-fr","17":"first","18":"instock","19":"taxable","20":"shipping-taxable","21":"purchasable","22":"product-type-simple"},"brands":[{"id":1673,"name":"Oberglas","slug":"oberglas-fr"}],"_links":{"self":[{"href":"https:\/\/gocuisivin.com\/fr\/wp-json\/wp\/v2\/product\/22299","targetHints":{"allow":["GET"]}}],"collection":[{"href":"https:\/\/gocuisivin.com\/fr\/wp-json\/wp\/v2\/product"}],"about":[{"href":"https:\/\/gocuisivin.com\/fr\/wp-json\/wp\/v2\/types\/product"}],"replies":[{"embeddable":true,"href":"https:\/\/gocuisivin.com\/fr\/wp-json\/wp\/v2\/comments?post=22299"}],"version-history":[{"count":2,"href":"https:\/\/gocuisivin.com\/fr\/wp-json\/wp\/v2\/product\/22299\/revisions"}],"predecessor-version":[{"id":24113,"href":"https:\/\/gocuisivin.com\/fr\/wp-json\/wp\/v2\/product\/22299\/revisions\/24113"}],"wp:featuredmedia":[{"embeddable":true,"href":"https:\/\/gocuisivin.com\/fr\/wp-json\/wp\/v2\/media\/25715"}],"wp:attachment":[{"href":"https:\/\/gocuisivin.com\/fr\/wp-json\/wp\/v2\/media?parent=22299"}],"wp:term":[{"taxonomy":"pwb-brand","embeddable":true,"href":"https:\/\/gocuisivin.com\/fr\/wp-json\/wp\/v2\/pwb-brand?post=22299"},{"taxonomy":"product_brand","embeddable":true,"href":"https:\/\/gocuisivin.com\/fr\/wp-json\/wp\/v2\/product_brand?post=22299"},{"taxonomy":"product_cat","embeddable":true,"href":"https:\/\/gocuisivin.com\/fr\/wp-json\/wp\/v2\/product_cat?post=22299"},{"taxonomy":"product_tag","embeddable":true,"href":"https:\/\/gocuisivin.com\/fr\/wp-json\/wp\/v2\/product_tag?post=22299"}],"curies":[{"name":"wp","href":"https:\/\/api.w.org\/{rel}","templated":true}]}}