{"id":22315,"date":"2022-06-07T11:58:55","date_gmt":"2022-06-07T11:58:55","guid":{"rendered":"https:\/\/gocuisivin.com\/expedition-retours\/"},"modified":"2022-06-24T18:21:58","modified_gmt":"2022-06-24T18:21:58","slug":"expedition-retours","status":"publish","type":"page","link":"https:\/\/gocuisivin.com\/fr\/expedition-retours\/","title":{"rendered":"Exp\u00e9dition &amp; retours"},"content":{"rendered":"\t\t<div data-elementor-type=\"wp-page\" data-elementor-id=\"22315\" class=\"elementor elementor-22315 elementor-20930\" data-elementor-post-type=\"page\">\n\t\t\t\t\t\t<section class=\"wd-negative-gap elementor-section elementor-top-section elementor-element elementor-element-f4fcc88 elementor-section-boxed elementor-section-height-default elementor-section-height-default\" data-id=\"f4fcc88\" data-element_type=\"section\" data-e-type=\"section\">\n\t\t\t\t\t\t<div class=\"elementor-container elementor-column-gap-default\">\n\t\t\t\t\t<div class=\"elementor-column elementor-col-100 elementor-top-column elementor-element elementor-element-04d0ef8\" data-id=\"04d0ef8\" data-element_type=\"column\" data-e-type=\"column\">\n\t\t\t<div class=\"elementor-widget-wrap elementor-element-populated\">\n\t\t\t\t\t\t<div class=\"elementor-element elementor-element-782eae5 color-scheme-inherit text-left elementor-widget elementor-widget-text-editor\" data-id=\"782eae5\" data-element_type=\"widget\" data-e-type=\"widget\" data-widget_type=\"text-editor.default\">\n\t\t\t\t<div class=\"elementor-widget-container\">\n\t\t\t\t\t\t\t\t\t<p style=\"text-align: center;\"><strong>Exp\u00e9dition &amp; retours<\/strong><\/p><p><strong>G\u00e9n\u00e9ral:<\/strong><\/p><p>Votre commande re\u00e7ue sera trait\u00e9e dans un d\u00e9lai de 2 \u00e0 7 jours ouvrables.<br>Une confirmation d&#8217;exp\u00e9dition et de suivi vous sera envoy\u00e9e par e-mail.<br>Les d\u00e9lais de livraison sont des estimations et ne peuvent \u00eatre garantis.<\/p><p>En raison du COVID-19, le traitement et les livraisons peuvent \u00eatre retard\u00e9s.<\/p><p>Pendant les hautes saisons des f\u00eates, veuillez pr\u00e9voir un d\u00e9lai de traitement et d&#8217;exp\u00e9dition suppl\u00e9mentaire.<\/p><p><strong>Veuillez vous assurer de bien renseigner votre adresse de livraison \u00e0 une adresse pouvant recevoir des colis.<\/strong> <br>Si l&#8217;adresse fournie est incorrecte, nous ne pouvons pas assumer la responsabilit\u00e9 de ce colis. Nous ne pouvons pas non plus assumer la responsabilit\u00e9 d&#8217;un colis marqu\u00e9 comme livr\u00e9 par le transporteur qui est vol\u00e9 ou \u00e9gar\u00e9 par la suite. Si un colis ne peut pas \u00eatre livr\u00e9, il peut nous \u00eatre renvoy\u00e9. Nous ne serons pas en mesure de rembourser votre achat avant l&#8217;arriv\u00e9e du colis et des frais de traitement de 20 % plus des frais d&#8217;exp\u00e9dition aller-retour seront d\u00e9duits de votre remboursement. Cela peut prendre jusqu&#8217;\u00e0 8 semaines pour que le colis nous soit retourn\u00e9 et qu&#8217;un remboursement soit \u00e9mis.<\/p><p><strong>Livraison gratuite:<\/strong><br>Nous offrons la livraison gratuite pour les commandes de plus de 150,00&nbsp;$ (CAD pour le Canada et USD pour les \u00c9tats-Unis). Pour \u00eatre \u00e9ligible, le montant minimum de la commande doit \u00eatre apr\u00e8s l&#8217;application de toutes les r\u00e9ductions et exclure toutes les taxes. Les adresses d&#8217;exp\u00e9dition au Canada et aux \u00c9tats-Unis continentaux uniquement, \u00e0 l&#8217;exception des livraisons au Yukon, aux Territoires du Nord-Ouest et au Nunavut, et certains emplacements \u00e9loign\u00e9s aux \u00c9tats-Unis entra\u00eeneront des frais d&#8217;exp\u00e9dition suppl\u00e9mentaires. Ne comprend pas les articles surdimensionn\u00e9s.<\/p>\t\t\t\t\t\t\t\t<\/div>\n\t\t\t\t<\/div>\n\t\t\t\t\t<\/div>\n\t\t<\/div>\n\t\t\t\t\t<\/div>\n\t\t<\/section>\n\t\t\t\t<section class=\"wd-negative-gap elementor-section elementor-top-section elementor-element elementor-element-f535ac2 elementor-section-boxed elementor-section-height-default elementor-section-height-default\" data-id=\"f535ac2\" data-element_type=\"section\" data-e-type=\"section\">\n\t\t\t\t\t\t<div class=\"elementor-container elementor-column-gap-default\">\n\t\t\t\t\t<div class=\"elementor-column elementor-col-100 elementor-top-column elementor-element elementor-element-54e99e8\" data-id=\"54e99e8\" data-element_type=\"column\" data-e-type=\"column\">\n\t\t\t<div class=\"elementor-widget-wrap elementor-element-populated\">\n\t\t\t\t\t\t<div class=\"elementor-element elementor-element-e135f4a color-scheme-inherit text-left elementor-widget elementor-widget-text-editor\" data-id=\"e135f4a\" data-element_type=\"widget\" data-e-type=\"widget\" data-widget_type=\"text-editor.default\">\n\t\t\t\t<div class=\"elementor-widget-container\">\n\t\t\t\t\t\t\t\t\t<p><strong>CUEILLETTE LOCALE EN BORDURE DE VUE<\/strong><\/p><p>Pour votre commodit\u00e9 et pour assurer un ramassage sans contact, nous proposons le ramassage en bordure de rue \u00e0 cet endroit&nbsp;:<\/p><p style=\"text-align: center;\">880 Cour Cranberry, Oakville, ON L6L 6J7, Canada <br>T\u00e9l : 905-847-7836<br>Du lundi au vendredi : de 9h30 \u00e0 16h00 uniquement<\/p>\t\t\t\t\t\t\t\t<\/div>\n\t\t\t\t<\/div>\n\t\t\t\t\t<\/div>\n\t\t<\/div>\n\t\t\t\t\t<\/div>\n\t\t<\/section>\n\t\t\t\t<section class=\"wd-negative-gap elementor-section elementor-top-section elementor-element elementor-element-25dbc4f elementor-section-boxed elementor-section-height-default elementor-section-height-default\" data-id=\"25dbc4f\" data-element_type=\"section\" data-e-type=\"section\">\n\t\t\t\t\t\t<div class=\"elementor-container elementor-column-gap-default\">\n\t\t\t\t\t<div class=\"elementor-column elementor-col-100 elementor-top-column elementor-element elementor-element-b2aa076\" data-id=\"b2aa076\" data-element_type=\"column\" data-e-type=\"column\">\n\t\t\t<div class=\"elementor-widget-wrap elementor-element-populated\">\n\t\t\t\t\t\t<div class=\"elementor-element elementor-element-018e1cb color-scheme-inherit text-left elementor-widget elementor-widget-text-editor\" data-id=\"018e1cb\" data-element_type=\"widget\" data-e-type=\"widget\" data-widget_type=\"text-editor.default\">\n\t\t\t\t<div class=\"elementor-widget-container\">\n\t\t\t\t\t\t\t\t\t<p><strong>Exp\u00e9dition aux \u00c9tats-Unis<\/strong><\/p><p>L&#8217;exp\u00e9dition vers les \u00c9tats-Unis peut \u00eatre soumise \u00e0 des droits de douane et taxes am\u00e9ricains, le cas \u00e9ch\u00e9ant. Ces frais suppl\u00e9mentaires peuvent vous \u00eatre r\u00e9clam\u00e9s par le transporteur au moment de la livraison ou le transporteur peut nous facturer, et nous aurons besoin que vous les remboursiez.<\/p><p><strong>COMMANDES INTERNATIONALES<\/strong><br>\u00c0 l&#8217;heure actuelle, Cuisivin n&#8217;est pas en mesure d&#8217;exp\u00e9dier \u00e0 l&#8217;ext\u00e9rieur de l&#8217;Am\u00e9rique du Nord continentale.<\/p><p><strong>ASSURANCE<\/strong><br>Nous faisons de notre mieux pour tout emballer afin d&#8217;\u00e9viter les bris, mais si votre commande arrive endommag\u00e9e, veuillez prendre des photos du ou des produits et des mat\u00e9riaux d&#8217;emballage. Envoyez les photos \u00e0 info@cuisivin.com avec toutes vos informations. Nous ferons une r\u00e9clamation en votre nom aupr\u00e8s du transporteur. L&#8217;assureur peut avoir besoin d&#8217;un affidavit sign\u00e9 indiquant que les marchandises sont arriv\u00e9es endommag\u00e9es. Veuillez ne pas jeter les marchandises endommag\u00e9es et tous les mat\u00e9riaux d&#8217;emballage. Nous ne serons pas en mesure de retourner, de remplacer ou de rembourser les articles pour lesquels vous (le client) n&#8217;avez pas fourni suffisamment d&#8217;informations et de documentation pour une r\u00e9clamation.<\/p><p><br><strong>RUPTURE DANS UN ENVOI DE LIVRAISON<\/strong><\/p><p>Veuillez d\u00e9baller compl\u00e8tement votre commande. Dans le cas o\u00f9 un article est re\u00e7u endommag\u00e9, veuillez conserver tous les emballages d&#8217;origine et photographier l&#8217;emballage et le produit endommag\u00e9s et contacter imm\u00e9diatement notre service client \u00e0 info@cuisivin.com. Les demandes tardives (plus de trois jours de livraison) peuvent ne pas \u00eatre honor\u00e9es.<\/p>\t\t\t\t\t\t\t\t<\/div>\n\t\t\t\t<\/div>\n\t\t\t\t\t<\/div>\n\t\t<\/div>\n\t\t\t\t\t<\/div>\n\t\t<\/section>\n\t\t\t\t<section class=\"wd-negative-gap elementor-section elementor-top-section elementor-element elementor-element-bdea0b8 elementor-section-boxed elementor-section-height-default elementor-section-height-default\" data-id=\"bdea0b8\" data-element_type=\"section\" data-e-type=\"section\">\n\t\t\t\t\t\t<div class=\"elementor-container elementor-column-gap-default\">\n\t\t\t\t\t<div class=\"elementor-column elementor-col-100 elementor-top-column elementor-element elementor-element-c1e2af8\" data-id=\"c1e2af8\" data-element_type=\"column\" data-e-type=\"column\">\n\t\t\t<div class=\"elementor-widget-wrap elementor-element-populated\">\n\t\t\t\t\t\t<div class=\"elementor-element elementor-element-1b7fd6a color-scheme-inherit text-left elementor-widget elementor-widget-text-editor\" data-id=\"1b7fd6a\" data-element_type=\"widget\" data-e-type=\"widget\" data-widget_type=\"text-editor.default\">\n\t\t\t\t<div class=\"elementor-widget-container\">\n\t\t\t\t\t\t\t\t\t<p style=\"text-align: center;\"><strong>Proc\u00e9dure de retour<\/strong><\/p><p>Nous comprenons que parfois votre achat ne se d\u00e9roule pas comme pr\u00e9vu. Si vous devez traiter un retour, voici comment&nbsp;:<\/p><p>Nous acceptons les retours pour \u00e9change ou remboursement dans les 14 jours suivant la r\u00e9ception de votre achat. Une preuve d&#8217;achat est requise, et tous les articles doivent \u00eatre inutilis\u00e9s, non lav\u00e9s, non ouverts et dans un nouvel \u00e9tat et emballage d&#8217;origine, revendables avec des instructions, des manuels, des \u00e9tiquettes, etc. toujours attach\u00e9s.<\/p><p>Avant de retourner, veuillez envoyer un e-mail ou appeler notre service client\u00e8le pour obtenir le num\u00e9ro RMA (autorisation de retour de marchandise). Vous devrez fournir la raison du retour, les d\u00e9tails du produit, votre nom et vos coordonn\u00e9es. Retours non re\u00e7us dans les 3 semaines suivant l&#8217;\u00e9mission du RMA No. va expirer. Les retours sans num\u00e9ro RMA ou dont le num\u00e9ro RMA a expir\u00e9 peuvent \u00eatre refus\u00e9s. Lorsque vous avez votre num\u00e9ro RMA, veuillez emballer soigneusement votre produit avec toutes les pi\u00e8ces et exp\u00e9dier en port pay\u00e9, de pr\u00e9f\u00e9rence assur\u00e9 avec un suivi \u00e0&nbsp;:<\/p><p>Cuisivin<br>880 Cour Cranberry,<br>Oakville, ON L6L 6J7<br>Canada.<br>Att : Retour \u2013 N\u00b0 RMA<\/p><p>Apr\u00e8s 30 jours \u00e0 compter de la date d&#8217;achat, aucun remboursement ou \u00e9change ne sera \u00e9mis.<\/p><p><strong>Toutes les commandes imprim\u00e9es personnalis\u00e9es, les paniers-cadeaux, les produits comestibles, les commandes sp\u00e9ciales, les articles en liquidation ou les articles r\u00e9duits de plus de 40 % sont consid\u00e9r\u00e9s comme une vente finale. Il n&#8217;y aura aucun remboursement, \u00e9change ou demande de garantie sur ces marchandises.<\/strong><\/p><p>Tous les frais d&#8217;exp\u00e9dition ne sont pas remboursables et tous les frais de retour sont \u00e0 la charge de l&#8217;acheteur. Si vous avez droit \u00e0 la livraison gratuite, nous \u00e9mettrons un remboursement moins les frais d&#8217;exp\u00e9dition de la commande d&#8217;origine. Nous recommandons que tous les retours soient soigneusement emball\u00e9s tels qu&#8217;ils ont \u00e9t\u00e9 re\u00e7us, assur\u00e9s et avec suivi car nous ne pouvons \u00eatre tenus responsables des produits perdus ou endommag\u00e9s pendant le transport. D\u00e8s r\u00e9ception du ou des produits retourn\u00e9s et de l&#8217;inspection, si elle est approuv\u00e9e, nous effectuerons alors un remboursement\/\u00e9change et les paiements seront rembours\u00e9s selon le mode de paiement d&#8217;origine.<\/p>\t\t\t\t\t\t\t\t<\/div>\n\t\t\t\t<\/div>\n\t\t\t\t\t<\/div>\n\t\t<\/div>\n\t\t\t\t\t<\/div>\n\t\t<\/section>\n\t\t\t\t<\/div>\n\t\t","protected":false},"excerpt":{"rendered":"<p>Exp\u00e9dition &amp; retours G\u00e9n\u00e9ral: Votre commande re\u00e7ue sera trait\u00e9e dans un d\u00e9lai de 2 \u00e0 7 jours ouvrables.Une confirmation d&#8217;exp\u00e9dition<\/p>\n","protected":false},"author":1,"featured_media":0,"parent":0,"menu_order":0,"comment_status":"closed","ping_status":"closed","template":"","meta":{"footnotes":""},"class_list":["post-22315","page","type-page","status-publish","hentry"],"_links":{"self":[{"href":"https:\/\/gocuisivin.com\/fr\/wp-json\/wp\/v2\/pages\/22315","targetHints":{"allow":["GET"]}}],"collection":[{"href":"https:\/\/gocuisivin.com\/fr\/wp-json\/wp\/v2\/pages"}],"about":[{"href":"https:\/\/gocuisivin.com\/fr\/wp-json\/wp\/v2\/types\/page"}],"author":[{"embeddable":true,"href":"https:\/\/gocuisivin.com\/fr\/wp-json\/wp\/v2\/users\/1"}],"replies":[{"embeddable":true,"href":"https:\/\/gocuisivin.com\/fr\/wp-json\/wp\/v2\/comments?post=22315"}],"version-history":[{"count":1,"href":"https:\/\/gocuisivin.com\/fr\/wp-json\/wp\/v2\/pages\/22315\/revisions"}],"predecessor-version":[{"id":22984,"href":"https:\/\/gocuisivin.com\/fr\/wp-json\/wp\/v2\/pages\/22315\/revisions\/22984"}],"wp:attachment":[{"href":"https:\/\/gocuisivin.com\/fr\/wp-json\/wp\/v2\/media?parent=22315"}],"curies":[{"name":"wp","href":"https:\/\/api.w.org\/{rel}","templated":true}]}}