{"id":22308,"date":"2022-06-07T11:58:55","date_gmt":"2022-06-07T11:58:55","guid":{"rendered":"https:\/\/gocuisivin.com\/politique-de-confidentialite\/"},"modified":"2022-06-19T12:52:10","modified_gmt":"2022-06-19T12:52:10","slug":"politique-de-confidentialite","status":"publish","type":"page","link":"https:\/\/gocuisivin.com\/fr\/politique-de-confidentialite\/","title":{"rendered":"Politique de confidentialit\u00e9"},"content":{"rendered":"\t\t<div data-elementor-type=\"wp-page\" data-elementor-id=\"22308\" class=\"elementor elementor-22308 elementor-20940\" data-elementor-post-type=\"page\">\n\t\t\t\t\t\t<section class=\"wd-negative-gap elementor-section elementor-top-section elementor-element elementor-element-ba52043 elementor-section-boxed elementor-section-height-default elementor-section-height-default\" data-id=\"ba52043\" data-element_type=\"section\" data-e-type=\"section\">\n\t\t\t\t\t\t<div class=\"elementor-container elementor-column-gap-default\">\n\t\t\t\t\t<div class=\"elementor-column elementor-col-100 elementor-top-column elementor-element elementor-element-7abbc02\" data-id=\"7abbc02\" data-element_type=\"column\" data-e-type=\"column\">\n\t\t\t<div class=\"elementor-widget-wrap elementor-element-populated\">\n\t\t\t\t\t\t<div class=\"elementor-element elementor-element-759d8f6 elementor-widget elementor-widget-heading\" data-id=\"759d8f6\" data-element_type=\"widget\" data-e-type=\"widget\" data-widget_type=\"heading.default\">\n\t\t\t\t<div class=\"elementor-widget-container\">\n\t\t\t\t\t<h2 class=\"elementor-heading-title elementor-size-default\">CONFIDENTIALIT\u00c9 ET S\u00c9CURIT\u00c9<\/h2>\t\t\t\t<\/div>\n\t\t\t\t<\/div>\n\t\t\t\t\t<\/div>\n\t\t<\/div>\n\t\t\t\t\t<\/div>\n\t\t<\/section>\n\t\t\t\t<section class=\"wd-negative-gap elementor-section elementor-top-section elementor-element elementor-element-2e56c2b elementor-section-boxed elementor-section-height-default elementor-section-height-default\" data-id=\"2e56c2b\" data-element_type=\"section\" data-e-type=\"section\">\n\t\t\t\t\t\t<div class=\"elementor-container elementor-column-gap-default\">\n\t\t\t\t\t<div class=\"elementor-column elementor-col-100 elementor-top-column elementor-element elementor-element-82f4a4e\" data-id=\"82f4a4e\" data-element_type=\"column\" data-e-type=\"column\">\n\t\t\t<div class=\"elementor-widget-wrap elementor-element-populated\">\n\t\t\t\t\t\t<div class=\"elementor-element elementor-element-223bc62 color-scheme-inherit text-left elementor-widget elementor-widget-text-editor\" data-id=\"223bc62\" data-element_type=\"widget\" data-e-type=\"widget\" data-widget_type=\"text-editor.default\">\n\t\t\t\t<div class=\"elementor-widget-container\">\n\t\t\t\t\t\t\t\t\t<p><big style=\"font-weight: bold;\"><br>Intimit\u00e9:<\/big><\/p><p>Toute information que vous fournissez, en tant que client, \u00e0 un repr\u00e9sentant de Cuisivin en personne, par t\u00e9l\u00e9phone ou en ligne est volontaire et donc consid\u00e9r\u00e9e comme obtenue avec un consentement tacite. Cuisivin appr\u00e9cie nos clients et la protection de votre vie priv\u00e9e est importante pour nous. Nous recevons, collectons et stockons toutes les informations que vous entrez sur notre site Web ou que vous nous fournissez de toute autre mani\u00e8re. De plus, nous recueillons l&#8217;adresse de protocole Internet (IP) utilis\u00e9e pour connecter votre ordinateur \u00e0 Internet ; connexion; adresse e-mail; le mot de passe; informations sur l&#8217;ordinateur et la connexion. Nous pouvons utiliser des outils logiciels pour mesurer et collecter des informations de session, y compris les temps de r\u00e9ponse des pages, la dur\u00e9e des visites sur certaines pages, les informations d&#8217;interaction des pages et les m\u00e9thodes utilis\u00e9es pour naviguer hors de la page. Nous recueillons \u00e9galement des informations personnelles (y compris nom, e-mail, mot de passe, communications)&nbsp;; les d\u00e9tails de paiement (y compris les informations de carte de cr\u00e9dit), les commentaires, les avis, les critiques de produits, les recommandations, les concours et le profil personnel que vous vous \u00eates port\u00e9 volontaire pour nous fournir.<\/p><p>Tous les messages, commentaires, r\u00e9actions, id\u00e9es, suggestions, notes ou autres communications (\u00ab&nbsp;Messages&nbsp;\u00bb) envoy\u00e9s \u00e0 notre site Web sont la propri\u00e9t\u00e9 exclusive de Cuisivin. La soumission de Messages constitue une cession \u00e0 Cuisivin des droits mondiaux, des titres et de tous les droits d&#8217;auteur et droits de propri\u00e9t\u00e9 intellectuelle sur les Messages. Cuisivin a le droit d&#8217;utiliser, de divulguer, de reproduire, de publier et de distribuer tout mat\u00e9riel que vous soumettez \u00e0 quelque fin que ce soit, sans restriction et sans vous r\u00e9mun\u00e9rer.<\/p>\t\t\t\t\t\t\t\t<\/div>\n\t\t\t\t<\/div>\n\t\t\t\t\t<\/div>\n\t\t<\/div>\n\t\t\t\t\t<\/div>\n\t\t<\/section>\n\t\t\t\t<section class=\"wd-negative-gap elementor-section elementor-top-section elementor-element elementor-element-9d03e5f elementor-section-boxed elementor-section-height-default elementor-section-height-default\" data-id=\"9d03e5f\" data-element_type=\"section\" data-e-type=\"section\">\n\t\t\t\t\t\t<div class=\"elementor-container elementor-column-gap-default\">\n\t\t\t\t\t<div class=\"elementor-column elementor-col-100 elementor-top-column elementor-element elementor-element-2918ee0\" data-id=\"2918ee0\" data-element_type=\"column\" data-e-type=\"column\">\n\t\t\t<div class=\"elementor-widget-wrap elementor-element-populated\">\n\t\t\t\t\t\t<div class=\"elementor-element elementor-element-4e4c9a0 color-scheme-inherit text-left elementor-widget elementor-widget-text-editor\" data-id=\"4e4c9a0\" data-element_type=\"widget\" data-e-type=\"widget\" data-widget_type=\"text-editor.default\">\n\t\t\t\t<div class=\"elementor-widget-container\">\n\t\t\t\t\t\t\t\t\t<p><big style=\"font-weight: bold;\"><br>Utilisation des informations personnelles<\/big><\/p><p>Cuisivin peut utiliser les Donn\u00e9es Personnelles aux fins suivantes :<\/p><p><strong>Pour fournir et maintenir notre Service<\/strong> , y compris pour surveiller l&#8217;utilisation de notre Service.<\/p><p><strong>Pour g\u00e9rer Votre Compte :<\/strong> pour g\u00e9rer Votre inscription en tant qu&#8217;utilisateur du Service. Les donn\u00e9es personnelles que vous fournissez peuvent vous donner acc\u00e8s \u00e0 diff\u00e9rentes fonctionnalit\u00e9s du service qui sont \u00e0 votre disposition en tant qu&#8217;utilisateur enregistr\u00e9.<\/p><p><strong>Pour l&#8217;ex\u00e9cution d&#8217;un contrat&nbsp;:<\/strong> l&#8217;\u00e9laboration, la conformit\u00e9 et la r\u00e9alisation du contrat d&#8217;achat des produits, articles ou services que vous avez achet\u00e9s ou de tout autre contrat avec nous par le biais du service.<\/p><p><strong>Pour vous contacter&nbsp;:<\/strong> pour vous contacter par e-mail, appels t\u00e9l\u00e9phoniques, SMS ou autres formes \u00e9quivalentes de communication \u00e9lectronique, telles que les notifications push d&#8217;une application mobile concernant les mises \u00e0 jour ou les communications informatives relatives aux fonctionnalit\u00e9s, produits ou services sous contrat, y compris les mises \u00e0 jour de s\u00e9curit\u00e9, lorsque cela est n\u00e9cessaire ou raisonnable pour leur mise en \u0153uvre.<\/p><p><strong>Pour vous fournir<\/strong> des actualit\u00e9s, des offres sp\u00e9ciales et des informations g\u00e9n\u00e9rales sur d&#8217;autres biens, services et \u00e9v\u00e9nements que nous proposons et qui sont similaires \u00e0 ceux que vous avez d\u00e9j\u00e0 achet\u00e9s ou demand\u00e9s, sauf si vous avez choisi de ne pas recevoir ces informations.<\/p><p><strong>Pour g\u00e9rer vos demandes&nbsp;:<\/strong> pour assister et g\u00e9rer vos demandes que vous nous adressez.<\/p><p><strong>Nous pouvons partager vos informations personnelles dans les situations suivantes :<\/strong><\/p><p><strong>Avec les fournisseurs de services&nbsp;:<\/strong> nous pouvons partager vos informations personnelles avec des fournisseurs de services pour surveiller et analyser l&#8217;utilisation de notre service, pour vous faire de la publicit\u00e9 sur des sites Web tiers apr\u00e8s que vous avez visit\u00e9 notre service, pour le traitement des paiements, pour vous contacter.<\/p><p><strong>Pour les transferts d&#8217;entreprise&nbsp;:<\/strong> nous pouvons partager ou transf\u00e9rer vos informations personnelles dans le cadre de, ou pendant les n\u00e9gociations de, toute fusion, vente d&#8217;actifs de la soci\u00e9t\u00e9, financement ou acquisition de tout ou partie de notre entreprise \u00e0 une autre soci\u00e9t\u00e9.<\/p><p><strong>Avec les affili\u00e9s&nbsp;:<\/strong> nous pouvons partager vos informations avec nos affili\u00e9s, auquel cas nous exigerons de ces affili\u00e9s qu&#8217;ils respectent la pr\u00e9sente politique de confidentialit\u00e9. Les soci\u00e9t\u00e9s affili\u00e9es incluent notre soci\u00e9t\u00e9 m\u00e8re et toutes autres filiales, partenaires de coentreprise ou autres soci\u00e9t\u00e9s que nous contr\u00f4lons ou qui sont sous contr\u00f4le commun avec nous.<\/p><p><strong>Avec des partenaires commerciaux&nbsp;:<\/strong> nous pouvons partager vos informations avec nos partenaires commerciaux pour vous proposer certains produits, services ou promotions.<\/p><p><strong>Forces de l&#8217;ordre:<\/strong><br>Dans certaines circonstances, Cuisivin peut \u00eatre tenue de divulguer vos donn\u00e9es personnelles si la loi l&#8217;exige ou en r\u00e9ponse \u00e0 des demandes valables d&#8217;autorit\u00e9s publiques (par exemple, un tribunal ou une agence gouvernementale).<\/p><p><strong>Autres exigences l\u00e9gales<\/strong><br>Cuisivin peut divulguer vos donn\u00e9es personnelles en croyant de bonne foi qu&#8217;une telle action est n\u00e9cessaire pour&nbsp;:<br>Respecter une obligation l\u00e9gale<br>Prot\u00e9ger et d\u00e9fendre les droits ou la propri\u00e9t\u00e9 de Cuisivin<br>Pr\u00e9venir ou enqu\u00eater sur d&#8217;\u00e9ventuels actes r\u00e9pr\u00e9hensibles en rapport avec le Service<br>Prot\u00e9ger la s\u00e9curit\u00e9 personnelle des Utilisateurs du Service ou du public<br>Prot\u00e9gez-vous contre la responsabilit\u00e9 l\u00e9gale<\/p><p>Cuisivin ne partage ni ne vend sa liste d&#8217;abonn\u00e9s. Si vous ne souhaitez plus \u00eatre sur une liste de newsletters, vous pouvez vous d\u00e9sabonner en cliquant sur le lien de d\u00e9sabonnement situ\u00e9 vers le bas du message. Si vous rencontrez des difficult\u00e9s pour vous d\u00e9sabonner de notre liste de diffusion, vous pouvez nous contacter directement.<\/p><p><strong>D\u00e9sactivation du marketing par e-mail&nbsp;:<\/strong><br>Cuisivin<br>880 Cour Cranberry,<br>Oakville, ON L6L 6J7, Canada<br>T\u00e9l : 1-877-AGE.WINE (243.9463)<\/p>\t\t\t\t\t\t\t\t<\/div>\n\t\t\t\t<\/div>\n\t\t\t\t\t<\/div>\n\t\t<\/div>\n\t\t\t\t\t<\/div>\n\t\t<\/section>\n\t\t\t\t<section class=\"wd-negative-gap elementor-section elementor-top-section elementor-element elementor-element-7578ba4 elementor-section-boxed elementor-section-height-default elementor-section-height-default\" data-id=\"7578ba4\" data-element_type=\"section\" data-e-type=\"section\">\n\t\t\t\t\t\t<div class=\"elementor-container elementor-column-gap-default\">\n\t\t\t\t\t<div class=\"elementor-column elementor-col-100 elementor-top-column elementor-element elementor-element-5a92101\" data-id=\"5a92101\" data-element_type=\"column\" data-e-type=\"column\">\n\t\t\t<div class=\"elementor-widget-wrap elementor-element-populated\">\n\t\t\t\t\t\t<div class=\"elementor-element elementor-element-2b69790 color-scheme-inherit text-left elementor-widget elementor-widget-text-editor\" data-id=\"2b69790\" data-element_type=\"widget\" data-e-type=\"widget\" data-widget_type=\"text-editor.default\">\n\t\t\t\t<div class=\"elementor-widget-container\">\n\t\t\t\t\t\t\t\t\t<p><big style=\"font-weight: bold;\"><br>S\u00e9curit\u00e9 des informations<\/big><\/p><p>Nous prenons toutes les questions concernant la s\u00e9curit\u00e9 des informations, y compris, mais sans s&#8217;y limiter, toute information personnelle, priv\u00e9e ou de paiement qui nous est communiqu\u00e9e en ligne de votre propre gr\u00e9. Un logiciel de cryptage SSL est utilis\u00e9 lors de la r\u00e9ception et\/ou du transfert des paiements effectu\u00e9s en ligne.<\/p><p>Notez que, pour votre s\u00e9curit\u00e9, aucune information sur les cartes de cr\u00e9dit n&#8217;est conserv\u00e9e sur les serveurs utilis\u00e9s par Cuisivin. Notre processeur de carte de cr\u00e9dit utilise un logiciel sp\u00e9cial de protection des donn\u00e9es de tokenisation pour toutes les donn\u00e9es de carte de cr\u00e9dit re\u00e7ues et trait\u00e9es.<\/p><p>Bien que nous nous efforcions de prot\u00e9ger vos informations personnelles, aucun m\u00e9canisme de s\u00e9curit\u00e9 n&#8217;est parfait et vous devez \u00eatre conscient que vous transmettez des informations \u00e0 vos risques et p\u00e9rils, car nous ne pouvons garantir la s\u00e9curit\u00e9 des transmissions. Les renseignements personnels transmis \u00e0 Cuisivin pourront \u00eatre divulgu\u00e9s sans faute de la part de Cuisivin et sans votre consentement. Cuisivin d\u00e9cline toute responsabilit\u00e9 quant aux informations confidentielles transmises.<\/p><p><big style=\"font-weight: bold;\"><br>Enfants<\/big><\/p><p>Nos produits et services ne sont pas con\u00e7us pour et ne sont pas commercialis\u00e9s pour les enfants (moins de 13 ans). Vous n&#8217;\u00eates en aucun cas autoris\u00e9 \u00e0 utiliser nos services et nous demandons aux mineurs (de moins de 18 ans) de ne pas nous soumettre d&#8217;informations personnelles. Nous ne savons pas collecter ou demander des informations \u00e0 des mineurs. Nous supprimons les informations dont nous apprenons qu&#8217;elles sont collect\u00e9es aupr\u00e8s d&#8217;un mineur sans le consentement parental ou tuteur v\u00e9rifi\u00e9.<\/p><p><big style=\"font-weight: bold;\">Biscuits<\/big><\/p><p>Les cookies sont des identifiants qui sont stock\u00e9s par votre navigateur sur le disque dur de votre ordinateur. Les cookies nous permettent d&#8217;am\u00e9liorer votre exp\u00e9rience d&#8217;achat en vous fournissant des services et des fonctionnalit\u00e9s. Cette technologie ne met pas syst\u00e9matiquement \u00e0 la disposition de Cuisivin des informations personnelles vous concernant. Il est toujours possible de ne plus \u00eatre soumis aux cookies en modifiant la configuration de votre ordinateur.<\/p>\t\t\t\t\t\t\t\t<\/div>\n\t\t\t\t<\/div>\n\t\t\t\t\t<\/div>\n\t\t<\/div>\n\t\t\t\t\t<\/div>\n\t\t<\/section>\n\t\t\t\t<section class=\"wd-negative-gap elementor-section elementor-top-section elementor-element elementor-element-ff7c5e1 elementor-section-boxed elementor-section-height-default elementor-section-height-default\" data-id=\"ff7c5e1\" data-element_type=\"section\" data-e-type=\"section\">\n\t\t\t\t\t\t<div class=\"elementor-container elementor-column-gap-default\">\n\t\t\t\t\t<div class=\"elementor-column elementor-col-100 elementor-top-column elementor-element elementor-element-66b5d78\" data-id=\"66b5d78\" data-element_type=\"column\" data-e-type=\"column\">\n\t\t\t<div class=\"elementor-widget-wrap elementor-element-populated\">\n\t\t\t\t\t\t<div class=\"elementor-element elementor-element-eec1796 color-scheme-inherit text-left elementor-widget elementor-widget-text-editor\" data-id=\"eec1796\" data-element_type=\"widget\" data-e-type=\"widget\" data-widget_type=\"text-editor.default\">\n\t\t\t\t<div class=\"elementor-widget-container\">\n\t\t\t\t\t\t\t\t\t<p><big style=\"font-weight: bold;\">Liens vers d&#8217;autres sites Web<\/big><\/p><p>Le site Web de Cuisivin peut contenir des liens vers d&#8217;autres sites Web. Lorsque vous cliquez sur l&#8217;un de ces liens, vous contactez une autre ressource Internet ou un autre site Web. Cuisivin n&#8217;est pas responsable des pratiques ou du contenu de ces sites Web et vous recommande de v\u00e9rifier la politique de s\u00e9curit\u00e9 et de confidentialit\u00e9 de tout site Web avant de fournir vos renseignements personnels. En fait, aucun autre site Web n&#8217;est couvert par notre politique de confidentialit\u00e9 et de s\u00e9curit\u00e9.<\/p><p><strong>Recommercialisation<\/strong><\/p><p>Cuisivin peut utiliser Google Adwords et d&#8217;autres outils tiers pour \u00e9tablir son Remarketing et promouvoir ses produits, offres sp\u00e9ciales ou services en ligne. Notre site et des fournisseurs tiers, y compris Google, utilisent ensemble des cookies propri\u00e9taires (tels que les cookies Google Analytics et Google Adwords) et des cookies tiers (tels que les cookies AddRoll) pour obtenir des informations et optimiser nos offres en fonction des visites sur notre site Web et des annonces. sur des sites tiers. Ces donn\u00e9es sont utilis\u00e9es pour d\u00e9terminer comment les visiteurs utilisent notre site Web et \u00e9galement pour d\u00e9terminer les pages qu&#8217;ils visitent fr\u00e9quemment. Cela garantit que les informations des utilisateurs qui ont un profil appropri\u00e9 seront utilis\u00e9es par les fonctions de remarketing. Pour emp\u00eacher un site Web d&#8217;utiliser des cookies \u00e0 des fins de remarketing, supprimez simplement les cookies de votre navigateur ou utilisez la fonction de navigation priv\u00e9e.<\/p><p><strong>Mise \u00e0 jour des conditions<\/strong><br>Nous nous r\u00e9servons le droit de modifier cette politique de s\u00e9curit\u00e9 et de confidentialit\u00e9 \u00e0 tout moment, veuillez donc la consulter fr\u00e9quemment. Les modifications et les clarifications entreront en vigueur d\u00e8s leur publication sur le site Web. La nouvelle politique s&#8217;appliquera \u00e0 tous les utilisateurs actuels et pass\u00e9s du site Web de Linen Chest et remplacera toutes les politiques ant\u00e9rieures qui ne sont pas d&#8217;accord.<\/p><p><strong>Contacter<\/strong><br>Pour toute demande de renseignements, vous pouvez contacter notre service client \u00e0 <span style=\"color: #ff0000;\">customerservice@cuisivin.com<\/span><br><span style=\"color: #ff0000;\">ou t\u00e9l\u00e9phonez au 905-847-7836.<\/span><\/p><p>Mise \u00e0 jour : avril 2022<\/p>\t\t\t\t\t\t\t\t<\/div>\n\t\t\t\t<\/div>\n\t\t\t\t\t<\/div>\n\t\t<\/div>\n\t\t\t\t\t<\/div>\n\t\t<\/section>\n\t\t\t\t<\/div>\n\t\t","protected":false},"excerpt":{"rendered":"<p>CONFIDENTIALIT\u00c9 ET S\u00c9CURIT\u00c9 Intimit\u00e9: Toute information que vous fournissez, en tant que client, \u00e0 un repr\u00e9sentant de Cuisivin en personne,<\/p>\n","protected":false},"author":1,"featured_media":0,"parent":0,"menu_order":0,"comment_status":"closed","ping_status":"closed","template":"","meta":{"footnotes":""},"class_list":["post-22308","page","type-page","status-publish","hentry"],"_links":{"self":[{"href":"https:\/\/gocuisivin.com\/fr\/wp-json\/wp\/v2\/pages\/22308","targetHints":{"allow":["GET"]}}],"collection":[{"href":"https:\/\/gocuisivin.com\/fr\/wp-json\/wp\/v2\/pages"}],"about":[{"href":"https:\/\/gocuisivin.com\/fr\/wp-json\/wp\/v2\/types\/page"}],"author":[{"embeddable":true,"href":"https:\/\/gocuisivin.com\/fr\/wp-json\/wp\/v2\/users\/1"}],"replies":[{"embeddable":true,"href":"https:\/\/gocuisivin.com\/fr\/wp-json\/wp\/v2\/comments?post=22308"}],"version-history":[{"count":4,"href":"https:\/\/gocuisivin.com\/fr\/wp-json\/wp\/v2\/pages\/22308\/revisions"}],"predecessor-version":[{"id":22975,"href":"https:\/\/gocuisivin.com\/fr\/wp-json\/wp\/v2\/pages\/22308\/revisions\/22975"}],"wp:attachment":[{"href":"https:\/\/gocuisivin.com\/fr\/wp-json\/wp\/v2\/media?parent=22308"}],"curies":[{"name":"wp","href":"https:\/\/api.w.org\/{rel}","templated":true}]}}