{"id":22294,"date":"2022-06-07T11:58:53","date_gmt":"2022-06-07T11:58:53","guid":{"rendered":"https:\/\/gocuisivin.com\/a-propos-de-nous\/"},"modified":"2022-06-24T09:02:31","modified_gmt":"2022-06-24T09:02:31","slug":"a-propos-de-nous","status":"publish","type":"page","link":"https:\/\/gocuisivin.com\/fr\/a-propos-de-nous\/","title":{"rendered":"\u00c0 propos de nous"},"content":{"rendered":"\t\t<div data-elementor-type=\"wp-page\" data-elementor-id=\"22294\" class=\"elementor elementor-22294 elementor-20904\" data-elementor-post-type=\"page\">\n\t\t\t\t\t\t<section class=\"wd-negative-gap elementor-section elementor-top-section elementor-element elementor-element-2b41d8d elementor-section-boxed elementor-section-height-default elementor-section-height-default\" data-id=\"2b41d8d\" data-element_type=\"section\" data-e-type=\"section\">\n\t\t\t\t\t\t<div class=\"elementor-container elementor-column-gap-default\">\n\t\t\t\t\t<div class=\"elementor-column elementor-col-100 elementor-top-column elementor-element elementor-element-635c22d\" data-id=\"635c22d\" data-element_type=\"column\" data-e-type=\"column\">\n\t\t\t<div class=\"elementor-widget-wrap elementor-element-populated\">\n\t\t\t\t\t\t<div class=\"elementor-element elementor-element-ec863e4 elementor-widget elementor-widget-heading\" data-id=\"ec863e4\" data-element_type=\"widget\" data-e-type=\"widget\" data-widget_type=\"heading.default\">\n\t\t\t\t<div class=\"elementor-widget-container\">\n\t\t\t\t\t<h2 class=\"elementor-heading-title elementor-size-default\">\u00c0 propos de nous<\/h2>\t\t\t\t<\/div>\n\t\t\t\t<\/div>\n\t\t\t\t\t<\/div>\n\t\t<\/div>\n\t\t\t\t\t<\/div>\n\t\t<\/section>\n\t\t\t\t<section class=\"wd-negative-gap elementor-section elementor-top-section elementor-element elementor-element-82ca150 elementor-section-boxed elementor-section-height-default elementor-section-height-default\" data-id=\"82ca150\" data-element_type=\"section\" data-e-type=\"section\">\n\t\t\t\t\t\t<div class=\"elementor-container elementor-column-gap-default\">\n\t\t\t\t\t<div class=\"elementor-column elementor-col-100 elementor-top-column elementor-element elementor-element-6c1d95f\" data-id=\"6c1d95f\" data-element_type=\"column\" data-e-type=\"column\">\n\t\t\t<div class=\"elementor-widget-wrap elementor-element-populated\">\n\t\t\t\t\t\t<div class=\"elementor-element elementor-element-101f85c color-scheme-inherit text-left elementor-widget elementor-widget-text-editor\" data-id=\"101f85c\" data-element_type=\"widget\" data-e-type=\"widget\" data-widget_type=\"text-editor.default\">\n\t\t\t\t<div class=\"elementor-widget-container\">\n\t\t\t\t\t\t\t\t\t<p>Notre mission est d&#8217;offrir des produits qui rehaussent votre exp\u00e9rience de la gastronomie et du vin\u2026 ainsi est n\u00e9 notre nom Cuisivin!<\/p><p>Nous sommes fiers d&#8217;offrir une exp\u00e9rience de magasinage organis\u00e9e mettant en valeur nos trouvailles du monde entier\u2026 de la cristallerie europ\u00e9enne raffin\u00e9e aux accessoires de vin et de cuisine distinctifs.<\/p><p>Fi\u00e8rement bas\u00e9e au Canada, au cours des deux derni\u00e8res d\u00e9cennies, Cuisivin est devenue une entreprise dynamique avec une strat\u00e9gie multimarque, distribuant des marques internationales bien \u00e9tablies et prim\u00e9es. Nous nous sommes \u00e9galement d\u00e9velopp\u00e9s pour d\u00e9velopper notre propre gamme d&#8217;accessoires pour le vin et de produits m\u00e9nagers uniques.<\/p><p>Notre croissance continue et notre service d\u00e9vou\u00e9 ont \u00e9t\u00e9 soutenus gr\u00e2ce \u00e0 notre \u00e9quipe engag\u00e9e de fonceurs cr\u00e9atifs et passionn\u00e9s avec le m\u00eame esprit dynamique qui a tout d\u00e9clench\u00e9. Nous vous invitons \u00e0 parcourir notre collection!<\/p>\t\t\t\t\t\t\t\t<\/div>\n\t\t\t\t<\/div>\n\t\t\t\t\t<\/div>\n\t\t<\/div>\n\t\t\t\t\t<\/div>\n\t\t<\/section>\n\t\t\t\t<\/div>\n\t\t","protected":false},"excerpt":{"rendered":"<p>\u00c0 propos de nous Notre mission est d&#8217;offrir des produits qui rehaussent votre exp\u00e9rience de la gastronomie et du vin\u2026<\/p>\n","protected":false},"author":1,"featured_media":0,"parent":0,"menu_order":0,"comment_status":"closed","ping_status":"closed","template":"","meta":{"footnotes":""},"class_list":["post-22294","page","type-page","status-publish","hentry"],"_links":{"self":[{"href":"https:\/\/gocuisivin.com\/fr\/wp-json\/wp\/v2\/pages\/22294","targetHints":{"allow":["GET"]}}],"collection":[{"href":"https:\/\/gocuisivin.com\/fr\/wp-json\/wp\/v2\/pages"}],"about":[{"href":"https:\/\/gocuisivin.com\/fr\/wp-json\/wp\/v2\/types\/page"}],"author":[{"embeddable":true,"href":"https:\/\/gocuisivin.com\/fr\/wp-json\/wp\/v2\/users\/1"}],"replies":[{"embeddable":true,"href":"https:\/\/gocuisivin.com\/fr\/wp-json\/wp\/v2\/comments?post=22294"}],"version-history":[{"count":6,"href":"https:\/\/gocuisivin.com\/fr\/wp-json\/wp\/v2\/pages\/22294\/revisions"}],"predecessor-version":[{"id":23061,"href":"https:\/\/gocuisivin.com\/fr\/wp-json\/wp\/v2\/pages\/22294\/revisions\/23061"}],"wp:attachment":[{"href":"https:\/\/gocuisivin.com\/fr\/wp-json\/wp\/v2\/media?parent=22294"}],"curies":[{"name":"wp","href":"https:\/\/api.w.org\/{rel}","templated":true}]}}